{"id":6300,"date":"2025-12-24T09:12:26","date_gmt":"2025-12-24T15:12:26","guid":{"rendered":"https:\/\/pridewinnipeg.com\/?page_id=6300"},"modified":"2025-12-24T09:22:55","modified_gmt":"2025-12-24T15:22:55","slug":"theme-contest","status":"publish","type":"page","link":"https:\/\/pridewinnipeg.com\/f\/theme-contest\/","title":{"rendered":"Pride Winnipeg Theme Contest"},"content":{"rendered":"<div data-elementor-type=\"wp-page\" data-elementor-id=\"6300\" class=\"elementor elementor-6300\" data-elementor-post-type=\"page\">\n\t\t\t\t\t\t<section class=\"elementor-section elementor-top-section elementor-element elementor-element-800f5bf elementor-section-boxed elementor-section-height-default elementor-section-height-default\" data-id=\"800f5bf\" data-element_type=\"section\" data-e-type=\"section\">\n\t\t\t\t\t\t<div class=\"elementor-container elementor-column-gap-default\">\n\t\t\t\t\t<div class=\"elementor-column elementor-col-100 elementor-top-column elementor-element elementor-element-bd97bfa\" data-id=\"bd97bfa\" data-element_type=\"column\" data-e-type=\"column\">\n\t\t\t<div class=\"elementor-widget-wrap elementor-element-populated\">\n\t\t\t\t\t\t<div class=\"elementor-element elementor-element-cdb2e33 elementor-widget elementor-widget-image\" data-id=\"cdb2e33\" data-element_type=\"widget\" data-e-type=\"widget\" data-widget_type=\"image.default\">\n\t\t\t\t<div class=\"elementor-widget-container\">\n\t\t\t\t\t\t\t\t\t\t\t\t\t\t\t<img decoding=\"async\" src=\"https:\/\/pridewinnipeg.com\/wp-content\/uploads\/2025\/12\/Pride-Theme-contest.jpg\" title=\"\" alt=\"\" loading=\"lazy\" \/>\t\t\t\t\t\t\t\t\t\t\t\t\t\t\t<\/div>\n\t\t\t\t<\/div>\n\t\t\t\t\t<\/div>\n\t\t<\/div>\n\t\t\t\t\t<\/div>\n\t\t<\/section>\n\t\t\t\t<section class=\"elementor-section elementor-top-section elementor-element elementor-element-0ae8dc3 elementor-section-boxed elementor-section-height-default elementor-section-height-default\" data-id=\"0ae8dc3\" data-element_type=\"section\" data-e-type=\"section\">\n\t\t\t\t\t\t<div class=\"elementor-container elementor-column-gap-default\">\n\t\t\t\t\t<div class=\"elementor-column elementor-col-100 elementor-top-column elementor-element elementor-element-36f7ba6\" data-id=\"36f7ba6\" data-element_type=\"column\" data-e-type=\"column\">\n\t\t\t<div class=\"elementor-widget-wrap elementor-element-populated\">\n\t\t\t\t\t\t<div class=\"elementor-element elementor-element-241bb95 elementor-widget elementor-widget-heading\" data-id=\"241bb95\" data-element_type=\"widget\" data-e-type=\"widget\" data-widget_type=\"heading.default\">\n\t\t\t\t<div class=\"elementor-widget-container\">\n\t\t\t\t\t<h2 class=\"elementor-heading-title elementor-size-default\">Pride Winnipeg Theme Contest<\/h2>\t\t\t\t<\/div>\n\t\t\t\t<\/div>\n\t\t\t\t\t<\/div>\n\t\t<\/div>\n\t\t\t\t\t<\/div>\n\t\t<\/section>\n\t\t\t\t<section class=\"elementor-section elementor-top-section elementor-element elementor-element-07cdab4 elementor-section-boxed elementor-section-height-default elementor-section-height-default\" data-id=\"07cdab4\" data-element_type=\"section\" data-e-type=\"section\">\n\t\t\t\t\t\t<div class=\"elementor-container elementor-column-gap-default\">\n\t\t\t\t\t<div class=\"elementor-column elementor-col-100 elementor-top-column elementor-element elementor-element-9b31fd7\" data-id=\"9b31fd7\" data-element_type=\"column\" data-e-type=\"column\">\n\t\t\t<div class=\"elementor-widget-wrap elementor-element-populated\">\n\t\t\t\t\t\t<div class=\"elementor-element elementor-element-d9b5b2c elementor-widget elementor-widget-text-editor\" data-id=\"d9b5b2c\" data-element_type=\"widget\" data-e-type=\"widget\" data-widget_type=\"text-editor.default\">\n\t\t\t\t<div class=\"elementor-widget-container\">\n\t\t\t\t\t\t\t\t\t<h3><strong>Pride Winnipeg \u2013 2026 Theme &amp; Logo Contest Rules<\/strong><\/h3><p>Pride Winnipeg invites community members to help shape the 2026 Pride Winnipeg Festival theme! We\u2019re looking for original logo concepts and the stories behind them \u2014 visuals and messages that celebrate, uplift, challenge, and reflect our diverse 2SLGBTQIA+ community.<\/p><p><strong>How to Enter<br \/><\/strong>Submit the following:<\/p><ol><li><strong> Logo Artwork<\/strong><\/li><\/ol><ul><li>The artwork must be created entirely by the person submitting it.<\/li><li>Provide a high-resolution JPG or EPS file. 1:1 aspect ratio<\/li><li>AI may not be used to create any part of the logo.<\/li><li>Follow the Accessibility guidelines as outlined on\u00a0<a  href=\"https:\/\/pridewinnipeg.com\/f\/?goto=AB8SHBVPHk0cBBEMFBAGBBoEAlYTRwkZHUYWCxAGFhscCA0dHxMBSg\">https:\/\/pridewinnipeg.com\/accessibility\/<\/a><\/li><\/ul><ul><li style=\"list-style-type: none;\"><ul><li>Use high-contrast colours for readability.<\/li><li>If certain elements lack contrast (e.g., yellow on white), improve clarity using shadows, outlines, bolder fonts, or larger elements.<\/li><li>Do not include text in the logo<\/li><\/ul><\/li><\/ul><ol start=\"2\"><li><strong> Written Theme Description<\/strong><\/li><\/ol><ul><li>Include a short explanation of the message, meaning, and story behind your proposed theme and graphic.<\/li><\/ul><p><strong>\u00a0<\/strong><strong>Eligibility<\/strong><\/p><ul><li>Open to everyone.<\/li><li>No age restrictions.<\/li><\/ul><p><strong>\u00a0<\/strong><strong>Selection Process<\/strong><\/p><ol><li>All submissions will be reviewed by the Pride Winnipeg Board.<\/li><li>The Board will select the Top 10 submissions.<\/li><li>These Top 10 will go to a public vote.<\/li><li>Entries will be displayed anonymously during voting (logo + write-up only).<\/li><li>The submission with the most votes becomes the official Pride Winnipeg 2026 Theme.<\/li><\/ol><p><strong>\u00a0<\/strong><strong>Deadline &amp; Prize<\/strong><\/p><ul><li>Entry Deadline: January 31, 2026<\/li><li>Winner\u2019s Honorarium: $500<\/li><\/ul><p><strong>\u00a0Submission Details<\/strong><\/p><p>Email your submission to\u00a0<a  href=\"mailto:marketing@pridewinniepg.com\">marketing@pridewinniepg.com<\/a>\u00a0by January 31, 2026.<br \/><em>*The winning theme and logo will become the sole property of Pride Winnipeg.\u00a0<br \/>&#8212;&#8212;&#8212;&#8212;&#8212;&#8212;&#8212;&#8212;&#8212;&#8212;-<\/em><\/p><h3><strong>R\u00e8gles du concours \u2014 Th\u00e8me et logo pour le festival de la Fiert\u00e9 2026 de Winnipeg<\/strong><\/h3><p>Fiert\u00e9 Winnipeg vous invite \u00e0 faire partie de l\u2019histoire et \u00e0 fa\u00e7onner le th\u00e8me du festival de la Fiert\u00e9 2026 de Winnipeg!\u00a0 Nous voulons des id\u00e9es audacieuses, des logos originaux et les histoires qui les inspirent \u2014 des visuels et des messages qui c\u00e9l\u00e8brent, \u00e9l\u00e8vent, bousculent et refl\u00e8tent la beaut\u00e9 et la diversit\u00e9 de notre communaut\u00e9 2ELGBTQIA+.<\/p><p><strong>Comment participer<br \/><\/strong>Veuillez soumettre les \u00e9l\u00e9ments suivants :<\/p><ol><li><strong> Logo<\/strong><\/li><\/ol><ul><li>Le logo doit \u00eatre enti\u00e8rement cr\u00e9\u00e9 par la personne qui le soumet.<\/li><li>Vous devez fournir un fichier JPG ou EPS en haute r\u00e9solution, format 1:1.<\/li><li>Le logo doit \u00eatre con\u00e7u sans recours \u00e0 des outils d\u2019intelligence artificielle g\u00e9n\u00e9rative.<\/li><li>Vous devez respecter les directives d\u2019accessibilit\u00e9 indiqu\u00e9es sur\u00a0<a  href=\"https:\/\/pridewinnipeg.com\/f\/?goto=AB8SHBVPHk0cBBEMFBAGBBoEAlYTRwkZHUYWCxAGFhscCA0dHxMBSg\">https:\/\/pridewinnipeg.com\/accessibility\/<\/a>\u00a0(en anglais seulement), soit\u00a0:<\/li><\/ul><ul><li style=\"list-style-type: none;\"><ul><li>utiliser des couleurs \u00e0 fort contraste pour assurer la lisibilit\u00e9;<\/li><li>am\u00e9liorer la clart\u00e9 avec des ombres, des contours, des polices plus audacieuses ou des \u00e9l\u00e9ments plus grands si certains \u00e9l\u00e9ments manquent de contraste (par exemple, jaune sur blanc);<\/li><li>ne pas inclure de texte dans le logo.<\/li><\/ul><\/li><\/ul><ol start=\"2\"><li><strong> Th\u00e8me<\/strong><\/li><\/ol><ul><li>Veuillez inclure une courte description qui explique le message, la signification et l\u2019inspiration derri\u00e8re votre th\u00e8me et votre visuel.<\/li><\/ul><p>\u00a0<strong>Admissibilit\u00e9<\/strong><\/p><ul><li>Tout le monde est le bienvenu.<\/li><li>Aucun \u00e2ge minimum ou maximum.<\/li><\/ul><p>\u00a0<strong>Processus de s\u00e9lection<\/strong><\/p><ol><li>Le conseil d\u2019administration de Fiert\u00e9 Winnipeg examine toutes les soumissions.<\/li><li>Les 10 meilleures propositions sont s\u00e9lectionn\u00e9es.<\/li><li>Ces finalistes passent au vote public.<\/li><li>Les logos et descriptions seront affich\u00e9s anonymement pour un vote \u00e9quitable.<\/li><li>La soumission qui r\u00e9colte le plus de votes devient le th\u00e8me officiel du festival de la Fiert\u00e9 2026 de Winnipeg.<\/li><\/ol><p>\u00a0<strong>Date limite et prix<\/strong><\/p><ul><li>La date limite pour soumettre votre logo et votre th\u00e8me est le\u00a031\u00a0janvier\u00a02026.<\/li><li>Le prix pour la personne gagnante est de 500\u00a0$.<\/li><\/ul><p>\u00a0<strong>D\u00e9tails de la soumission<\/strong><\/p><p>Veuillez envoyer votre soumission par courriel \u00e0\u00a0<a  href=\"mailto:marketing@pridewinnipeg.com\">marketing@pridewinnipeg.com<\/a>\u00a0avant le\u00a031\u00a0janvier\u00a02026.<br \/><em>*Le th\u00e8me et le logo gagnants deviendront la propri\u00e9t\u00e9 exclusive de Fiert\u00e9 Winnipeg.<\/em><\/p>\t\t\t\t\t\t\t\t<\/div>\n\t\t\t\t<\/div>\n\t\t\t\t\t<\/div>\n\t\t<\/div>\n\t\t\t\t\t<\/div>\n\t\t<\/section>\n\t\t\t\t<\/div>","protected":false},"excerpt":{"rendered":"<p>Pride Winnipeg Theme Contest Pride Winnipeg \u2013 2026 Theme &amp; Logo Contest Rules Pride Winnipeg invites community members to help shape the 2026 Pride Winnipeg&hellip;<\/p>","protected":false},"author":1,"featured_media":0,"parent":0,"menu_order":0,"comment_status":"closed","ping_status":"closed","template":"","meta":{"_exactmetrics_skip_tracking":false,"_exactmetrics_sitenote_active":false,"_exactmetrics_sitenote_note":"","_exactmetrics_sitenote_category":0,"footnotes":""},"class_list":["post-6300","page","type-page","status-publish","hentry"],"_links":{"self":[{"href":"https:\/\/pridewinnipeg.com\/f\/wp-json\/wp\/v2\/pages\/6300","targetHints":{"allow":["GET"]}}],"collection":[{"href":"https:\/\/pridewinnipeg.com\/f\/wp-json\/wp\/v2\/pages"}],"about":[{"href":"https:\/\/pridewinnipeg.com\/f\/wp-json\/wp\/v2\/types\/page"}],"author":[{"embeddable":true,"href":"https:\/\/pridewinnipeg.com\/f\/wp-json\/wp\/v2\/users\/1"}],"replies":[{"embeddable":true,"href":"https:\/\/pridewinnipeg.com\/f\/wp-json\/wp\/v2\/comments?post=6300"}],"version-history":[{"count":5,"href":"https:\/\/pridewinnipeg.com\/f\/wp-json\/wp\/v2\/pages\/6300\/revisions"}],"predecessor-version":[{"id":6307,"href":"https:\/\/pridewinnipeg.com\/f\/wp-json\/wp\/v2\/pages\/6300\/revisions\/6307"}],"wp:attachment":[{"href":"https:\/\/pridewinnipeg.com\/f\/wp-json\/wp\/v2\/media?parent=6300"}],"curies":[{"name":"wp","href":"https:\/\/api.w.org\/{rel}","templated":true}]}}