{"id":1745,"date":"2021-05-29T16:19:55","date_gmt":"2021-05-29T16:19:55","guid":{"rendered":"https:\/\/pridewinnipeg.com\/?page_id=1745"},"modified":"2026-01-12T18:02:46","modified_gmt":"2026-01-13T00:02:46","slug":"pride-season-volunteers","status":"publish","type":"page","link":"https:\/\/pridewinnipeg.com\/f\/volunteer\/pride-season-volunteers\/","title":{"rendered":"B\u00e9n\u00e9volat au festival"},"content":{"rendered":"<div data-elementor-type=\"wp-page\" data-elementor-id=\"1745\" class=\"elementor elementor-1745\" data-elementor-post-type=\"page\">\n\t\t\t\t\t\t<section class=\"elementor-section elementor-top-section elementor-element elementor-element-ca6377c elementor-section-boxed elementor-section-height-default elementor-section-height-default\" data-id=\"ca6377c\" data-element_type=\"section\" data-e-type=\"section\">\n\t\t\t\t\t\t<div class=\"elementor-container elementor-column-gap-default\">\n\t\t\t\t\t<div class=\"elementor-column elementor-col-100 elementor-top-column elementor-element elementor-element-7f61f3e\" data-id=\"7f61f3e\" data-element_type=\"column\" data-e-type=\"column\">\n\t\t\t<div class=\"elementor-widget-wrap elementor-element-populated\">\n\t\t\t\t\t\t<div class=\"elementor-element elementor-element-fb01029 elementor-hidden-phone elementor-widget elementor-widget-image\" data-id=\"fb01029\" data-element_type=\"widget\" data-e-type=\"widget\" data-widget_type=\"image.default\">\n\t\t\t\t<div class=\"elementor-widget-container\">\n\t\t\t\t\t\t\t\t\t\t\t\t\t\t\t<img fetchpriority=\"high\" decoding=\"async\" width=\"1520\" height=\"440\" src=\"https:\/\/pridewinnipeg.com\/wp-content\/uploads\/2021\/06\/Banner-2-1.png\" class=\"attachment-full size-full wp-image-2026\" alt=\"Two people at the Pride Parade. Blue gradient and spectrum are applied behind them\" srcset=\"https:\/\/pridewinnipeg.com\/wp-content\/uploads\/2021\/06\/Banner-2-1.png 1520w, https:\/\/pridewinnipeg.com\/wp-content\/uploads\/2021\/06\/Banner-2-1-300x87.png 300w, https:\/\/pridewinnipeg.com\/wp-content\/uploads\/2021\/06\/Banner-2-1-1024x296.png 1024w, https:\/\/pridewinnipeg.com\/wp-content\/uploads\/2021\/06\/Banner-2-1-768x222.png 768w, https:\/\/pridewinnipeg.com\/wp-content\/uploads\/2021\/06\/Banner-2-1-16x5.png 16w\" sizes=\"(max-width: 1520px) 100vw, 1520px\" \/>\t\t\t\t\t\t\t\t\t\t\t\t\t\t\t<\/div>\n\t\t\t\t<\/div>\n\t\t\t\t<div class=\"elementor-element elementor-element-0b5763a elementor-hidden-desktop elementor-hidden-tablet elementor-widget elementor-widget-image\" data-id=\"0b5763a\" data-element_type=\"widget\" data-e-type=\"widget\" data-widget_type=\"image.default\">\n\t\t\t\t<div class=\"elementor-widget-container\">\n\t\t\t\t\t\t\t\t\t\t\t\t\t\t\t<img decoding=\"async\" width=\"1383\" height=\"790\" src=\"https:\/\/pridewinnipeg.com\/wp-content\/uploads\/2021\/07\/Banner-3.1.png\" class=\"attachment-full size-full wp-image-3066\" alt=\"\" srcset=\"https:\/\/pridewinnipeg.com\/wp-content\/uploads\/2021\/07\/Banner-3.1.png 1383w, https:\/\/pridewinnipeg.com\/wp-content\/uploads\/2021\/07\/Banner-3.1-300x171.png 300w, https:\/\/pridewinnipeg.com\/wp-content\/uploads\/2021\/07\/Banner-3.1-1024x585.png 1024w, https:\/\/pridewinnipeg.com\/wp-content\/uploads\/2021\/07\/Banner-3.1-768x439.png 768w, https:\/\/pridewinnipeg.com\/wp-content\/uploads\/2021\/07\/Banner-3.1-16x9.png 16w\" sizes=\"(max-width: 1383px) 100vw, 1383px\" \/>\t\t\t\t\t\t\t\t\t\t\t\t\t\t\t<\/div>\n\t\t\t\t<\/div>\n\t\t\t\t<div class=\"elementor-element elementor-element-146a592 elementor-widget elementor-widget-heading\" data-id=\"146a592\" data-element_type=\"widget\" data-e-type=\"widget\" data-widget_type=\"heading.default\">\n\t\t\t\t<div class=\"elementor-widget-container\">\n\t\t\t\t\t<h1 class=\"elementor-heading-title elementor-size-default\">B\u00e9n\u00e9volat pendant la saison de la Fiert\u00e9<\/h1>\t\t\t\t<\/div>\n\t\t\t\t<\/div>\n\t\t\t\t<div class=\"elementor-element elementor-element-7fc6d11 elementor-widget elementor-widget-heading\" data-id=\"7fc6d11\" data-element_type=\"widget\" data-e-type=\"widget\" data-widget_type=\"heading.default\">\n\t\t\t\t<div class=\"elementor-widget-container\">\n\t\t\t\t\t<h1 class=\"elementor-heading-title elementor-size-default\">\u2013<\/h1>\t\t\t\t<\/div>\n\t\t\t\t<\/div>\n\t\t\t\t<div class=\"elementor-element elementor-element-d397127 elementor-widget elementor-widget-text-editor\" data-id=\"d397127\" data-element_type=\"widget\" data-e-type=\"widget\" data-widget_type=\"text-editor.default\">\n\t\t\t\t<div class=\"elementor-widget-container\">\n\t\t\t\t\t\t\t\t\t\u00c0 Fiert\u00e9 Winnipeg, nous c\u00e9l\u00e9brons la diversit\u00e9 et la s\u00e9curit\u00e9 au sein de nos communaut\u00e9s. Le festival ne conna\u00eet du succ\u00e8s que gr\u00e2ce \u00e0 l'appui de nombreux b\u00e9n\u00e9voles d\u00e9vou\u00e9s qui donnent de leur temps et de leur \u00e9nergie chaque ann\u00e9e.\t\t\t\t\t\t\t\t<\/div>\n\t\t\t\t<\/div>\n\t\t\t\t\t<\/div>\n\t\t<\/div>\n\t\t\t\t\t<\/div>\n\t\t<\/section>\n\t\t\t\t<section class=\"elementor-section elementor-top-section elementor-element elementor-element-303b083 elementor-section-boxed elementor-section-height-default elementor-section-height-default\" data-id=\"303b083\" data-element_type=\"section\" data-e-type=\"section\">\n\t\t\t\t\t\t<div class=\"elementor-container elementor-column-gap-default\">\n\t\t\t\t\t<div class=\"elementor-column elementor-col-100 elementor-top-column elementor-element elementor-element-b3eb40e\" data-id=\"b3eb40e\" data-element_type=\"column\" data-e-type=\"column\">\n\t\t\t<div class=\"elementor-widget-wrap elementor-element-populated\">\n\t\t\t\t\t\t<div class=\"elementor-element elementor-element-f767933 elementor-widget elementor-widget-spacer\" data-id=\"f767933\" data-element_type=\"widget\" data-e-type=\"widget\" data-widget_type=\"spacer.default\">\n\t\t\t\t<div class=\"elementor-widget-container\">\n\t\t\t\t\t\t\t<div class=\"elementor-spacer\">\n\t\t\t<div class=\"elementor-spacer-inner\"><\/div>\n\t\t<\/div>\n\t\t\t\t\t\t<\/div>\n\t\t\t\t<\/div>\n\t\t\t\t<div class=\"elementor-element elementor-element-2e17bc3 elementor-widget elementor-widget-heading\" data-id=\"2e17bc3\" data-element_type=\"widget\" data-e-type=\"widget\" data-widget_type=\"heading.default\">\n\t\t\t\t<div class=\"elementor-widget-container\">\n\t\t\t\t\t<h2 class=\"elementor-heading-title elementor-size-default\">QUE PUIS-JE EN RETIRER?<\/h2>\t\t\t\t<\/div>\n\t\t\t\t<\/div>\n\t\t\t\t<div class=\"elementor-element elementor-element-2b0eb01 elementor-widget elementor-widget-text-editor\" data-id=\"2b0eb01\" data-element_type=\"widget\" data-e-type=\"widget\" data-widget_type=\"text-editor.default\">\n\t\t\t\t<div class=\"elementor-widget-container\">\n\t\t\t\t\t\t\t\t\tLes gens choisissent de faire du b\u00e9n\u00e9volat pour diverses raisons. Pour certains, cela leur donne l'occasion de redonner quelque chose \u00e0 la communaut\u00e9 ou d\u2019apporter un changement dans la vie de ceux et celles qui les entourent. Pour d'autres, cela leur donne l'occasion d'acqu\u00e9rir de nouvelles comp\u00e9tences ou de s'appuyer sur leur exp\u00e9rience et leurs connaissances existantes.\t\t\t\t\t\t\t\t<\/div>\n\t\t\t\t<\/div>\n\t\t\t\t<section class=\"elementor-section elementor-inner-section elementor-element elementor-element-9d5b723 elementor-section-boxed elementor-section-height-default elementor-section-height-default\" data-id=\"9d5b723\" data-element_type=\"section\" data-e-type=\"section\">\n\t\t\t\t\t\t<div class=\"elementor-container elementor-column-gap-default\">\n\t\t\t\t\t<div class=\"elementor-column elementor-col-25 elementor-inner-column elementor-element elementor-element-3d0d522\" data-id=\"3d0d522\" data-element_type=\"column\" data-e-type=\"column\">\n\t\t\t<div class=\"elementor-widget-wrap elementor-element-populated\">\n\t\t\t\t\t\t<div class=\"elementor-element elementor-element-c646198 elementor-view-default elementor-widget elementor-widget-icon\" data-id=\"c646198\" data-element_type=\"widget\" data-e-type=\"widget\" data-widget_type=\"icon.default\">\n\t\t\t\t<div class=\"elementor-widget-container\">\n\t\t\t\t\t\t\t<div class=\"elementor-icon-wrapper\">\n\t\t\t<div class=\"elementor-icon\">\n\t\t\t<i aria-hidden=\"true\" class=\"fas fa-people-arrows\"><\/i>\t\t\t<\/div>\n\t\t<\/div>\n\t\t\t\t\t\t<\/div>\n\t\t\t\t<\/div>\n\t\t\t\t<div class=\"elementor-element elementor-element-f09ed08 elementor-widget elementor-widget-text-editor\" data-id=\"f09ed08\" data-element_type=\"widget\" data-e-type=\"widget\" data-widget_type=\"text-editor.default\">\n\t\t\t\t<div class=\"elementor-widget-container\">\n\t\t\t\t\t\t\t\t\t<p><strong>Faites partie d'une \u00e9quipe qui s'engage \u00e0 mettre sur pied un grand festival.<\/strong><\/p>\t\t\t\t\t\t\t\t<\/div>\n\t\t\t\t<\/div>\n\t\t\t\t\t<\/div>\n\t\t<\/div>\n\t\t\t\t<div class=\"elementor-column elementor-col-25 elementor-inner-column elementor-element elementor-element-5c7ed6e\" data-id=\"5c7ed6e\" data-element_type=\"column\" data-e-type=\"column\">\n\t\t\t<div class=\"elementor-widget-wrap elementor-element-populated\">\n\t\t\t\t\t\t<div class=\"elementor-element elementor-element-e31d8cc elementor-view-default elementor-widget elementor-widget-icon\" data-id=\"e31d8cc\" data-element_type=\"widget\" data-e-type=\"widget\" data-widget_type=\"icon.default\">\n\t\t\t\t<div class=\"elementor-widget-container\">\n\t\t\t\t\t\t\t<div class=\"elementor-icon-wrapper\">\n\t\t\t<div class=\"elementor-icon\">\n\t\t\t<i aria-hidden=\"true\" class=\"fas fa-hand-holding-heart\"><\/i>\t\t\t<\/div>\n\t\t<\/div>\n\t\t\t\t\t\t<\/div>\n\t\t\t\t<\/div>\n\t\t\t\t<div class=\"elementor-element elementor-element-64ac55b elementor-widget elementor-widget-text-editor\" data-id=\"64ac55b\" data-element_type=\"widget\" data-e-type=\"widget\" data-widget_type=\"text-editor.default\">\n\t\t\t\t<div class=\"elementor-widget-container\">\n\t\t\t\t\t\t\t\t\t<p><strong>Cr\u00e9ez des liens et appuyez votre communaut\u00e9.<\/strong><\/p>\t\t\t\t\t\t\t\t<\/div>\n\t\t\t\t<\/div>\n\t\t\t\t\t<\/div>\n\t\t<\/div>\n\t\t\t\t<div class=\"elementor-column elementor-col-25 elementor-inner-column elementor-element elementor-element-c38879e\" data-id=\"c38879e\" data-element_type=\"column\" data-e-type=\"column\">\n\t\t\t<div class=\"elementor-widget-wrap elementor-element-populated\">\n\t\t\t\t\t\t<div class=\"elementor-element elementor-element-0dbea16 elementor-view-default elementor-widget elementor-widget-icon\" data-id=\"0dbea16\" data-element_type=\"widget\" data-e-type=\"widget\" data-widget_type=\"icon.default\">\n\t\t\t\t<div class=\"elementor-widget-container\">\n\t\t\t\t\t\t\t<div class=\"elementor-icon-wrapper\">\n\t\t\t<div class=\"elementor-icon\">\n\t\t\t<i aria-hidden=\"true\" class=\"fas fa-user-check\"><\/i>\t\t\t<\/div>\n\t\t<\/div>\n\t\t\t\t\t\t<\/div>\n\t\t\t\t<\/div>\n\t\t\t\t<div class=\"elementor-element elementor-element-c4fc6c1 elementor-widget elementor-widget-text-editor\" data-id=\"c4fc6c1\" data-element_type=\"widget\" data-e-type=\"widget\" data-widget_type=\"text-editor.default\">\n\t\t\t\t<div class=\"elementor-widget-container\">\n\t\t\t\t\t\t\t\t\t<p><strong>Vivez une exp\u00e9rience de b\u00e9n\u00e9volat enrichissante.<\/strong><\/p>\t\t\t\t\t\t\t\t<\/div>\n\t\t\t\t<\/div>\n\t\t\t\t\t<\/div>\n\t\t<\/div>\n\t\t\t\t<div class=\"elementor-column elementor-col-25 elementor-inner-column elementor-element elementor-element-a353c53\" data-id=\"a353c53\" data-element_type=\"column\" data-e-type=\"column\">\n\t\t\t<div class=\"elementor-widget-wrap elementor-element-populated\">\n\t\t\t\t\t\t<div class=\"elementor-element elementor-element-617dca4 elementor-view-default elementor-widget elementor-widget-icon\" data-id=\"617dca4\" data-element_type=\"widget\" data-e-type=\"widget\" data-widget_type=\"icon.default\">\n\t\t\t\t<div class=\"elementor-widget-container\">\n\t\t\t\t\t\t\t<div class=\"elementor-icon-wrapper\">\n\t\t\t<div class=\"elementor-icon\">\n\t\t\t<i aria-hidden=\"true\" class=\"fas fa-comment\"><\/i>\t\t\t<\/div>\n\t\t<\/div>\n\t\t\t\t\t\t<\/div>\n\t\t\t\t<\/div>\n\t\t\t\t<div class=\"elementor-element elementor-element-04a50b8 elementor-widget elementor-widget-text-editor\" data-id=\"04a50b8\" data-element_type=\"widget\" data-e-type=\"widget\" data-widget_type=\"text-editor.default\">\n\t\t\t\t<div class=\"elementor-widget-container\">\n\t\t\t\t\t\t\t\t\t<p><strong>Apprenez et d\u00e9velopperez de nouvelles comp\u00e9tences.<\/strong><\/p>\t\t\t\t\t\t\t\t<\/div>\n\t\t\t\t<\/div>\n\t\t\t\t\t<\/div>\n\t\t<\/div>\n\t\t\t\t\t<\/div>\n\t\t<\/section>\n\t\t\t\t\t<\/div>\n\t\t<\/div>\n\t\t\t\t\t<\/div>\n\t\t<\/section>\n\t\t\t\t<section class=\"elementor-section elementor-top-section elementor-element elementor-element-1fedc77 elementor-section-boxed elementor-section-height-default elementor-section-height-default\" data-id=\"1fedc77\" data-element_type=\"section\" data-e-type=\"section\">\n\t\t\t\t\t\t<div class=\"elementor-container elementor-column-gap-default\">\n\t\t\t\t\t<div class=\"elementor-column elementor-col-100 elementor-top-column elementor-element elementor-element-95efe2f\" data-id=\"95efe2f\" data-element_type=\"column\" data-e-type=\"column\">\n\t\t\t<div class=\"elementor-widget-wrap elementor-element-populated\">\n\t\t\t\t\t\t<div class=\"elementor-element elementor-element-3271956 elementor-widget elementor-widget-spacer\" data-id=\"3271956\" data-element_type=\"widget\" data-e-type=\"widget\" data-widget_type=\"spacer.default\">\n\t\t\t\t<div class=\"elementor-widget-container\">\n\t\t\t\t\t\t\t<div class=\"elementor-spacer\">\n\t\t\t<div class=\"elementor-spacer-inner\"><\/div>\n\t\t<\/div>\n\t\t\t\t\t\t<\/div>\n\t\t\t\t<\/div>\n\t\t\t\t<div class=\"elementor-element elementor-element-50623fc elementor-widget elementor-widget-heading\" data-id=\"50623fc\" data-element_type=\"widget\" data-e-type=\"widget\" data-widget_type=\"heading.default\">\n\t\t\t\t<div class=\"elementor-widget-container\">\n\t\t\t\t\t<h2 class=\"elementor-heading-title elementor-size-default\">INT\u00c9RESS\u00c9\u00b7E \u00c0 FAIRE DU B\u00c9N\u00c9VOLAT?<\/h2>\t\t\t\t<\/div>\n\t\t\t\t<\/div>\n\t\t\t\t<div class=\"elementor-element elementor-element-f43fbe2 elementor-widget elementor-widget-text-editor\" data-id=\"f43fbe2\" data-element_type=\"widget\" data-e-type=\"widget\" data-widget_type=\"text-editor.default\">\n\t\t\t\t<div class=\"elementor-widget-container\">\n\t\t\t\t\t\t\t\t\t<p>If you are interested in volunteering, please complete the volunteer form by clicking the link below<\/p>\t\t\t\t\t\t\t\t<\/div>\n\t\t\t\t<\/div>\n\t\t\t\t<div class=\"elementor-element elementor-element-f21448e elementor-widget elementor-widget-button\" data-id=\"f21448e\" data-element_type=\"widget\" data-e-type=\"widget\" data-widget_type=\"button.default\">\n\t\t\t\t<div class=\"elementor-widget-container\">\n\t\t\t\t\t\t\t\t\t<div class=\"elementor-button-wrapper\">\n\t\t\t\t\t<a class=\"elementor-button elementor-button-link elementor-size-sm\"  href=\"https:\/\/pridewinnipeg.com\/f\/?goto=AB8SHBVPHk0cBBEMFBAGBBoEAlYTRw0XHAgPERcKAgEBCwhfFQgVShAcChZEFhtAUQ8AGAJVSA\">\n\t\t\t\t\t\t<span class=\"elementor-button-content-wrapper\">\n\t\t\t\t\t\t\t\t\t<span class=\"elementor-button-text\">Volunteer WIth Pride<\/span>\n\t\t\t\t\t<\/span>\n\t\t\t\t\t<\/a>\n\t\t\t\t<\/div>\n\t\t\t\t\t\t\t\t<\/div>\n\t\t\t\t<\/div>\n\t\t\t\t\t<\/div>\n\t\t<\/div>\n\t\t\t\t\t<\/div>\n\t\t<\/section>\n\t\t\t\t<section class=\"elementor-section elementor-top-section elementor-element elementor-element-bd2016a elementor-section-boxed elementor-section-height-default elementor-section-height-default\" data-id=\"bd2016a\" data-element_type=\"section\" data-e-type=\"section\">\n\t\t\t\t\t\t<div class=\"elementor-container elementor-column-gap-default\">\n\t\t\t\t\t<div class=\"elementor-column elementor-col-100 elementor-top-column elementor-element elementor-element-7d01537\" data-id=\"7d01537\" data-element_type=\"column\" data-e-type=\"column\">\n\t\t\t<div class=\"elementor-widget-wrap elementor-element-populated\">\n\t\t\t\t\t\t<div class=\"elementor-element elementor-element-1c90d5b elementor-widget elementor-widget-spacer\" data-id=\"1c90d5b\" data-element_type=\"widget\" data-e-type=\"widget\" data-widget_type=\"spacer.default\">\n\t\t\t\t<div class=\"elementor-widget-container\">\n\t\t\t\t\t\t\t<div class=\"elementor-spacer\">\n\t\t\t<div class=\"elementor-spacer-inner\"><\/div>\n\t\t<\/div>\n\t\t\t\t\t\t<\/div>\n\t\t\t\t<\/div>\n\t\t\t\t<div class=\"elementor-element elementor-element-00fd1b8 content-align-cta-default elementor-widget elementor-widget-eael-cta-box\" data-id=\"00fd1b8\" data-element_type=\"widget\" data-e-type=\"widget\" data-widget_type=\"eael-cta-box.default\">\n\t\t\t\t<div class=\"elementor-widget-container\">\n\t\t\t\t\t\t\t<div class=\"eael-call-to-action cta-basic bg-lite cta-preset-1\">\n        <h2 class=\"title eael-cta-heading\">Volunteer All-year-round<\/h2><p>Interested in being part of the Pride Winnipeg team? Check out our Board Opportunities.<\/p><a  href=\"https:\/\/pridewinnipeg.com\/f\/?goto=AB8SHFxaHhIeHxwNBg4BBB0dF1RaCgUbXx8YBAYNEQ0QGEsTGQYKAUgAHxQEAA5GVwQbEBVC\" class=\"cta-button cta-preset-1\">POUR EN SAVOIR PLUS<\/a>\t<\/div>\n\t\t\t\t\t\t\t\t<\/div>\n\t\t\t\t<\/div>\n\t\t\t\t\t<\/div>\n\t\t<\/div>\n\t\t\t\t\t<\/div>\n\t\t<\/section>\n\t\t\t\t<\/div>","protected":false},"excerpt":{"rendered":"<p>PRIDE SEASON VOLUNTEERS \u2013 At Pride Winnipeg, we celebrate diversity and safe spaces in our communities. The festival is only successful with the support of&hellip;<\/p>","protected":false},"author":1,"featured_media":0,"parent":1575,"menu_order":0,"comment_status":"closed","ping_status":"closed","template":"","meta":{"_exactmetrics_skip_tracking":false,"_exactmetrics_sitenote_active":false,"_exactmetrics_sitenote_note":"","_exactmetrics_sitenote_category":0,"footnotes":""},"class_list":["post-1745","page","type-page","status-publish","hentry"],"_links":{"self":[{"href":"https:\/\/pridewinnipeg.com\/f\/wp-json\/wp\/v2\/pages\/1745","targetHints":{"allow":["GET"]}}],"collection":[{"href":"https:\/\/pridewinnipeg.com\/f\/wp-json\/wp\/v2\/pages"}],"about":[{"href":"https:\/\/pridewinnipeg.com\/f\/wp-json\/wp\/v2\/types\/page"}],"author":[{"embeddable":true,"href":"https:\/\/pridewinnipeg.com\/f\/wp-json\/wp\/v2\/users\/1"}],"replies":[{"embeddable":true,"href":"https:\/\/pridewinnipeg.com\/f\/wp-json\/wp\/v2\/comments?post=1745"}],"version-history":[{"count":61,"href":"https:\/\/pridewinnipeg.com\/f\/wp-json\/wp\/v2\/pages\/1745\/revisions"}],"predecessor-version":[{"id":6354,"href":"https:\/\/pridewinnipeg.com\/f\/wp-json\/wp\/v2\/pages\/1745\/revisions\/6354"}],"up":[{"embeddable":true,"href":"https:\/\/pridewinnipeg.com\/f\/wp-json\/wp\/v2\/pages\/1575"}],"wp:attachment":[{"href":"https:\/\/pridewinnipeg.com\/f\/wp-json\/wp\/v2\/media?parent=1745"}],"curies":[{"name":"wp","href":"https:\/\/api.w.org\/{rel}","templated":true}]}}