{"id":1743,"date":"2021-05-29T16:18:36","date_gmt":"2021-05-29T16:18:36","guid":{"rendered":"https:\/\/pridewinnipeg.com\/?page_id=1743"},"modified":"2026-01-12T18:07:46","modified_gmt":"2026-01-13T00:07:46","slug":"board-opportunities","status":"publish","type":"page","link":"https:\/\/pridewinnipeg.com\/f\/volunteer\/board-opportunities\/","title":{"rendered":"Occasions de b\u00e9n\u00e9volat au sein du conseil d\u2019administration"},"content":{"rendered":"<div data-elementor-type=\"wp-page\" data-elementor-id=\"1743\" class=\"elementor elementor-1743\" data-elementor-post-type=\"page\">\n\t\t\t\t\t\t<section class=\"elementor-section elementor-top-section elementor-element elementor-element-38526ae elementor-section-boxed elementor-section-height-default elementor-section-height-default\" data-id=\"38526ae\" data-element_type=\"section\" data-e-type=\"section\">\n\t\t\t\t\t\t<div class=\"elementor-container elementor-column-gap-default\">\n\t\t\t\t\t<div class=\"elementor-column elementor-col-100 elementor-top-column elementor-element elementor-element-b1c9d58\" data-id=\"b1c9d58\" data-element_type=\"column\" data-e-type=\"column\">\n\t\t\t<div class=\"elementor-widget-wrap elementor-element-populated\">\n\t\t\t\t\t\t<div class=\"elementor-element elementor-element-38e7bb6 elementor-hidden-phone elementor-widget elementor-widget-image\" data-id=\"38e7bb6\" data-element_type=\"widget\" data-e-type=\"widget\" data-widget_type=\"image.default\">\n\t\t\t\t<div class=\"elementor-widget-container\">\n\t\t\t\t\t\t\t\t\t\t\t\t\t\t\t<img fetchpriority=\"high\" decoding=\"async\" width=\"1520\" height=\"440\" src=\"https:\/\/pridewinnipeg.com\/wp-content\/uploads\/2021\/06\/Banner-8.png\" class=\"attachment-full size-full wp-image-2032\" alt=\"Person at the Pride Festival. Blue gradient and spectrum are applied behind them\" srcset=\"https:\/\/pridewinnipeg.com\/wp-content\/uploads\/2021\/06\/Banner-8.png 1520w, https:\/\/pridewinnipeg.com\/wp-content\/uploads\/2021\/06\/Banner-8-300x87.png 300w, https:\/\/pridewinnipeg.com\/wp-content\/uploads\/2021\/06\/Banner-8-1024x296.png 1024w, https:\/\/pridewinnipeg.com\/wp-content\/uploads\/2021\/06\/Banner-8-768x222.png 768w, https:\/\/pridewinnipeg.com\/wp-content\/uploads\/2021\/06\/Banner-8-16x5.png 16w\" sizes=\"(max-width: 1520px) 100vw, 1520px\" \/>\t\t\t\t\t\t\t\t\t\t\t\t\t\t\t<\/div>\n\t\t\t\t<\/div>\n\t\t\t\t<div class=\"elementor-element elementor-element-34cb910 elementor-hidden-desktop elementor-hidden-tablet elementor-widget elementor-widget-image\" data-id=\"34cb910\" data-element_type=\"widget\" data-e-type=\"widget\" data-widget_type=\"image.default\">\n\t\t\t\t<div class=\"elementor-widget-container\">\n\t\t\t\t\t\t\t\t\t\t\t\t\t\t\t<img decoding=\"async\" width=\"1156\" height=\"660\" src=\"https:\/\/pridewinnipeg.com\/wp-content\/uploads\/2021\/07\/Banner-3.6.png\" class=\"attachment-full size-full wp-image-3071\" alt=\"\" srcset=\"https:\/\/pridewinnipeg.com\/wp-content\/uploads\/2021\/07\/Banner-3.6.png 1156w, https:\/\/pridewinnipeg.com\/wp-content\/uploads\/2021\/07\/Banner-3.6-300x171.png 300w, https:\/\/pridewinnipeg.com\/wp-content\/uploads\/2021\/07\/Banner-3.6-1024x585.png 1024w, https:\/\/pridewinnipeg.com\/wp-content\/uploads\/2021\/07\/Banner-3.6-768x438.png 768w, https:\/\/pridewinnipeg.com\/wp-content\/uploads\/2021\/07\/Banner-3.6-16x9.png 16w\" sizes=\"(max-width: 1156px) 100vw, 1156px\" \/>\t\t\t\t\t\t\t\t\t\t\t\t\t\t\t<\/div>\n\t\t\t\t<\/div>\n\t\t\t\t<div class=\"elementor-element elementor-element-c292cb4 elementor-widget elementor-widget-heading\" data-id=\"c292cb4\" data-element_type=\"widget\" data-e-type=\"widget\" data-widget_type=\"heading.default\">\n\t\t\t\t<div class=\"elementor-widget-container\">\n\t\t\t\t\t<h1 class=\"elementor-heading-title elementor-size-default\">OCCASIONS AU SEIN DU CONSEIL D'ADMINISTRATION<\/h1>\t\t\t\t<\/div>\n\t\t\t\t<\/div>\n\t\t\t\t<div class=\"elementor-element elementor-element-c1e695c elementor-widget elementor-widget-heading\" data-id=\"c1e695c\" data-element_type=\"widget\" data-e-type=\"widget\" data-widget_type=\"heading.default\">\n\t\t\t\t<div class=\"elementor-widget-container\">\n\t\t\t\t\t<h1 class=\"elementor-heading-title elementor-size-default\">\u2013<\/h1>\t\t\t\t<\/div>\n\t\t\t\t<\/div>\n\t\t\t\t<div class=\"elementor-element elementor-element-1cd91cd elementor-widget elementor-widget-text-editor\" data-id=\"1cd91cd\" data-element_type=\"widget\" data-e-type=\"widget\" data-widget_type=\"text-editor.default\">\n\t\t\t\t<div class=\"elementor-widget-container\">\n\t\t\t\t\t\t\t\t\t<p>Le conseil d'administration de Fiert\u00e9 Winnipeg a pour mission de servir les membres de la communaut\u00e9 en donnant de leur temps pour planifier, organiser, diriger et cr\u00e9er le festival. Le conseil est compos\u00e9 de dirigeants et de directeurs qui g\u00e8rent une \u00e9quipe de coordonnateurs et de chefs d'\u00e9quipe.<\/p>\t\t\t\t\t\t\t\t<\/div>\n\t\t\t\t<\/div>\n\t\t\t\t<section class=\"elementor-section elementor-inner-section elementor-element elementor-element-c95bfe9 elementor-section-boxed elementor-section-height-default elementor-section-height-default\" data-id=\"c95bfe9\" data-element_type=\"section\" data-e-type=\"section\">\n\t\t\t\t\t\t<div class=\"elementor-container elementor-column-gap-default\">\n\t\t\t\t\t<div class=\"elementor-column elementor-col-50 elementor-inner-column elementor-element elementor-element-493175b\" data-id=\"493175b\" data-element_type=\"column\" data-e-type=\"column\" data-settings=\"{&quot;background_background&quot;:&quot;classic&quot;}\">\n\t\t\t<div class=\"elementor-widget-wrap elementor-element-populated\">\n\t\t\t\t\t\t<div class=\"elementor-element elementor-element-8384a78 elementor-view-default elementor-widget elementor-widget-icon\" data-id=\"8384a78\" data-element_type=\"widget\" data-e-type=\"widget\" data-widget_type=\"icon.default\">\n\t\t\t\t<div class=\"elementor-widget-container\">\n\t\t\t\t\t\t\t<div class=\"elementor-icon-wrapper\">\n\t\t\t<div class=\"elementor-icon\">\n\t\t\t<i aria-hidden=\"true\" class=\"fas fa-briefcase\"><\/i>\t\t\t<\/div>\n\t\t<\/div>\n\t\t\t\t\t\t<\/div>\n\t\t\t\t<\/div>\n\t\t\t\t<div class=\"elementor-element elementor-element-e24fb49 elementor-widget elementor-widget-heading\" data-id=\"e24fb49\" data-element_type=\"widget\" data-e-type=\"widget\" data-widget_type=\"heading.default\">\n\t\t\t\t<div class=\"elementor-widget-container\">\n\t\t\t\t\t<h3 class=\"elementor-heading-title elementor-size-default\">Executive<\/h3>\t\t\t\t<\/div>\n\t\t\t\t<\/div>\n\t\t\t\t<div class=\"elementor-element elementor-element-c88a48c elementor-widget elementor-widget-text-editor\" data-id=\"c88a48c\" data-element_type=\"widget\" data-e-type=\"widget\" data-widget_type=\"text-editor.default\">\n\t\t\t\t<div class=\"elementor-widget-container\">\n\t\t\t\t\t\t\t\t\t<p>\u00a0<\/p><ul><li><a  href=\"https:\/\/pridewinnipeg.com\/wp-content\/uploads\/2025\/12\/Executive-Director-Job-posting-2025.docx.pdf\">Executive Director\u00a0<\/a><br \/>(paid position)<\/li><li>Community Liaison QTBIPOC<\/li><\/ul><p>To apply for one of the listed roles, please email <a  href=\"mailto:bkarlenzig@pridewinnipeg.com\">hr@pridewinnipeg.com<\/a>.<\/p>\t\t\t\t\t\t\t\t<\/div>\n\t\t\t\t<\/div>\n\t\t\t\t\t<\/div>\n\t\t<\/div>\n\t\t\t\t<div class=\"elementor-column elementor-col-50 elementor-inner-column elementor-element elementor-element-af05f34\" data-id=\"af05f34\" data-element_type=\"column\" data-e-type=\"column\" data-settings=\"{&quot;background_background&quot;:&quot;classic&quot;}\">\n\t\t\t<div class=\"elementor-widget-wrap elementor-element-populated\">\n\t\t\t\t\t\t<div class=\"elementor-element elementor-element-34d7d09 elementor-view-default elementor-widget elementor-widget-icon\" data-id=\"34d7d09\" data-element_type=\"widget\" data-e-type=\"widget\" data-widget_type=\"icon.default\">\n\t\t\t\t<div class=\"elementor-widget-container\">\n\t\t\t\t\t\t\t<div class=\"elementor-icon-wrapper\">\n\t\t\t<div class=\"elementor-icon\">\n\t\t\t<i aria-hidden=\"true\" class=\"far fa-user\"><\/i>\t\t\t<\/div>\n\t\t<\/div>\n\t\t\t\t\t\t<\/div>\n\t\t\t\t<\/div>\n\t\t\t\t<div class=\"elementor-element elementor-element-70dccdb elementor-widget elementor-widget-heading\" data-id=\"70dccdb\" data-element_type=\"widget\" data-e-type=\"widget\" data-widget_type=\"heading.default\">\n\t\t\t\t<div class=\"elementor-widget-container\">\n\t\t\t\t\t<h3 class=\"elementor-heading-title elementor-size-default\">Directors <\/h3>\t\t\t\t<\/div>\n\t\t\t\t<\/div>\n\t\t\t\t<div class=\"elementor-element elementor-element-73dd6a0 elementor-widget elementor-widget-text-editor\" data-id=\"73dd6a0\" data-element_type=\"widget\" data-e-type=\"widget\" data-widget_type=\"text-editor.default\">\n\t\t\t\t<div class=\"elementor-widget-container\">\n\t\t\t\t\t\t\t\t\t<ul><li><a  href=\"https:\/\/pridewinnipeg.com\/wp-content\/uploads\/2025\/02\/Director-Safety-Security-Job-Description.docx\">Director, Safety &amp; Security<\/a><\/li><li><a  href=\"https:\/\/pridewinnipeg.com\/wp-content\/uploads\/2025\/09\/Director-Festival-Operations-Job-Description.docx\">Director, Festival Operations<\/a><\/li><\/ul>\t\t\t\t\t\t\t\t<\/div>\n\t\t\t\t<\/div>\n\t\t\t\t\t<\/div>\n\t\t<\/div>\n\t\t\t\t\t<\/div>\n\t\t<\/section>\n\t\t\t\t<section class=\"elementor-section elementor-inner-section elementor-element elementor-element-4a3d711 elementor-section-boxed elementor-section-height-default elementor-section-height-default\" data-id=\"4a3d711\" data-element_type=\"section\" data-e-type=\"section\">\n\t\t\t\t\t\t<div class=\"elementor-container elementor-column-gap-default\">\n\t\t\t\t\t<div class=\"elementor-column elementor-col-50 elementor-inner-column elementor-element elementor-element-4fe9187\" data-id=\"4fe9187\" data-element_type=\"column\" data-e-type=\"column\" data-settings=\"{&quot;background_background&quot;:&quot;classic&quot;}\">\n\t\t\t<div class=\"elementor-widget-wrap elementor-element-populated\">\n\t\t\t\t\t\t<div class=\"elementor-element elementor-element-c4bd254 elementor-view-default elementor-widget elementor-widget-icon\" data-id=\"c4bd254\" data-element_type=\"widget\" data-e-type=\"widget\" data-widget_type=\"icon.default\">\n\t\t\t\t<div class=\"elementor-widget-container\">\n\t\t\t\t\t\t\t<div class=\"elementor-icon-wrapper\">\n\t\t\t<div class=\"elementor-icon\">\n\t\t\t<i aria-hidden=\"true\" class=\"far fa-calendar-check\"><\/i>\t\t\t<\/div>\n\t\t<\/div>\n\t\t\t\t\t\t<\/div>\n\t\t\t\t<\/div>\n\t\t\t\t<div class=\"elementor-element elementor-element-06e1691 elementor-widget elementor-widget-heading\" data-id=\"06e1691\" data-element_type=\"widget\" data-e-type=\"widget\" data-widget_type=\"heading.default\">\n\t\t\t\t<div class=\"elementor-widget-container\">\n\t\t\t\t\t<h3 class=\"elementor-heading-title elementor-size-default\">Coordinators<\/h3>\t\t\t\t<\/div>\n\t\t\t\t<\/div>\n\t\t\t\t<div class=\"elementor-element elementor-element-085eea1 elementor-widget elementor-widget-text-editor\" data-id=\"085eea1\" data-element_type=\"widget\" data-e-type=\"widget\" data-widget_type=\"text-editor.default\">\n\t\t\t\t<div class=\"elementor-widget-container\">\n\t\t\t\t\t\t\t\t\t<ul><li><a  href=\"https:\/\/pridewinnipeg.com\/wp-content\/uploads\/2025\/08\/Sponsorship-Coordinator-Job-Description-2025.pdf\">Sponsorship Coordinator<\/a><\/li><li><a  href=\"https:\/\/pridewinnipeg.com\/wp-content\/uploads\/2025\/01\/Coordinator-Food-and-Beverage-Job-Description.docx-1.pdf\">Food Trucks Coordinator<\/a><\/li><li><a  href=\"https:\/\/pridewinnipeg.com\/wp-content\/uploads\/2025\/08\/Community-Outreach-Coordinator-Job-Description-2025-1.pdf\">Community Outreach Coordinator<\/a><\/li><li><a  href=\"https:\/\/pridewinnipeg.com\/wp-content\/uploads\/2025\/08\/Tech-Coordinator-Job-Description-2025.pdf\">Tech Coordinator<\/a><\/li><li>Pride Mart Coordinator<\/li><li>Rally Coordinator<\/li><li><a  href=\"https:\/\/pridewinnipeg.com\/wp-content\/uploads\/2025\/08\/Main-Stage-Coordinator-Job-Description-2025.pdf\">Main Stage Coordinator<\/a><\/li><li><a  href=\"https:\/\/pridewinnipeg.com\/wp-content\/uploads\/2025\/08\/Coordinator-Marketing-Job-Description-2025.pdf\">Coordonnateur du marketing<\/a><\/li><li>Kids Zone Coordinator\u00a0<\/li><\/ul>\t\t\t\t\t\t\t\t<\/div>\n\t\t\t\t<\/div>\n\t\t\t\t\t<\/div>\n\t\t<\/div>\n\t\t\t\t<div class=\"elementor-column elementor-col-50 elementor-inner-column elementor-element elementor-element-b6c2fa7\" data-id=\"b6c2fa7\" data-element_type=\"column\" data-e-type=\"column\" data-settings=\"{&quot;background_background&quot;:&quot;classic&quot;}\">\n\t\t\t<div class=\"elementor-widget-wrap elementor-element-populated\">\n\t\t\t\t\t\t<div class=\"elementor-element elementor-element-d11585b elementor-widget elementor-widget-text-editor\" data-id=\"d11585b\" data-element_type=\"widget\" data-e-type=\"widget\" data-widget_type=\"text-editor.default\">\n\t\t\t\t<div class=\"elementor-widget-container\">\n\t\t\t\t\t\t\t\t\t<div>\u00a0<\/div><div>\u00a0<\/div><div>\u00a0<\/div><ul><li><a  href=\"https:\/\/pridewinnipeg.com\/wp-content\/uploads\/2025\/08\/Coordinator-Safety-and-Security-Job-Description-2025.pdf\">Coodonnateur\u00b7trice de la s\u00e9curit\u00e9<\/a><\/li><li><a  href=\"https:\/\/pridewinnipeg.com\/wp-content\/uploads\/2025\/08\/Traffic-Control-Coordinator-Job-Description-2025.pdf\">Traffic Control Coordinator<\/a><\/li><li><a  href=\"https:\/\/pridewinnipeg.com\/wp-content\/uploads\/2025\/08\/Health-Coordinator-Job-Description-2025.pdf\">Health Coordinator<\/a><\/li><li><a  href=\"https:\/\/pridewinnipeg.com\/wp-content\/uploads\/2025\/08\/First-Aid-Coordinator-Job-Description-2025.pdf\">First Aid Coordinator<\/a><\/li><li><a  href=\"https:\/\/pridewinnipeg.com\/wp-content\/uploads\/2025\/09\/Grant-Coordinator-Job-Description-2025.docx\">Grant Coordinator<\/a><\/li><li><a  href=\"https:\/\/pridewinnipeg.com\/wp-content\/uploads\/2025\/08\/Training-Coordinator-Job-Description-2025.pdf\">Training Coordinator<\/a><\/li><li><a  href=\"https:\/\/pridewinnipeg.com\/wp-content\/uploads\/2025\/08\/Bylaw-Policy-Coordinator-Job-Descrition.pdf\">Bylaw &amp; Policy Coordinator<\/a><\/li><li>Governance Coordinator<\/li><li><a  href=\"https:\/\/pridewinnipeg.com\/wp-content\/uploads\/2025\/08\/Website-App-Coordinator-Job-Descrition.pdf\">Website &amp; App Coordinator<\/a><\/li><li><a  href=\"https:\/\/pridewinnipeg.com\/wp-content\/uploads\/2025\/08\/Video-Content-Coordinator-Job-Descrition.pdf\">Video Content Coordinator<\/a><\/li><li>Community Programming Coordinator<\/li><\/ul>\t\t\t\t\t\t\t\t<\/div>\n\t\t\t\t<\/div>\n\t\t\t\t\t<\/div>\n\t\t<\/div>\n\t\t\t\t\t<\/div>\n\t\t<\/section>\n\t\t\t\t<div class=\"elementor-element elementor-element-056145b elementor-widget elementor-widget-text-editor\" data-id=\"056145b\" data-element_type=\"widget\" data-e-type=\"widget\" data-widget_type=\"text-editor.default\">\n\t\t\t\t<div class=\"elementor-widget-container\">\n\t\t\t\t\t\t\t\t\t<p><span style=\"color: #2b2b2b; font-family: 'Work Sans'; font-size: 36px; letter-spacing: -2px; text-transform: uppercase;\">AVANTAGES<\/span><\/p><p>En si\u00e9geant au conseil d'administration de Fiert\u00e9 Winnipeg, vous contribuez \u00e0 la cr\u00e9ation de l'un des meilleurs festivals de la Fiert\u00e9 au Canada! <b>Vous jouirez d\u2019une exp\u00e9rience inestimable, continuerez d\u2019\u00e9largir votre portefeuille personnel, vous ferez du b\u00e9n\u00e9volat pour une grande cause, vous vous ferez des amis et vous vous amuserez en m\u00eame temps!<\/b><\/p><p>Pride Winnipeg is committed to being a diverse, inclusive, safe and accessible organization. To assist with this commitment, we encourage individuals from traditionally socially excluded groups such as Indigenous, Two-Spirit, female-identified, trans-identified, non-binary identified, queer and trans people of colour, 55+, and persons with accessibility challenges to apply.<\/p>\t\t\t\t\t\t\t\t<\/div>\n\t\t\t\t<\/div>\n\t\t\t\t\t<\/div>\n\t\t<\/div>\n\t\t\t\t\t<\/div>\n\t\t<\/section>\n\t\t\t\t<section class=\"elementor-section elementor-top-section elementor-element elementor-element-5d79ef5 elementor-section-boxed elementor-section-height-default elementor-section-height-default\" data-id=\"5d79ef5\" data-element_type=\"section\" data-e-type=\"section\">\n\t\t\t\t\t\t<div class=\"elementor-container elementor-column-gap-default\">\n\t\t\t\t\t<div class=\"elementor-column elementor-col-100 elementor-top-column elementor-element elementor-element-7b371e5\" data-id=\"7b371e5\" data-element_type=\"column\" data-e-type=\"column\">\n\t\t\t<div class=\"elementor-widget-wrap elementor-element-populated\">\n\t\t\t\t\t\t<div class=\"elementor-element elementor-element-3fff35f elementor-widget elementor-widget-spacer\" data-id=\"3fff35f\" data-element_type=\"widget\" data-e-type=\"widget\" data-widget_type=\"spacer.default\">\n\t\t\t\t<div class=\"elementor-widget-container\">\n\t\t\t\t\t\t\t<div class=\"elementor-spacer\">\n\t\t\t<div class=\"elementor-spacer-inner\"><\/div>\n\t\t<\/div>\n\t\t\t\t\t\t<\/div>\n\t\t\t\t<\/div>\n\t\t\t\t<div class=\"elementor-element elementor-element-4f2ebfc elementor-widget elementor-widget-heading\" data-id=\"4f2ebfc\" data-element_type=\"widget\" data-e-type=\"widget\" data-widget_type=\"heading.default\">\n\t\t\t\t<div class=\"elementor-widget-container\">\n\t\t\t\t\t<h2 class=\"elementor-heading-title elementor-size-default\">COMMENT POSTULER<\/h2>\t\t\t\t<\/div>\n\t\t\t\t<\/div>\n\t\t\t\t<div class=\"elementor-element elementor-element-8afcd34 elementor-widget elementor-widget-text-editor\" data-id=\"8afcd34\" data-element_type=\"widget\" data-e-type=\"widget\" data-widget_type=\"text-editor.default\">\n\t\t\t\t<div class=\"elementor-widget-container\">\n\t\t\t\t\t\t\t\t\t<p>Pour en savoir plus ou pour postuler, veuillez envoyer un courriel \u00e0 l\u2019adresse<\/p>\t\t\t\t\t\t\t\t<\/div>\n\t\t\t\t<\/div>\n\t\t\t\t<div class=\"elementor-element elementor-element-cd1f55e elementor-widget elementor-widget-eael-creative-button\" data-id=\"cd1f55e\" data-element_type=\"widget\" data-e-type=\"widget\" data-widget_type=\"eael-creative-button.default\">\n\t\t\t\t<div class=\"elementor-widget-container\">\n\t\t\t\t\t        <div class=\"eael-creative-button-wrapper\">\n\n            <a class=\"eael-creative-button eael-creative-button--default eael-cb-icon-position-\"  href=\"mailto:hr@pridewinnipeg.com\" data-text=\"Go!\">\n            \t    \n                <div class=\"creative-button-inner\">\n\n                    \n                    <span class=\"cretive-button-text\">hr@pridewinnipeg.com<\/span>\n\n                                    <\/div>\n\t                        <\/a>\n        <\/div>\n        \t\t\t\t<\/div>\n\t\t\t\t<\/div>\n\t\t\t\t<div class=\"elementor-element elementor-element-2a7485e elementor-widget elementor-widget-text-editor\" data-id=\"2a7485e\" data-element_type=\"widget\" data-e-type=\"widget\" data-widget_type=\"text-editor.default\">\n\t\t\t\t<div class=\"elementor-widget-container\">\n\t\t\t\t\t\t\t\t\t<p>et y inclure:<\/p><ul><li>le poste qui vous int\u00e9resse<\/li><li>votre curriculum vitae<\/li><li>les raisons pour lesquelles vous \u00eates int\u00e9ress\u00e9\u00b7e \u00e0 postuler<\/li><\/ul>\t\t\t\t\t\t\t\t<\/div>\n\t\t\t\t<\/div>\n\t\t\t\t\t<\/div>\n\t\t<\/div>\n\t\t\t\t\t<\/div>\n\t\t<\/section>\n\t\t\t\t<section class=\"elementor-section elementor-top-section elementor-element elementor-element-76aeea4 elementor-section-boxed elementor-section-height-default elementor-section-height-default\" data-id=\"76aeea4\" data-element_type=\"section\" data-e-type=\"section\">\n\t\t\t\t\t\t<div class=\"elementor-container elementor-column-gap-default\">\n\t\t\t\t\t<div class=\"elementor-column elementor-col-100 elementor-top-column elementor-element elementor-element-e1c62f6\" data-id=\"e1c62f6\" data-element_type=\"column\" data-e-type=\"column\">\n\t\t\t<div class=\"elementor-widget-wrap elementor-element-populated\">\n\t\t\t\t\t\t<div class=\"elementor-element elementor-element-5fd3871 elementor-widget elementor-widget-spacer\" data-id=\"5fd3871\" data-element_type=\"widget\" data-e-type=\"widget\" data-widget_type=\"spacer.default\">\n\t\t\t\t<div class=\"elementor-widget-container\">\n\t\t\t\t\t\t\t<div class=\"elementor-spacer\">\n\t\t\t<div class=\"elementor-spacer-inner\"><\/div>\n\t\t<\/div>\n\t\t\t\t\t\t<\/div>\n\t\t\t\t<\/div>\n\t\t\t\t<div class=\"elementor-element elementor-element-641971e content-align-cta-default elementor-widget elementor-widget-eael-cta-box\" data-id=\"641971e\" data-element_type=\"widget\" data-e-type=\"widget\" data-widget_type=\"eael-cta-box.default\">\n\t\t\t\t<div class=\"elementor-widget-container\">\n\t\t\t\t\t\t\t<div class=\"eael-call-to-action cta-basic bg-lite cta-preset-1\">\n        <h3 class=\"title eael-cta-heading\">B\u00e9n\u00e9volat au festival<\/h3><p>Vous \u00eates int\u00e9ress\u00e9\u00b7e par le b\u00e9n\u00e9volat pendant la saison de la Fiert\u00e9?<\/p><a  href=\"https:\/\/pridewinnipeg.com\/f\/?goto=AB8SHFxaHhIeHxwNBg4BBB0dF1RaCgUbXx8YBAYNEQ0QGEsBBA4cAEgcCgUYHRQeTwIDDB5FAlMWGw\" class=\"cta-button cta-preset-1\">POUR EN SAVOIR PLUS<\/a>\t<\/div>\n\t\t\t\t\t\t\t\t<\/div>\n\t\t\t\t<\/div>\n\t\t\t\t\t<\/div>\n\t\t<\/div>\n\t\t\t\t\t<\/div>\n\t\t<\/section>\n\t\t\t\t<\/div>","protected":false},"excerpt":{"rendered":"<p>BOARD OPPORTUNITIES \u2013 The Pride Winnipeg Board exists to serve the members of the community by volunteering their time to plan, organize, run and create&hellip;<\/p>","protected":false},"author":1,"featured_media":0,"parent":1575,"menu_order":0,"comment_status":"closed","ping_status":"closed","template":"","meta":{"_exactmetrics_skip_tracking":false,"_exactmetrics_sitenote_active":false,"_exactmetrics_sitenote_note":"","_exactmetrics_sitenote_category":0,"footnotes":""},"class_list":["post-1743","page","type-page","status-publish","hentry"],"_links":{"self":[{"href":"https:\/\/pridewinnipeg.com\/f\/wp-json\/wp\/v2\/pages\/1743","targetHints":{"allow":["GET"]}}],"collection":[{"href":"https:\/\/pridewinnipeg.com\/f\/wp-json\/wp\/v2\/pages"}],"about":[{"href":"https:\/\/pridewinnipeg.com\/f\/wp-json\/wp\/v2\/types\/page"}],"author":[{"embeddable":true,"href":"https:\/\/pridewinnipeg.com\/f\/wp-json\/wp\/v2\/users\/1"}],"replies":[{"embeddable":true,"href":"https:\/\/pridewinnipeg.com\/f\/wp-json\/wp\/v2\/comments?post=1743"}],"version-history":[{"count":148,"href":"https:\/\/pridewinnipeg.com\/f\/wp-json\/wp\/v2\/pages\/1743\/revisions"}],"predecessor-version":[{"id":6357,"href":"https:\/\/pridewinnipeg.com\/f\/wp-json\/wp\/v2\/pages\/1743\/revisions\/6357"}],"up":[{"embeddable":true,"href":"https:\/\/pridewinnipeg.com\/f\/wp-json\/wp\/v2\/pages\/1575"}],"wp:attachment":[{"href":"https:\/\/pridewinnipeg.com\/f\/wp-json\/wp\/v2\/media?parent=1743"}],"curies":[{"name":"wp","href":"https:\/\/api.w.org\/{rel}","templated":true}]}}