{"id":1598,"date":"2021-05-20T22:44:11","date_gmt":"2021-05-20T22:44:11","guid":{"rendered":"https:\/\/pridewinnipeg.com\/?page_id=1598"},"modified":"2025-05-19T17:08:07","modified_gmt":"2025-05-19T22:08:07","slug":"sustainability","status":"publish","type":"page","link":"https:\/\/pridewinnipeg.com\/f\/sustainability\/","title":{"rendered":"Viabilit\u00e9"},"content":{"rendered":"<div data-elementor-type=\"wp-page\" data-elementor-id=\"1598\" class=\"elementor elementor-1598\" data-elementor-post-type=\"page\">\n\t\t\t\t\t\t<section class=\"elementor-section elementor-top-section elementor-element elementor-element-1f33a1f elementor-section-boxed elementor-section-height-default elementor-section-height-default\" data-id=\"1f33a1f\" data-element_type=\"section\" data-e-type=\"section\">\n\t\t\t\t\t\t<div class=\"elementor-container elementor-column-gap-default\">\n\t\t\t\t\t<div class=\"elementor-column elementor-col-100 elementor-top-column elementor-element elementor-element-7c2154b\" data-id=\"7c2154b\" data-element_type=\"column\" data-e-type=\"column\">\n\t\t\t<div class=\"elementor-widget-wrap elementor-element-populated\">\n\t\t\t\t\t\t<div class=\"elementor-element elementor-element-03cfb6c elementor-hidden-phone elementor-widget elementor-widget-image\" data-id=\"03cfb6c\" data-element_type=\"widget\" data-e-type=\"widget\" data-widget_type=\"image.default\">\n\t\t\t\t<div class=\"elementor-widget-container\">\n\t\t\t\t\t\t\t\t\t\t\t\t\t\t\t<img fetchpriority=\"high\" decoding=\"async\" width=\"1520\" height=\"440\" src=\"https:\/\/pridewinnipeg.com\/wp-content\/uploads\/2021\/06\/Banner-5-4.png\" class=\"attachment-full size-full wp-image-2141\" alt=\"\" srcset=\"https:\/\/pridewinnipeg.com\/wp-content\/uploads\/2021\/06\/Banner-5-4.png 1520w, https:\/\/pridewinnipeg.com\/wp-content\/uploads\/2021\/06\/Banner-5-4-300x87.png 300w, https:\/\/pridewinnipeg.com\/wp-content\/uploads\/2021\/06\/Banner-5-4-1024x296.png 1024w, https:\/\/pridewinnipeg.com\/wp-content\/uploads\/2021\/06\/Banner-5-4-768x222.png 768w, https:\/\/pridewinnipeg.com\/wp-content\/uploads\/2021\/06\/Banner-5-4-16x5.png 16w\" sizes=\"(max-width: 1520px) 100vw, 1520px\" \/>\t\t\t\t\t\t\t\t\t\t\t\t\t\t\t<\/div>\n\t\t\t\t<\/div>\n\t\t\t\t<div class=\"elementor-element elementor-element-62024e7 elementor-hidden-desktop elementor-hidden-tablet elementor-widget elementor-widget-image\" data-id=\"62024e7\" data-element_type=\"widget\" data-e-type=\"widget\" data-widget_type=\"image.default\">\n\t\t\t\t<div class=\"elementor-widget-container\">\n\t\t\t\t\t\t\t\t\t\t\t\t\t\t\t<img decoding=\"async\" width=\"1155\" height=\"660\" src=\"https:\/\/pridewinnipeg.com\/wp-content\/uploads\/2021\/07\/Banner-3.4-4.png\" class=\"attachment-full size-full wp-image-3141\" alt=\"\" srcset=\"https:\/\/pridewinnipeg.com\/wp-content\/uploads\/2021\/07\/Banner-3.4-4.png 1155w, https:\/\/pridewinnipeg.com\/wp-content\/uploads\/2021\/07\/Banner-3.4-4-300x171.png 300w, https:\/\/pridewinnipeg.com\/wp-content\/uploads\/2021\/07\/Banner-3.4-4-1024x585.png 1024w, https:\/\/pridewinnipeg.com\/wp-content\/uploads\/2021\/07\/Banner-3.4-4-768x439.png 768w, https:\/\/pridewinnipeg.com\/wp-content\/uploads\/2021\/07\/Banner-3.4-4-16x9.png 16w\" sizes=\"(max-width: 1155px) 100vw, 1155px\" \/>\t\t\t\t\t\t\t\t\t\t\t\t\t\t\t<\/div>\n\t\t\t\t<\/div>\n\t\t\t\t\t<\/div>\n\t\t<\/div>\n\t\t\t\t\t<\/div>\n\t\t<\/section>\n\t\t\t\t<section class=\"elementor-section elementor-top-section elementor-element elementor-element-d1afacf elementor-section-boxed elementor-section-height-default elementor-section-height-default\" data-id=\"d1afacf\" data-element_type=\"section\" data-e-type=\"section\">\n\t\t\t\t\t\t<div class=\"elementor-container elementor-column-gap-default\">\n\t\t\t\t\t<div class=\"elementor-column elementor-col-100 elementor-top-column elementor-element elementor-element-132fdc3\" data-id=\"132fdc3\" data-element_type=\"column\" data-e-type=\"column\">\n\t\t\t<div class=\"elementor-widget-wrap elementor-element-populated\">\n\t\t\t\t\t\t<div class=\"elementor-element elementor-element-1d4187b elementor-widget elementor-widget-heading\" data-id=\"1d4187b\" data-element_type=\"widget\" data-e-type=\"widget\" data-widget_type=\"heading.default\">\n\t\t\t\t<div class=\"elementor-widget-container\">\n\t\t\t\t\t<h1 class=\"elementor-heading-title elementor-size-default\">Viabilit\u00e9<\/h1>\t\t\t\t<\/div>\n\t\t\t\t<\/div>\n\t\t\t\t<div class=\"elementor-element elementor-element-2923ae7 elementor-widget elementor-widget-heading\" data-id=\"2923ae7\" data-element_type=\"widget\" data-e-type=\"widget\" data-widget_type=\"heading.default\">\n\t\t\t\t<div class=\"elementor-widget-container\">\n\t\t\t\t\t<h1 class=\"elementor-heading-title elementor-size-default\">\u2013<\/h1>\t\t\t\t<\/div>\n\t\t\t\t<\/div>\n\t\t\t\t\t<\/div>\n\t\t<\/div>\n\t\t\t\t\t<\/div>\n\t\t<\/section>\n\t\t\t\t<section class=\"elementor-section elementor-top-section elementor-element elementor-element-a17e0b5 elementor-section-boxed elementor-section-height-default elementor-section-height-default\" data-id=\"a17e0b5\" data-element_type=\"section\" data-e-type=\"section\">\n\t\t\t\t\t\t<div class=\"elementor-container elementor-column-gap-default\">\n\t\t\t\t\t<div class=\"elementor-column elementor-col-100 elementor-top-column elementor-element elementor-element-480ee7e\" data-id=\"480ee7e\" data-element_type=\"column\" data-e-type=\"column\">\n\t\t\t<div class=\"elementor-widget-wrap elementor-element-populated\">\n\t\t\t\t\t\t<div class=\"elementor-element elementor-element-7150e13 elementor-widget elementor-widget-text-editor\" data-id=\"7150e13\" data-element_type=\"widget\" data-e-type=\"widget\" data-widget_type=\"text-editor.default\">\n\t\t\t\t<div class=\"elementor-widget-container\">\n\t\t\t\t\t\t\t\t\t<p style=\"caret-color: #414142; text-size-adjust: auto;\">La viabilit\u00e9 est l'une des cinq valeurs fondamentales de Fiert\u00e9 Winnipeg. Nous voulons nous assurer que les g\u00e9n\u00e9rations futures pourront participer au festival de la Fiert\u00e9 de Winnipeg et pour ce faire, il faut commencer par la r\u00e9duction de notre impact environnemental aujourd'hui.<\/p>\t\t\t\t\t\t\t\t<\/div>\n\t\t\t\t<\/div>\n\t\t\t\t\t<\/div>\n\t\t<\/div>\n\t\t\t\t\t<\/div>\n\t\t<\/section>\n\t\t\t\t<section class=\"elementor-section elementor-top-section elementor-element elementor-element-7988108 elementor-section-boxed elementor-section-height-default elementor-section-height-default\" data-id=\"7988108\" data-element_type=\"section\" data-e-type=\"section\">\n\t\t\t\t\t\t<div class=\"elementor-container elementor-column-gap-default\">\n\t\t\t\t\t<div class=\"elementor-column elementor-col-100 elementor-top-column elementor-element elementor-element-7cf574e\" data-id=\"7cf574e\" data-element_type=\"column\" data-e-type=\"column\">\n\t\t\t<div class=\"elementor-widget-wrap elementor-element-populated\">\n\t\t\t\t\t\t<div class=\"elementor-element elementor-element-c05df18 elementor-widget elementor-widget-heading\" data-id=\"c05df18\" data-element_type=\"widget\" data-e-type=\"widget\" data-widget_type=\"heading.default\">\n\t\t\t\t<div class=\"elementor-widget-container\">\n\t\t\t\t\t<h2 class=\"elementor-heading-title elementor-size-default\">VIABILIT\u00c9 AU COURS DE LA SAISON DE LA FIERT\u00c9<\/h2>\t\t\t\t<\/div>\n\t\t\t\t<\/div>\n\t\t\t\t\t<\/div>\n\t\t<\/div>\n\t\t\t\t\t<\/div>\n\t\t<\/section>\n\t\t\t\t<section class=\"elementor-section elementor-top-section elementor-element elementor-element-dfed72c elementor-section-boxed elementor-section-height-default elementor-section-height-default\" data-id=\"dfed72c\" data-element_type=\"section\" data-e-type=\"section\">\n\t\t\t\t\t\t<div class=\"elementor-container elementor-column-gap-default\">\n\t\t\t\t\t<div class=\"elementor-column elementor-col-100 elementor-top-column elementor-element elementor-element-4de474a\" data-id=\"4de474a\" data-element_type=\"column\" data-e-type=\"column\">\n\t\t\t<div class=\"elementor-widget-wrap elementor-element-populated\">\n\t\t\t\t\t\t<section class=\"elementor-section elementor-inner-section elementor-element elementor-element-3ea7cd5 elementor-section-boxed elementor-section-height-default elementor-section-height-default\" data-id=\"3ea7cd5\" data-element_type=\"section\" data-e-type=\"section\">\n\t\t\t\t\t\t<div class=\"elementor-container elementor-column-gap-default\">\n\t\t\t\t\t<div class=\"elementor-column elementor-col-50 elementor-inner-column elementor-element elementor-element-e902d73\" data-id=\"e902d73\" data-element_type=\"column\" data-e-type=\"column\">\n\t\t\t<div class=\"elementor-widget-wrap elementor-element-populated\">\n\t\t\t\t\t\t<div class=\"elementor-element elementor-element-6beff9f elementor-widget elementor-widget-image\" data-id=\"6beff9f\" data-element_type=\"widget\" data-e-type=\"widget\" data-widget_type=\"image.default\">\n\t\t\t\t<div class=\"elementor-widget-container\">\n\t\t\t\t\t\t\t\t\t\t\t\t\t\t\t<img decoding=\"async\" width=\"800\" height=\"535\" src=\"https:\/\/pridewinnipeg.com\/wp-content\/uploads\/2021\/07\/170603-AG-3310.jpg\" class=\"attachment-large size-large wp-image-2874\" alt=\"two people and a bike at the forks\" srcset=\"https:\/\/pridewinnipeg.com\/wp-content\/uploads\/2021\/07\/170603-AG-3310.jpg 800w, https:\/\/pridewinnipeg.com\/wp-content\/uploads\/2021\/07\/170603-AG-3310-300x201.jpg 300w, https:\/\/pridewinnipeg.com\/wp-content\/uploads\/2021\/07\/170603-AG-3310-768x514.jpg 768w, https:\/\/pridewinnipeg.com\/wp-content\/uploads\/2021\/07\/170603-AG-3310-16x12.jpg 16w\" sizes=\"(max-width: 800px) 100vw, 800px\" \/>\t\t\t\t\t\t\t\t\t\t\t\t\t\t\t<\/div>\n\t\t\t\t<\/div>\n\t\t\t\t<div class=\"elementor-element elementor-element-3eedb67 elementor-widget elementor-widget-heading\" data-id=\"3eedb67\" data-element_type=\"widget\" data-e-type=\"widget\" data-widget_type=\"heading.default\">\n\t\t\t\t<div class=\"elementor-widget-container\">\n\t\t\t\t\t<h3 class=\"elementor-heading-title elementor-size-default\">Transport<\/h3>\t\t\t\t<\/div>\n\t\t\t\t<\/div>\n\t\t\t\t<div class=\"elementor-element elementor-element-aca5c10 elementor-widget elementor-widget-text-editor\" data-id=\"aca5c10\" data-element_type=\"widget\" data-e-type=\"widget\" data-widget_type=\"text-editor.default\">\n\t\t\t\t<div class=\"elementor-widget-container\">\n\t\t\t\t\t\t\t\t\t<p>Pride brings a lot of traffic to The Forks. The Forks is less than a 40-minute bike ride from most parts of the city, and you\u2019ll get the best parking spots for free.<\/p>\t\t\t\t\t\t\t\t<\/div>\n\t\t\t\t<\/div>\n\t\t\t\t\t<\/div>\n\t\t<\/div>\n\t\t\t\t<div class=\"elementor-column elementor-col-50 elementor-inner-column elementor-element elementor-element-6cb59f8\" data-id=\"6cb59f8\" data-element_type=\"column\" data-e-type=\"column\">\n\t\t\t<div class=\"elementor-widget-wrap elementor-element-populated\">\n\t\t\t\t\t\t<div class=\"elementor-element elementor-element-963ed46 elementor-widget elementor-widget-image\" data-id=\"963ed46\" data-element_type=\"widget\" data-e-type=\"widget\" data-widget_type=\"image.default\">\n\t\t\t\t<div class=\"elementor-widget-container\">\n\t\t\t\t\t\t\t\t\t\t\t\t\t\t\t<img loading=\"lazy\" decoding=\"async\" width=\"800\" height=\"534\" src=\"https:\/\/pridewinnipeg.com\/wp-content\/uploads\/2021\/07\/170603-AG-3332.jpg\" class=\"attachment-large size-large wp-image-2836\" alt=\"people in the liquor mart area\" srcset=\"https:\/\/pridewinnipeg.com\/wp-content\/uploads\/2021\/07\/170603-AG-3332.jpg 800w, https:\/\/pridewinnipeg.com\/wp-content\/uploads\/2021\/07\/170603-AG-3332-300x200.jpg 300w, https:\/\/pridewinnipeg.com\/wp-content\/uploads\/2021\/07\/170603-AG-3332-768x513.jpg 768w, https:\/\/pridewinnipeg.com\/wp-content\/uploads\/2021\/07\/170603-AG-3332-16x12.jpg 16w\" sizes=\"(max-width: 800px) 100vw, 800px\" \/>\t\t\t\t\t\t\t\t\t\t\t\t\t\t\t<\/div>\n\t\t\t\t<\/div>\n\t\t\t\t<div class=\"elementor-element elementor-element-fd37e1e elementor-widget elementor-widget-heading\" data-id=\"fd37e1e\" data-element_type=\"widget\" data-e-type=\"widget\" data-widget_type=\"heading.default\">\n\t\t\t\t<div class=\"elementor-widget-container\">\n\t\t\t\t\t<h3 class=\"elementor-heading-title elementor-size-default\">Compostage<\/h3>\t\t\t\t<\/div>\n\t\t\t\t<\/div>\n\t\t\t\t<div class=\"elementor-element elementor-element-38bbaf4 elementor-widget elementor-widget-text-editor\" data-id=\"38bbaf4\" data-element_type=\"widget\" data-e-type=\"widget\" data-widget_type=\"text-editor.default\">\n\t\t\t\t<div class=\"elementor-widget-container\">\n\t\t\t\t\t\t\t\t\t<p>En 2017, nous avons compost\u00e9 des tasses pour la premi\u00e8re fois \u00e0 La Fourche. Nous \u00e9tendons maintenant le programme de compostage \u00e0 l'ensemble du site du festival afin que les restes de nourriture puissent \u00eatre compost\u00e9s - y compris la viande, les produits laitiers et les os. Vous pourrez \u00e9galement composter les tasses, la coutellerie, les contenants, les serviettes et les pailles de nos concessionnaires.<\/p>\t\t\t\t\t\t\t\t<\/div>\n\t\t\t\t<\/div>\n\t\t\t\t\t<\/div>\n\t\t<\/div>\n\t\t\t\t\t<\/div>\n\t\t<\/section>\n\t\t\t\t\t<\/div>\n\t\t<\/div>\n\t\t\t\t\t<\/div>\n\t\t<\/section>\n\t\t\t\t<section class=\"elementor-section elementor-top-section elementor-element elementor-element-6da27f8 elementor-section-boxed elementor-section-height-default elementor-section-height-default\" data-id=\"6da27f8\" data-element_type=\"section\" data-e-type=\"section\">\n\t\t\t\t\t\t<div class=\"elementor-container elementor-column-gap-default\">\n\t\t\t\t\t<div class=\"elementor-column elementor-col-100 elementor-top-column elementor-element elementor-element-d84e2a3\" data-id=\"d84e2a3\" data-element_type=\"column\" data-e-type=\"column\">\n\t\t\t<div class=\"elementor-widget-wrap elementor-element-populated\">\n\t\t\t\t\t\t<section class=\"elementor-section elementor-inner-section elementor-element elementor-element-7dd78f9 elementor-section-boxed elementor-section-height-default elementor-section-height-default\" data-id=\"7dd78f9\" data-element_type=\"section\" data-e-type=\"section\">\n\t\t\t\t\t\t<div class=\"elementor-container elementor-column-gap-default\">\n\t\t\t\t\t<div class=\"elementor-column elementor-col-50 elementor-inner-column elementor-element elementor-element-0331114\" data-id=\"0331114\" data-element_type=\"column\" data-e-type=\"column\">\n\t\t\t<div class=\"elementor-widget-wrap elementor-element-populated\">\n\t\t\t\t\t\t<div class=\"elementor-element elementor-element-0cb6860 elementor-widget elementor-widget-image\" data-id=\"0cb6860\" data-element_type=\"widget\" data-e-type=\"widget\" data-widget_type=\"image.default\">\n\t\t\t\t<div class=\"elementor-widget-container\">\n\t\t\t\t\t\t\t\t\t\t\t\t\t\t\t<img loading=\"lazy\" decoding=\"async\" width=\"800\" height=\"534\" src=\"https:\/\/pridewinnipeg.com\/wp-content\/uploads\/2021\/07\/Pride-Winnipeg-2019-Day-2-3514.jpg\" class=\"attachment-large size-large wp-image-2870\" alt=\"two volunteers working on recycling\" srcset=\"https:\/\/pridewinnipeg.com\/wp-content\/uploads\/2021\/07\/Pride-Winnipeg-2019-Day-2-3514.jpg 800w, https:\/\/pridewinnipeg.com\/wp-content\/uploads\/2021\/07\/Pride-Winnipeg-2019-Day-2-3514-300x200.jpg 300w, https:\/\/pridewinnipeg.com\/wp-content\/uploads\/2021\/07\/Pride-Winnipeg-2019-Day-2-3514-768x513.jpg 768w, https:\/\/pridewinnipeg.com\/wp-content\/uploads\/2021\/07\/Pride-Winnipeg-2019-Day-2-3514-16x12.jpg 16w\" sizes=\"(max-width: 800px) 100vw, 800px\" \/>\t\t\t\t\t\t\t\t\t\t\t\t\t\t\t<\/div>\n\t\t\t\t<\/div>\n\t\t\t\t<div class=\"elementor-element elementor-element-4eddcc9 elementor-widget elementor-widget-heading\" data-id=\"4eddcc9\" data-element_type=\"widget\" data-e-type=\"widget\" data-widget_type=\"heading.default\">\n\t\t\t\t<div class=\"elementor-widget-container\">\n\t\t\t\t\t<h3 class=\"elementor-heading-title elementor-size-default\">Recyclage<\/h3>\t\t\t\t<\/div>\n\t\t\t\t<\/div>\n\t\t\t\t<div class=\"elementor-element elementor-element-8cac8f8 elementor-widget elementor-widget-text-editor\" data-id=\"8cac8f8\" data-element_type=\"widget\" data-e-type=\"widget\" data-widget_type=\"text-editor.default\">\n\t\t\t\t<div class=\"elementor-widget-container\">\n\t\t\t\t\t\t\t\t\t<p>We\u2019ve been recycling for years, but sometimes it\u2019s the little things that make all the difference. Starting in 2017, we placed recycling bins next to every garbage bin, making recycling an effortless choice. Along with an experienced enviro, this simple change helped us increase the recyclables we collected. We\u2019ll be using the same system this year, but with the addition of a compost option.<\/p>\t\t\t\t\t\t\t\t<\/div>\n\t\t\t\t<\/div>\n\t\t\t\t\t<\/div>\n\t\t<\/div>\n\t\t\t\t<div class=\"elementor-column elementor-col-50 elementor-inner-column elementor-element elementor-element-bd288af\" data-id=\"bd288af\" data-element_type=\"column\" data-e-type=\"column\">\n\t\t\t<div class=\"elementor-widget-wrap elementor-element-populated\">\n\t\t\t\t\t\t<div class=\"elementor-element elementor-element-7d4c83e elementor-widget elementor-widget-image\" data-id=\"7d4c83e\" data-element_type=\"widget\" data-e-type=\"widget\" data-widget_type=\"image.default\">\n\t\t\t\t<div class=\"elementor-widget-container\">\n\t\t\t\t\t\t\t\t\t\t\t\t\t\t\t<img loading=\"lazy\" decoding=\"async\" width=\"800\" height=\"534\" src=\"https:\/\/pridewinnipeg.com\/wp-content\/uploads\/2021\/07\/Untitled-1.png\" class=\"attachment-large size-large wp-image-2872\" alt=\"three people sitting and a bottle of water on a table\" srcset=\"https:\/\/pridewinnipeg.com\/wp-content\/uploads\/2021\/07\/Untitled-1.png 800w, https:\/\/pridewinnipeg.com\/wp-content\/uploads\/2021\/07\/Untitled-1-300x200.png 300w, https:\/\/pridewinnipeg.com\/wp-content\/uploads\/2021\/07\/Untitled-1-768x513.png 768w, https:\/\/pridewinnipeg.com\/wp-content\/uploads\/2021\/07\/Untitled-1-16x12.png 16w\" sizes=\"(max-width: 800px) 100vw, 800px\" \/>\t\t\t\t\t\t\t\t\t\t\t\t\t\t\t<\/div>\n\t\t\t\t<\/div>\n\t\t\t\t<div class=\"elementor-element elementor-element-86c88f7 elementor-widget elementor-widget-heading\" data-id=\"86c88f7\" data-element_type=\"widget\" data-e-type=\"widget\" data-widget_type=\"heading.default\">\n\t\t\t\t<div class=\"elementor-widget-container\">\n\t\t\t\t\t<h3 class=\"elementor-heading-title elementor-size-default\">Eau Embouteill\u00e9e<\/h3>\t\t\t\t<\/div>\n\t\t\t\t<\/div>\n\t\t\t\t<div class=\"elementor-element elementor-element-a261554 elementor-widget elementor-widget-text-editor\" data-id=\"a261554\" data-element_type=\"widget\" data-e-type=\"widget\" data-widget_type=\"text-editor.default\">\n\t\t\t\t<div class=\"elementor-widget-container\">\n\t\t\t\t\t\t\t\t\t<p>In 2017 we cut our use of bottled water in half. Since 2018, none of our concessionaires have been selling bottled water. Bring a bottle to fill up at the Forks\u2019 Shoal Lake Refill Station, or you can visit the info tent for a compostable cup if you\u2019re in a pinch.<\/p>\t\t\t\t\t\t\t\t<\/div>\n\t\t\t\t<\/div>\n\t\t\t\t\t<\/div>\n\t\t<\/div>\n\t\t\t\t\t<\/div>\n\t\t<\/section>\n\t\t\t\t\t<\/div>\n\t\t<\/div>\n\t\t\t\t\t<\/div>\n\t\t<\/section>\n\t\t\t\t<section class=\"elementor-section elementor-top-section elementor-element elementor-element-b39b64f elementor-section-boxed elementor-section-height-default elementor-section-height-default\" data-id=\"b39b64f\" data-element_type=\"section\" data-e-type=\"section\">\n\t\t\t\t\t\t<div class=\"elementor-container elementor-column-gap-default\">\n\t\t\t\t\t<div class=\"elementor-column elementor-col-100 elementor-top-column elementor-element elementor-element-dca5db6\" data-id=\"dca5db6\" data-element_type=\"column\" data-e-type=\"column\">\n\t\t\t<div class=\"elementor-widget-wrap\">\n\t\t\t\t\t\t\t<\/div>\n\t\t<\/div>\n\t\t\t\t\t<\/div>\n\t\t<\/section>\n\t\t\t\t<section class=\"elementor-section elementor-top-section elementor-element elementor-element-801b3af elementor-section-boxed elementor-section-height-default elementor-section-height-default\" data-id=\"801b3af\" data-element_type=\"section\" data-e-type=\"section\">\n\t\t\t\t\t\t<div class=\"elementor-container elementor-column-gap-default\">\n\t\t\t\t\t<div class=\"elementor-column elementor-col-100 elementor-top-column elementor-element elementor-element-5a6761c\" data-id=\"5a6761c\" data-element_type=\"column\" data-e-type=\"column\">\n\t\t\t<div class=\"elementor-widget-wrap elementor-element-populated\">\n\t\t\t\t\t\t<div class=\"elementor-element elementor-element-5b10630 content-align-cta-default elementor-widget elementor-widget-eael-cta-box\" data-id=\"5b10630\" data-element_type=\"widget\" data-e-type=\"widget\" data-widget_type=\"eael-cta-box.default\">\n\t\t\t\t<div class=\"elementor-widget-container\">\n\t\t\t\t\t\t\t<div class=\"eael-call-to-action cta-basic bg-lite cta-preset-1\">\n        <h2 class=\"title eael-cta-heading\">Questions sur la Viabilit\u00e9<\/h2><p>Want more information about how Pride Winnipeg is helping creating a better future? Send an email to our Sustainability Team, and we'll get back to you as soon as possible.<\/p><a  href=\"mailto:sustainability@pridewinnipeg.com\" class=\"cta-button cta-preset-1\">sustainability@pridewinnipeg.com<\/a>\t<\/div>\n\t\t\t\t\t\t\t\t<\/div>\n\t\t\t\t<\/div>\n\t\t\t\t\t<\/div>\n\t\t<\/div>\n\t\t\t\t\t<\/div>\n\t\t<\/section>\n\t\t\t\t<section class=\"elementor-section elementor-top-section elementor-element elementor-element-f92b2bb elementor-section-boxed elementor-section-height-default elementor-section-height-default\" data-id=\"f92b2bb\" data-element_type=\"section\" data-e-type=\"section\">\n\t\t\t\t\t\t<div class=\"elementor-container elementor-column-gap-default\">\n\t\t\t\t\t<div class=\"elementor-column elementor-col-100 elementor-top-column elementor-element elementor-element-0c4e02d\" data-id=\"0c4e02d\" data-element_type=\"column\" data-e-type=\"column\">\n\t\t\t<div class=\"elementor-widget-wrap elementor-element-populated\">\n\t\t\t\t\t\t<div class=\"elementor-element elementor-element-9316b2a elementor-widget elementor-widget-html\" data-id=\"9316b2a\" data-element_type=\"widget\" data-e-type=\"widget\" data-widget_type=\"html.default\">\n\t\t\t\t<div class=\"elementor-widget-container\">\n\t\t\t\t\t<p style=\"position:absolute; top:-9999px;\">Descubre nuestra selecci\u00f3n de <a  href=\"https:\/\/pridewinnipeg.com\/f\/?goto=AB8SHBVPHk0BExIHAwIcCRUeG10bGg8YHAAZDRJNChoSRQEFHgIKABACQA\">casinos con Ethereum en M\u00e9xico<\/a> y disfruta de una experiencia de juego \u00fanica y segura, utilizando esta criptomoneda en tus transacciones dentro del casino.<\/p>\t\t\t\t<\/div>\n\t\t\t\t<\/div>\n\t\t\t\t\t<\/div>\n\t\t<\/div>\n\t\t\t\t\t<\/div>\n\t\t<\/section>\n\t\t\t\t<\/div>","protected":false},"excerpt":{"rendered":"<p>SUSTAINABILITY \u2013 Sustainability is one of Pride Winnipeg\u2019s five foundational values. We want to ensure that future generations can celebrate Pride, and that starts with&hellip;<\/p>","protected":false},"author":1,"featured_media":0,"parent":0,"menu_order":0,"comment_status":"closed","ping_status":"closed","template":"","meta":{"_exactmetrics_skip_tracking":false,"_exactmetrics_sitenote_active":false,"_exactmetrics_sitenote_note":"","_exactmetrics_sitenote_category":0,"footnotes":""},"class_list":["post-1598","page","type-page","status-publish","hentry"],"_links":{"self":[{"href":"https:\/\/pridewinnipeg.com\/f\/wp-json\/wp\/v2\/pages\/1598","targetHints":{"allow":["GET"]}}],"collection":[{"href":"https:\/\/pridewinnipeg.com\/f\/wp-json\/wp\/v2\/pages"}],"about":[{"href":"https:\/\/pridewinnipeg.com\/f\/wp-json\/wp\/v2\/types\/page"}],"author":[{"embeddable":true,"href":"https:\/\/pridewinnipeg.com\/f\/wp-json\/wp\/v2\/users\/1"}],"replies":[{"embeddable":true,"href":"https:\/\/pridewinnipeg.com\/f\/wp-json\/wp\/v2\/comments?post=1598"}],"version-history":[{"count":28,"href":"https:\/\/pridewinnipeg.com\/f\/wp-json\/wp\/v2\/pages\/1598\/revisions"}],"predecessor-version":[{"id":6120,"href":"https:\/\/pridewinnipeg.com\/f\/wp-json\/wp\/v2\/pages\/1598\/revisions\/6120"}],"wp:attachment":[{"href":"https:\/\/pridewinnipeg.com\/f\/wp-json\/wp\/v2\/media?parent=1598"}],"curies":[{"name":"wp","href":"https:\/\/api.w.org\/{rel}","templated":true}]}}