{"id":1597,"date":"2021-05-20T22:43:57","date_gmt":"2021-05-20T22:43:57","guid":{"rendered":"https:\/\/pridewinnipeg.com\/?page_id=1597"},"modified":"2026-05-08T20:00:07","modified_gmt":"2026-05-09T01:00:07","slug":"accessibility","status":"publish","type":"page","link":"https:\/\/pridewinnipeg.com\/f\/accessibility\/","title":{"rendered":"Accessibilit\u00e9"},"content":{"rendered":"<div data-elementor-type=\"wp-page\" data-elementor-id=\"1597\" class=\"elementor elementor-1597\" data-elementor-post-type=\"page\">\n\t\t\t\t\t\t<section class=\"elementor-section elementor-top-section elementor-element elementor-element-dae853e elementor-section-boxed elementor-section-height-default elementor-section-height-default\" data-id=\"dae853e\" data-element_type=\"section\" data-e-type=\"section\">\n\t\t\t\t\t\t<div class=\"elementor-container elementor-column-gap-default\">\n\t\t\t\t\t<div class=\"elementor-column elementor-col-100 elementor-top-column elementor-element elementor-element-f68dddd\" data-id=\"f68dddd\" data-element_type=\"column\" data-e-type=\"column\">\n\t\t\t<div class=\"elementor-widget-wrap elementor-element-populated\">\n\t\t\t\t\t\t<div class=\"elementor-element elementor-element-914bf97 elementor-hidden-phone elementor-widget elementor-widget-image\" data-id=\"914bf97\" data-element_type=\"widget\" data-e-type=\"widget\" data-widget_type=\"image.default\">\n\t\t\t\t<div class=\"elementor-widget-container\">\n\t\t\t\t\t\t\t\t\t\t\t\t\t\t\t<img fetchpriority=\"high\" decoding=\"async\" width=\"843\" height=\"244\" src=\"https:\/\/pridewinnipeg.com\/wp-content\/uploads\/2021\/06\/Banner-6-4-1024x296.png\" class=\"attachment-large size-large wp-image-2137\" alt=\"\" srcset=\"https:\/\/pridewinnipeg.com\/wp-content\/uploads\/2021\/06\/Banner-6-4-1024x296.png 1024w, https:\/\/pridewinnipeg.com\/wp-content\/uploads\/2021\/06\/Banner-6-4-300x87.png 300w, https:\/\/pridewinnipeg.com\/wp-content\/uploads\/2021\/06\/Banner-6-4-768x222.png 768w, https:\/\/pridewinnipeg.com\/wp-content\/uploads\/2021\/06\/Banner-6-4-16x5.png 16w, https:\/\/pridewinnipeg.com\/wp-content\/uploads\/2021\/06\/Banner-6-4.png 1520w\" sizes=\"(max-width: 843px) 100vw, 843px\" \/>\t\t\t\t\t\t\t\t\t\t\t\t\t\t\t<\/div>\n\t\t\t\t<\/div>\n\t\t\t\t<div class=\"elementor-element elementor-element-38e2bb4 elementor-widget elementor-widget-heading\" data-id=\"38e2bb4\" data-element_type=\"widget\" data-e-type=\"widget\" data-widget_type=\"heading.default\">\n\t\t\t\t<div class=\"elementor-widget-container\">\n\t\t\t\t\t<h1 class=\"elementor-heading-title elementor-size-default\">\u2013<\/h1>\t\t\t\t<\/div>\n\t\t\t\t<\/div>\n\t\t\t\t<div class=\"elementor-element elementor-element-53e4a18 elementor-widget elementor-widget-heading\" data-id=\"53e4a18\" data-element_type=\"widget\" data-e-type=\"widget\" data-widget_type=\"heading.default\">\n\t\t\t\t<div class=\"elementor-widget-container\">\n\t\t\t\t\t<h1 class=\"elementor-heading-title elementor-size-default\">ACCESSIBILIT\u00c9<\/h1>\t\t\t\t<\/div>\n\t\t\t\t<\/div>\n\t\t\t\t<div class=\"elementor-element elementor-element-7530c11 elementor-widget elementor-widget-text-editor\" data-id=\"7530c11\" data-element_type=\"widget\" data-e-type=\"widget\" data-widget_type=\"text-editor.default\">\n\t\t\t\t<div class=\"elementor-widget-container\">\n\t\t\t\t\t\t\t\t\t<div class=\"page\" title=\"Page 70\"><div class=\"section\"><div class=\"layoutArea\"><div class=\"column\"><p>Pour Fiert\u00e9 Winnipeg, l'accessibilit\u00e9 est l'une de nos valeurs fondamentales.<\/p><\/div><\/div><\/div><\/div>\t\t\t\t\t\t\t\t<\/div>\n\t\t\t\t<\/div>\n\t\t\t\t\t<\/div>\n\t\t<\/div>\n\t\t\t\t\t<\/div>\n\t\t<\/section>\n\t\t\t\t<section class=\"elementor-section elementor-top-section elementor-element elementor-element-e1838aa elementor-section-boxed elementor-section-height-default elementor-section-height-default\" data-id=\"e1838aa\" data-element_type=\"section\" data-e-type=\"section\">\n\t\t\t\t\t\t<div class=\"elementor-container elementor-column-gap-default\">\n\t\t\t\t\t<div class=\"elementor-column elementor-col-100 elementor-top-column elementor-element elementor-element-553d35d\" data-id=\"553d35d\" data-element_type=\"column\" data-e-type=\"column\">\n\t\t\t<div class=\"elementor-widget-wrap elementor-element-populated\">\n\t\t\t\t\t\t<div class=\"elementor-element elementor-element-f9d2db9 elementor-widget elementor-widget-heading\" data-id=\"f9d2db9\" data-element_type=\"widget\" data-e-type=\"widget\" data-widget_type=\"heading.default\">\n\t\t\t\t<div class=\"elementor-widget-container\">\n\t\t\t\t\t<h2 class=\"elementor-heading-title elementor-size-default\">Accessibilit\u00e9 au festival<\/h2>\t\t\t\t<\/div>\n\t\t\t\t<\/div>\n\t\t\t\t<section class=\"elementor-section elementor-inner-section elementor-element elementor-element-e07dc3e elementor-section-boxed elementor-section-height-default elementor-section-height-default\" data-id=\"e07dc3e\" data-element_type=\"section\" data-e-type=\"section\">\n\t\t\t\t\t\t<div class=\"elementor-container elementor-column-gap-default\">\n\t\t\t\t\t<div class=\"elementor-column elementor-col-50 elementor-inner-column elementor-element elementor-element-b684daa\" data-id=\"b684daa\" data-element_type=\"column\" data-e-type=\"column\">\n\t\t\t<div class=\"elementor-widget-wrap elementor-element-populated\">\n\t\t\t\t\t\t<div class=\"elementor-element elementor-element-f5450f0 elementor-position-top elementor-widget elementor-widget-image-box\" data-id=\"f5450f0\" data-element_type=\"widget\" data-e-type=\"widget\" data-widget_type=\"image-box.default\">\n\t\t\t\t<div class=\"elementor-widget-container\">\n\t\t\t\t\t<div class=\"elementor-image-box-wrapper\"><figure class=\"elementor-image-box-img\"><img decoding=\"async\" width=\"800\" height=\"533\" src=\"https:\/\/pridewinnipeg.com\/wp-content\/uploads\/2021\/07\/180603-AG-4492.jpg\" class=\"attachment-full size-full wp-image-2834\" alt=\"ASL interpreter on festival stage.\" srcset=\"https:\/\/pridewinnipeg.com\/wp-content\/uploads\/2021\/07\/180603-AG-4492.jpg 800w, https:\/\/pridewinnipeg.com\/wp-content\/uploads\/2021\/07\/180603-AG-4492-300x200.jpg 300w, https:\/\/pridewinnipeg.com\/wp-content\/uploads\/2021\/07\/180603-AG-4492-768x512.jpg 768w, https:\/\/pridewinnipeg.com\/wp-content\/uploads\/2021\/07\/180603-AG-4492-16x12.jpg 16w\" sizes=\"(max-width: 800px) 100vw, 800px\" \/><\/figure><div class=\"elementor-image-box-content\"><h3 class=\"elementor-image-box-title\">ASL<\/h3><p class=\"elementor-image-box-description\">Fiert\u00e9 Winnipeg offre des services en langue des signes am\u00e9ricaine (ASL) pour tous ses \u00e9v\u00e9nements, y compris le rassemblement, la veill\u00e9e, le d\u00e9fil\u00e9 et les spectacles sur sc\u00e8ne du festival. <\/p><\/div><\/div>\t\t\t\t<\/div>\n\t\t\t\t<\/div>\n\t\t\t\t<div class=\"elementor-element elementor-element-d6e9190 elementor-position-top elementor-widget elementor-widget-image-box\" data-id=\"d6e9190\" data-element_type=\"widget\" data-e-type=\"widget\" data-widget_type=\"image-box.default\">\n\t\t\t\t<div class=\"elementor-widget-container\">\n\t\t\t\t\t<div class=\"elementor-image-box-wrapper\"><figure class=\"elementor-image-box-img\"><img decoding=\"async\" width=\"800\" height=\"534\" src=\"https:\/\/pridewinnipeg.com\/wp-content\/uploads\/2021\/07\/Pride-Winnipeg-2019-Day-2-3554.jpg\" class=\"attachment-full size-full wp-image-2899\" alt=\"The Winnipeg sign at The Forks lit in rainbow colours with the Canadian Human Rights Museum building behind it.\" srcset=\"https:\/\/pridewinnipeg.com\/wp-content\/uploads\/2021\/07\/Pride-Winnipeg-2019-Day-2-3554.jpg 800w, https:\/\/pridewinnipeg.com\/wp-content\/uploads\/2021\/07\/Pride-Winnipeg-2019-Day-2-3554-300x200.jpg 300w, https:\/\/pridewinnipeg.com\/wp-content\/uploads\/2021\/07\/Pride-Winnipeg-2019-Day-2-3554-768x513.jpg 768w, https:\/\/pridewinnipeg.com\/wp-content\/uploads\/2021\/07\/Pride-Winnipeg-2019-Day-2-3554-16x12.jpg 16w\" sizes=\"(max-width: 800px) 100vw, 800px\" \/><\/figure><div class=\"elementor-image-box-content\"><h3 class=\"elementor-image-box-title\">Zone tranquille<\/h3><p class=\"elementor-image-box-description\">Rejoignez-nous \u00e0 l'Espace Calme, situ\u00e9 dans la salle de classe de la Soci\u00e9t\u00e9 des enseignants du Manitoba au Mus\u00e9e canadien des droits de la personne, pour profiter d'un espace adapt\u00e9 aux personnes sensibles aux stimuli sensoriels. Vous pourrez y suivre en direct les spectacles de la sc\u00e8ne principale (vid\u00e9o et audio). \u00c9tant donn\u00e9 que le nombre de places est limit\u00e9, nous vous demandons de limiter votre visite \u00e0 une dur\u00e9e raisonnable afin de permettre \u00e0 chacun de se d\u00e9tendre. Veuillez limiter au maximum l'utilisation de produits parfum\u00e9s et d'allerg\u00e8nes courants. Des bouchons d'oreilles, des masques et du d\u00e9sinfectant pour les mains seront \u00e0 votre disposition.<\/p><\/div><\/div>\t\t\t\t<\/div>\n\t\t\t\t<\/div>\n\t\t\t\t<div class=\"elementor-element elementor-element-3f71074 elementor-position-top elementor-widget elementor-widget-image-box\" data-id=\"3f71074\" data-element_type=\"widget\" data-e-type=\"widget\" data-widget_type=\"image-box.default\">\n\t\t\t\t<div class=\"elementor-widget-container\">\n\t\t\t\t\t<div class=\"elementor-image-box-wrapper\"><figure class=\"elementor-image-box-img\"><img loading=\"lazy\" decoding=\"async\" width=\"800\" height=\"534\" src=\"https:\/\/pridewinnipeg.com\/wp-content\/uploads\/2021\/07\/170603-AG-3332.jpg\" class=\"attachment-full size-full wp-image-2836\" alt=\"people in the liquor mart area\" srcset=\"https:\/\/pridewinnipeg.com\/wp-content\/uploads\/2021\/07\/170603-AG-3332.jpg 800w, https:\/\/pridewinnipeg.com\/wp-content\/uploads\/2021\/07\/170603-AG-3332-300x200.jpg 300w, https:\/\/pridewinnipeg.com\/wp-content\/uploads\/2021\/07\/170603-AG-3332-768x513.jpg 768w, https:\/\/pridewinnipeg.com\/wp-content\/uploads\/2021\/07\/170603-AG-3332-16x12.jpg 16w\" sizes=\"(max-width: 800px) 100vw, 800px\" \/><\/figure><div class=\"elementor-image-box-content\"><h3 class=\"elementor-image-box-title\">Entr\u00e9e accessible<\/h3><p class=\"elementor-image-box-description\">Nous offrons une entr\u00e9e et un bar accessibles sous la tente des boissons et sur la terrasse du magasin d'alcools pour un acc\u00e8s plus facile. <\/p><\/div><\/div>\t\t\t\t<\/div>\n\t\t\t\t<\/div>\n\t\t\t\t\t<\/div>\n\t\t<\/div>\n\t\t\t\t<div class=\"elementor-column elementor-col-50 elementor-inner-column elementor-element elementor-element-3f18693\" data-id=\"3f18693\" data-element_type=\"column\" data-e-type=\"column\">\n\t\t\t<div class=\"elementor-widget-wrap elementor-element-populated\">\n\t\t\t\t\t\t<div class=\"elementor-element elementor-element-0f25791 elementor-position-top elementor-widget elementor-widget-image-box\" data-id=\"0f25791\" data-element_type=\"widget\" data-e-type=\"widget\" data-widget_type=\"image-box.default\">\n\t\t\t\t<div class=\"elementor-widget-container\">\n\t\t\t\t\t<div class=\"elementor-image-box-wrapper\"><figure class=\"elementor-image-box-img\"><img loading=\"lazy\" decoding=\"async\" width=\"800\" height=\"533\" src=\"https:\/\/pridewinnipeg.com\/wp-content\/uploads\/2021\/07\/PrideFestival06-02-2019-13-of-52.jpg\" class=\"attachment-full size-full wp-image-2833\" alt=\"front of the festival stage\" srcset=\"https:\/\/pridewinnipeg.com\/wp-content\/uploads\/2021\/07\/PrideFestival06-02-2019-13-of-52.jpg 800w, https:\/\/pridewinnipeg.com\/wp-content\/uploads\/2021\/07\/PrideFestival06-02-2019-13-of-52-300x200.jpg 300w, https:\/\/pridewinnipeg.com\/wp-content\/uploads\/2021\/07\/PrideFestival06-02-2019-13-of-52-768x512.jpg 768w, https:\/\/pridewinnipeg.com\/wp-content\/uploads\/2021\/07\/PrideFestival06-02-2019-13-of-52-16x12.jpg 16w\" sizes=\"(max-width: 800px) 100vw, 800px\" \/><\/figure><div class=\"elementor-image-box-content\"><h3 class=\"elementor-image-box-title\">Section familiale<\/h3><p class=\"elementor-image-box-description\">Nous offrons, pr\u00e8s de la sc\u00e8ne principale, une section familiale, laquelle offre plus d'espace, a un acc\u00e8s \u00e0 l'avant de la sc\u00e8ne et est \u00e9quip\u00e9e de tables pour votre confort. <\/p><\/div><\/div>\t\t\t\t<\/div>\n\t\t\t\t<\/div>\n\t\t\t\t<div class=\"elementor-element elementor-element-dc211de elementor-position-top elementor-widget elementor-widget-image-box\" data-id=\"dc211de\" data-element_type=\"widget\" data-e-type=\"widget\" data-widget_type=\"image-box.default\">\n\t\t\t\t<div class=\"elementor-widget-container\">\n\t\t\t\t\t<div class=\"elementor-image-box-wrapper\"><figure class=\"elementor-image-box-img\"><img loading=\"lazy\" decoding=\"async\" width=\"460\" height=\"306\" src=\"https:\/\/pridewinnipeg.com\/wp-content\/uploads\/2024\/05\/canadalife-e1715908149336.jpg\" class=\"attachment-full size-full wp-image-5556\" alt=\"Exterior front of the Canada Life Centre\" \/><\/figure><div class=\"elementor-image-box-content\"><h3 class=\"elementor-image-box-title\">Zone d'observation accessible<\/h3><p class=\"elementor-image-box-description\">Fiert\u00e9 Winnipeg s'est associ\u00e9e \u00e0 True North Sports and Entertainment et au Canada Life Centre pour offrir une zone de visionnement accessible et climatis\u00e9e avec description audio pour le d\u00e9fil\u00e9 de cette ann\u00e9e\u00a0! L'inscription est fortement recommand\u00e9e.\n\nPour vous inscrire ou pour obtenir plus d'informations, veuillez communiquer avec Rae Gunn, vice-pr\u00e9sidente, Plaidoyer et Impact, \u00e0 l'adresse rgunn@pridewinnipeg.com.<\/p><\/div><\/div>\t\t\t\t<\/div>\n\t\t\t\t<\/div>\n\t\t\t\t<div class=\"elementor-element elementor-element-2f823df elementor-position-top elementor-widget elementor-widget-image-box\" data-id=\"2f823df\" data-element_type=\"widget\" data-e-type=\"widget\" data-widget_type=\"image-box.default\">\n\t\t\t\t<div class=\"elementor-widget-container\">\n\t\t\t\t\t<div class=\"elementor-image-box-wrapper\"><figure class=\"elementor-image-box-img\"><img loading=\"lazy\" decoding=\"async\" width=\"800\" height=\"533\" src=\"https:\/\/pridewinnipeg.com\/wp-content\/uploads\/2021\/07\/180603-AG-4589.jpg\" class=\"attachment-full size-full wp-image-2835\" alt=\"information tent\" srcset=\"https:\/\/pridewinnipeg.com\/wp-content\/uploads\/2021\/07\/180603-AG-4589.jpg 800w, https:\/\/pridewinnipeg.com\/wp-content\/uploads\/2021\/07\/180603-AG-4589-300x200.jpg 300w, https:\/\/pridewinnipeg.com\/wp-content\/uploads\/2021\/07\/180603-AG-4589-768x512.jpg 768w, https:\/\/pridewinnipeg.com\/wp-content\/uploads\/2021\/07\/180603-AG-4589-16x12.jpg 16w\" sizes=\"(max-width: 800px) 100vw, 800px\" \/><\/figure><div class=\"elementor-image-box-content\"><h3 class=\"elementor-image-box-title\">Tente d'information<\/h3><p class=\"elementor-image-box-description\">Sous la tente d'information, vous pourrez obtenir des renseignements, trouver du soutien b\u00e9n\u00e9vole, laisser des commentaires ou poser toutes les questions que vous avez.<\/p><\/div><\/div>\t\t\t\t<\/div>\n\t\t\t\t<\/div>\n\t\t\t\t\t<\/div>\n\t\t<\/div>\n\t\t\t\t\t<\/div>\n\t\t<\/section>\n\t\t\t\t\t<\/div>\n\t\t<\/div>\n\t\t\t\t\t<\/div>\n\t\t<\/section>\n\t\t\t\t<section class=\"elementor-section elementor-top-section elementor-element elementor-element-99a4eeb elementor-section-boxed elementor-section-height-default elementor-section-height-default\" data-id=\"99a4eeb\" data-element_type=\"section\" data-e-type=\"section\">\n\t\t\t\t\t\t<div class=\"elementor-container elementor-column-gap-default\">\n\t\t\t\t\t<div class=\"elementor-column elementor-col-100 elementor-top-column elementor-element elementor-element-4476178\" data-id=\"4476178\" data-element_type=\"column\" data-e-type=\"column\">\n\t\t\t<div class=\"elementor-widget-wrap elementor-element-populated\">\n\t\t\t\t\t\t<div class=\"elementor-element elementor-element-32fde10 elementor-widget-divider--view-line elementor-widget elementor-widget-divider\" data-id=\"32fde10\" data-element_type=\"widget\" data-e-type=\"widget\" data-widget_type=\"divider.default\">\n\t\t\t\t<div class=\"elementor-widget-container\">\n\t\t\t\t\t\t\t<div class=\"elementor-divider\">\n\t\t\t<span class=\"elementor-divider-separator\">\n\t\t\t\t\t\t<\/span>\n\t\t<\/div>\n\t\t\t\t\t\t<\/div>\n\t\t\t\t<\/div>\n\t\t\t\t\t<\/div>\n\t\t<\/div>\n\t\t\t\t\t<\/div>\n\t\t<\/section>\n\t\t\t\t<section class=\"elementor-section elementor-top-section elementor-element elementor-element-45a7b63 elementor-section-boxed elementor-section-height-default elementor-section-height-default\" data-id=\"45a7b63\" data-element_type=\"section\" data-e-type=\"section\">\n\t\t\t\t\t\t<div class=\"elementor-container elementor-column-gap-default\">\n\t\t\t\t\t<div class=\"elementor-column elementor-col-100 elementor-top-column elementor-element elementor-element-247e7d7\" data-id=\"247e7d7\" data-element_type=\"column\" data-e-type=\"column\">\n\t\t\t<div class=\"elementor-widget-wrap elementor-element-populated\">\n\t\t\t\t\t\t<div class=\"elementor-element elementor-element-dd5f7b7 elementor-widget elementor-widget-heading\" data-id=\"dd5f7b7\" data-element_type=\"widget\" data-e-type=\"widget\" data-widget_type=\"heading.default\">\n\t\t\t\t<div class=\"elementor-widget-container\">\n\t\t\t\t\t<h2 class=\"elementor-heading-title elementor-size-default\">ACCESSIBILIT\u00c9 NUM\u00c9RIQUE<\/h2>\t\t\t\t<\/div>\n\t\t\t\t<\/div>\n\t\t\t\t<div class=\"elementor-element elementor-element-c69ef23 elementor-widget elementor-widget-eael-feature-list\" data-id=\"c69ef23\" data-element_type=\"widget\" data-e-type=\"widget\" data-widget_type=\"eael-feature-list.default\">\n\t\t\t\t<div class=\"elementor-widget-container\">\n\t\t\t\t\t\t\t<div class=\"-icon-position-left -tablet-icon-position-left -mobile-icon-position-left\">\n\t\t\t<ul id=\"eael-feature-list-c69ef23\" class=\"eael-feature-list-items circle stacked  eael-feature-list-vertical\" data-layout-tablet=\"vertical\" data-layout-mobile=\"vertical\">\n\t\t\t                <li class=\"eael-feature-list-item elementor-repeater-item-01124a2\">\n                    \n\t\t\t\t\t\t<div class=\"eael-feature-list-icon-box\">\n\t\t\t\t\t\t\t<div class=\"eael-feature-list-icon-inner\">\n\n\t\t\t\t\t\t\t\t<span class=\"eael-feature-list-icon fl-icon-0\">\n\n\t\t<i aria-hidden=\"true\" class=\"far fa-file-alt\"><\/i>\t\t\t\t\t\t\t\t<\/span>\n\t\t\t\t\t\t\t<\/div>\n\t\t\t\t\t\t<\/div>\n\t\t\t\t\t\t<div class=\"eael-feature-list-content-box\">\n                            <h3 class=\"eael-feature-list-title\">L\u00e9gende et Texte ALT<\/h3>\t\t\t\t\t\t<p class=\"eael-feature-list-content\">Les images ou les vid\u00e9os utilis\u00e9es sur les m\u00e9dias sociaux, les sites Web et d'autres applications num\u00e9riques doivent comporter un texte ALT. Cela permet de garantir l'accessibilit\u00e9 du contenu de l'image ou de la vid\u00e9o aux personnes souffrant de d\u00e9ficience visuelle. Pour Instagram, par exemple, la fonctionnalit\u00e9 de texte ALT ne fonctionne pas pour tout le monde, donc une description de l'image ou de la vid\u00e9o doit figurer sous le message.<\/p>\n\t\t\t\t\t\t<\/div>\n\n\t\t\t\t\t<\/li>\n\t\t\t\t                <li class=\"eael-feature-list-item elementor-repeater-item-218697c\">\n                    \n\t\t\t\t\t\t<div class=\"eael-feature-list-icon-box\">\n\t\t\t\t\t\t\t<div class=\"eael-feature-list-icon-inner\">\n\n\t\t\t\t\t\t\t\t<span class=\"eael-feature-list-icon fl-icon-1\">\n\n\t\t<i aria-hidden=\"true\" class=\"far fa-newspaper\"><\/i>\t\t\t\t\t\t\t\t<\/span>\n\t\t\t\t\t\t\t<\/div>\n\t\t\t\t\t\t<\/div>\n\t\t\t\t\t\t<div class=\"eael-feature-list-content-box\">\n                            <h3 class=\"eael-feature-list-title\">Taille de la Police<\/h3>\t\t\t\t\t\t<p class=\"eael-feature-list-content\">Pour garantir la lisibilit\u00e9, la taille minimale de la police doit \u00eatre de 12 point (\u00e0 l\u2019exception des notes de bas de page ou d'en-t\u00eate dans les documents \u00e0 fort contenu textuel). Veillez \u00e0 ce que la diff\u00e9rence de taille entre le titre et le corps du texte soit perceptible afin de cr\u00e9er une hi\u00e9rarchie visuelle.<\/p>\n\t\t\t\t\t\t<\/div>\n\n\t\t\t\t\t<\/li>\n\t\t\t\t                <li class=\"eael-feature-list-item elementor-repeater-item-514d88e\">\n                    \n\t\t\t\t\t\t<div class=\"eael-feature-list-icon-box\">\n\t\t\t\t\t\t\t<div class=\"eael-feature-list-icon-inner\">\n\n\t\t\t\t\t\t\t\t<span class=\"eael-feature-list-icon fl-icon-2\">\n\n\t\t<i aria-hidden=\"true\" class=\"fas fa-pencil-alt\"><\/i>\t\t\t\t\t\t\t\t<\/span>\n\t\t\t\t\t\t\t<\/div>\n\t\t\t\t\t\t<\/div>\n\t\t\t\t\t\t<div class=\"eael-feature-list-content-box\">\n                            <h3 class=\"eael-feature-list-title\">Utilisation de Couleurs<\/h3>\t\t\t\t\t\t<p class=\"eael-feature-list-content\">En ce qui concerne l'utilisation de couleurs, l'objectif est d\u2019avoir un contraste suffisant entre l'\u00e9l\u00e9ment (par exemple, la police ou un ic\u00f4ne) et le fond pour une lisibilit\u00e9 optimale. Pour les \u00e9l\u00e9ments qui ne pr\u00e9sentent pas initialement un contraste suffisant (par exemple, jaune sur blanc), nous trouvons d'autres moyens de garantir la lisibilit\u00e9, telles l'application d'ombres, l'augmentation de la taille de l'\u00e9l\u00e9ment ou l'utilisation de caract\u00e8res gras.<\/p>\n\t\t\t\t\t\t<\/div>\n\n\t\t\t\t\t<\/li>\n\t\t\t\t                <li class=\"eael-feature-list-item elementor-repeater-item-3430888\">\n                    \n\t\t\t\t\t\t<div class=\"eael-feature-list-icon-box\">\n\t\t\t\t\t\t\t<div class=\"eael-feature-list-icon-inner\">\n\n\t\t\t\t\t\t\t\t<span class=\"eael-feature-list-icon fl-icon-3\">\n\n\t\t<i aria-hidden=\"true\" class=\"far fa-comments\"><\/i>\t\t\t\t\t\t\t\t<\/span>\n\t\t\t\t\t\t\t<\/div>\n\t\t\t\t\t\t<\/div>\n\t\t\t\t\t\t<div class=\"eael-feature-list-content-box\">\n                            <h3 class=\"eael-feature-list-title\">Langage Clair<\/h3>\t\t\t\t\t\t<p class=\"eael-feature-list-content\">Tous les documents de marketing et de communication doivent respecter les normes de langage clair de Fiert\u00e9 Winnipeg et ne peuvent avoir un niveau de lecture sup\u00e9rieur \u00e0 la 8e ann\u00e9e.<\/p>\n\t\t\t\t\t\t<\/div>\n\n\t\t\t\t\t<\/li>\n\t\t\t\t\t\t\t<\/ul>\n\t\t<\/div>\n\t\t\t\t\t\t<\/div>\n\t\t\t\t<\/div>\n\t\t\t\t\t<\/div>\n\t\t<\/div>\n\t\t\t\t\t<\/div>\n\t\t<\/section>\n\t\t\t\t<section class=\"elementor-section elementor-top-section elementor-element elementor-element-ad59583 elementor-section-boxed elementor-section-height-default elementor-section-height-default\" data-id=\"ad59583\" data-element_type=\"section\" data-e-type=\"section\">\n\t\t\t\t\t\t<div class=\"elementor-container elementor-column-gap-default\">\n\t\t\t\t\t<div class=\"elementor-column elementor-col-100 elementor-top-column elementor-element elementor-element-255334a\" data-id=\"255334a\" data-element_type=\"column\" data-e-type=\"column\">\n\t\t\t<div class=\"elementor-widget-wrap elementor-element-populated\">\n\t\t\t\t\t\t<div class=\"elementor-element elementor-element-5bd3f52 elementor-widget elementor-widget-spacer\" data-id=\"5bd3f52\" data-element_type=\"widget\" data-e-type=\"widget\" data-widget_type=\"spacer.default\">\n\t\t\t\t<div class=\"elementor-widget-container\">\n\t\t\t\t\t\t\t<div class=\"elementor-spacer\">\n\t\t\t<div class=\"elementor-spacer-inner\"><\/div>\n\t\t<\/div>\n\t\t\t\t\t\t<\/div>\n\t\t\t\t<\/div>\n\t\t\t\t<div class=\"elementor-element elementor-element-cb41ba8 content-align-cta-default elementor-widget elementor-widget-eael-cta-box\" data-id=\"cb41ba8\" data-element_type=\"widget\" data-e-type=\"widget\" data-widget_type=\"eael-cta-box.default\">\n\t\t\t\t<div class=\"elementor-widget-container\">\n\t\t\t\t\t\t\t<div class=\"eael-call-to-action cta-basic bg-lite cta-preset-1\">\n        <h2 class=\"title eael-cta-heading\">Vous avez des questions sur l'accessibilit\u00e9?<\/h2><p>Notre \u00e9quipe est l\u00e0 pour vous aider. Envoyez-nous un courriel \u00e0 l\u2019adresse accessibility@pridewinnipeg.com et nous vous r\u00e9pondrons dans les plus brefs d\u00e9lais.<\/p><a  href=\"mailto:accessibility@pridewinnipeg.com\" class=\"cta-button cta-preset-1\">accessibility@pridewinnipeg.com.<\/a>\t<\/div>\n\t\t\t\t\t\t\t\t<\/div>\n\t\t\t\t<\/div>\n\t\t\t\t\t<\/div>\n\t\t<\/div>\n\t\t\t\t\t<\/div>\n\t\t<\/section>\n\t\t\t\t<\/div>","protected":false},"excerpt":{"rendered":"<p>\u2013 ACCESSIBILITY At Pride Winnipeg, we embrace accessibility as one of our core values. Accessibility at the festival ASL Pride Winnipeg provides ASL services for&hellip;<\/p>","protected":false},"author":1,"featured_media":0,"parent":0,"menu_order":0,"comment_status":"closed","ping_status":"closed","template":"","meta":{"_exactmetrics_skip_tracking":false,"_exactmetrics_sitenote_active":false,"_exactmetrics_sitenote_note":"","_exactmetrics_sitenote_category":0,"footnotes":""},"class_list":["post-1597","page","type-page","status-publish","hentry"],"_links":{"self":[{"href":"https:\/\/pridewinnipeg.com\/f\/wp-json\/wp\/v2\/pages\/1597","targetHints":{"allow":["GET"]}}],"collection":[{"href":"https:\/\/pridewinnipeg.com\/f\/wp-json\/wp\/v2\/pages"}],"about":[{"href":"https:\/\/pridewinnipeg.com\/f\/wp-json\/wp\/v2\/types\/page"}],"author":[{"embeddable":true,"href":"https:\/\/pridewinnipeg.com\/f\/wp-json\/wp\/v2\/users\/1"}],"replies":[{"embeddable":true,"href":"https:\/\/pridewinnipeg.com\/f\/wp-json\/wp\/v2\/comments?post=1597"}],"version-history":[{"count":84,"href":"https:\/\/pridewinnipeg.com\/f\/wp-json\/wp\/v2\/pages\/1597\/revisions"}],"predecessor-version":[{"id":6518,"href":"https:\/\/pridewinnipeg.com\/f\/wp-json\/wp\/v2\/pages\/1597\/revisions\/6518"}],"wp:attachment":[{"href":"https:\/\/pridewinnipeg.com\/f\/wp-json\/wp\/v2\/media?parent=1597"}],"curies":[{"name":"wp","href":"https:\/\/api.w.org\/{rel}","templated":true}]}}