{"id":1596,"date":"2021-05-20T22:43:32","date_gmt":"2021-05-20T22:43:32","guid":{"rendered":"https:\/\/pridewinnipeg.com\/?page_id=1596"},"modified":"2025-03-17T19:27:19","modified_gmt":"2025-03-18T00:27:19","slug":"annual-general-meeting","status":"publish","type":"page","link":"https:\/\/pridewinnipeg.com\/f\/annual-general-meeting\/","title":{"rendered":"Assembl\u00e9e g\u00e9n\u00e9rale annuelle"},"content":{"rendered":"<div data-elementor-type=\"wp-page\" data-elementor-id=\"1596\" class=\"elementor elementor-1596\" data-elementor-post-type=\"page\">\n\t\t\t\t\t\t<section class=\"elementor-section elementor-top-section elementor-element elementor-element-4dd85a5 elementor-section-boxed elementor-section-height-default elementor-section-height-default\" data-id=\"4dd85a5\" data-element_type=\"section\" data-e-type=\"section\">\n\t\t\t\t\t\t<div class=\"elementor-container elementor-column-gap-default\">\n\t\t\t\t\t<div class=\"elementor-column elementor-col-100 elementor-top-column elementor-element elementor-element-574522d\" data-id=\"574522d\" data-element_type=\"column\" data-e-type=\"column\">\n\t\t\t<div class=\"elementor-widget-wrap elementor-element-populated\">\n\t\t\t\t\t\t<div class=\"elementor-element elementor-element-9991130 elementor-hidden-phone elementor-widget elementor-widget-image\" data-id=\"9991130\" data-element_type=\"widget\" data-e-type=\"widget\" data-widget_type=\"image.default\">\n\t\t\t\t<div class=\"elementor-widget-container\">\n\t\t\t\t\t\t\t\t\t\t\t\t\t\t\t<img fetchpriority=\"high\" decoding=\"async\" width=\"1520\" height=\"440\" src=\"https:\/\/pridewinnipeg.com\/wp-content\/uploads\/2021\/06\/Banner-6-2.png\" class=\"attachment-full size-full wp-image-2046\" alt=\"Person with hands painted in the colour of pride. Red gradient and spectrum are applied behind them\" srcset=\"https:\/\/pridewinnipeg.com\/wp-content\/uploads\/2021\/06\/Banner-6-2.png 1520w, https:\/\/pridewinnipeg.com\/wp-content\/uploads\/2021\/06\/Banner-6-2-300x87.png 300w, https:\/\/pridewinnipeg.com\/wp-content\/uploads\/2021\/06\/Banner-6-2-1024x296.png 1024w, https:\/\/pridewinnipeg.com\/wp-content\/uploads\/2021\/06\/Banner-6-2-768x222.png 768w, https:\/\/pridewinnipeg.com\/wp-content\/uploads\/2021\/06\/Banner-6-2-16x5.png 16w\" sizes=\"(max-width: 1520px) 100vw, 1520px\" \/>\t\t\t\t\t\t\t\t\t\t\t\t\t\t\t<\/div>\n\t\t\t\t<\/div>\n\t\t\t\t<div class=\"elementor-element elementor-element-7666dc6 elementor-hidden-desktop elementor-hidden-tablet elementor-widget elementor-widget-image\" data-id=\"7666dc6\" data-element_type=\"widget\" data-e-type=\"widget\" data-widget_type=\"image.default\">\n\t\t\t\t<div class=\"elementor-widget-container\">\n\t\t\t\t\t\t\t\t\t\t\t\t\t\t\t<img decoding=\"async\" width=\"1482\" height=\"847\" src=\"https:\/\/pridewinnipeg.com\/wp-content\/uploads\/2021\/07\/Banner-3.5-2.png\" class=\"attachment-full size-full wp-image-3096\" alt=\"\" srcset=\"https:\/\/pridewinnipeg.com\/wp-content\/uploads\/2021\/07\/Banner-3.5-2.png 1482w, https:\/\/pridewinnipeg.com\/wp-content\/uploads\/2021\/07\/Banner-3.5-2-300x171.png 300w, https:\/\/pridewinnipeg.com\/wp-content\/uploads\/2021\/07\/Banner-3.5-2-1024x585.png 1024w, https:\/\/pridewinnipeg.com\/wp-content\/uploads\/2021\/07\/Banner-3.5-2-768x439.png 768w, https:\/\/pridewinnipeg.com\/wp-content\/uploads\/2021\/07\/Banner-3.5-2-16x9.png 16w\" sizes=\"(max-width: 1482px) 100vw, 1482px\" \/>\t\t\t\t\t\t\t\t\t\t\t\t\t\t\t<\/div>\n\t\t\t\t<\/div>\n\t\t\t\t<div class=\"elementor-element elementor-element-4c6a800 elementor-widget elementor-widget-heading\" data-id=\"4c6a800\" data-element_type=\"widget\" data-e-type=\"widget\" data-widget_type=\"heading.default\">\n\t\t\t\t<div class=\"elementor-widget-container\">\n\t\t\t\t\t<h1 class=\"elementor-heading-title elementor-size-default\">ASSEMBL\u00c9E G\u00c9N\u00c9RALE ANNUELLE<\/h1>\t\t\t\t<\/div>\n\t\t\t\t<\/div>\n\t\t\t\t<div class=\"elementor-element elementor-element-4a78ca8 elementor-widget elementor-widget-heading\" data-id=\"4a78ca8\" data-element_type=\"widget\" data-e-type=\"widget\" data-widget_type=\"heading.default\">\n\t\t\t\t<div class=\"elementor-widget-container\">\n\t\t\t\t\t<h1 class=\"elementor-heading-title elementor-size-default\">\u2013<\/h1>\t\t\t\t<\/div>\n\t\t\t\t<\/div>\n\t\t\t\t<div class=\"elementor-element elementor-element-e008ca7 elementor-widget elementor-widget-text-editor\" data-id=\"e008ca7\" data-element_type=\"widget\" data-e-type=\"widget\" data-widget_type=\"text-editor.default\">\n\t\t\t\t<div class=\"elementor-widget-container\">\n\t\t\t\t\t\t\t\t\t<p style=\"caret-color: #414142; text-size-adjust: auto;\">Fiert\u00e9 Winnipeg organise g\u00e9n\u00e9ralement son assembl\u00e9e g\u00e9n\u00e9rale annuelle (AGA) en d\u00e9cembre.<\/p>\t\t\t\t\t\t\t\t<\/div>\n\t\t\t\t<\/div>\n\t\t\t\t<div class=\"elementor-element elementor-element-9052567 elementor-widget elementor-widget-heading\" data-id=\"9052567\" data-element_type=\"widget\" data-e-type=\"widget\" data-widget_type=\"heading.default\">\n\t\t\t\t<div class=\"elementor-widget-container\">\n\t\t\t\t\t<h3 class=\"elementor-heading-title elementor-size-default\">Qui peut y assister?<\/h3>\t\t\t\t<\/div>\n\t\t\t\t<\/div>\n\t\t\t\t<div class=\"elementor-element elementor-element-4c0c5c7 elementor-widget elementor-widget-text-editor\" data-id=\"4c0c5c7\" data-element_type=\"widget\" data-e-type=\"widget\" data-widget_type=\"text-editor.default\">\n\t\t\t\t<div class=\"elementor-widget-container\">\n\t\t\t\t\t\t\t\t\t<ul><li>Les membres de Fiert\u00e9 Winnipeg. Ceux et celles qui se sont inscrit\u00b7e\u00b7s ou qui ont renouvel\u00e9 leur adh\u00e9sion \u00e0 Fiert\u00e9 Winnipeg ont le droit de voter aux AGA.<\/li><li>Toute personne de la communaut\u00e9. Si vous n'\u00eates pas membre, vous pouvez assister \u00e0 l'AGA, mais vous n'aurez pas la possibilit\u00e9 de voter.<\/li><\/ul>\t\t\t\t\t\t\t\t<\/div>\n\t\t\t\t<\/div>\n\t\t\t\t<div class=\"elementor-element elementor-element-3506836 elementor-widget elementor-widget-heading\" data-id=\"3506836\" data-element_type=\"widget\" data-e-type=\"widget\" data-widget_type=\"heading.default\">\n\t\t\t\t<div class=\"elementor-widget-container\">\n\t\t\t\t\t<h3 class=\"elementor-heading-title elementor-size-default\">Quand la date de l'AGA est-elle publi\u00e9e?<\/h3>\t\t\t\t<\/div>\n\t\t\t\t<\/div>\n\t\t\t\t<div class=\"elementor-element elementor-element-f4630fc elementor-widget elementor-widget-text-editor\" data-id=\"f4630fc\" data-element_type=\"widget\" data-e-type=\"widget\" data-widget_type=\"text-editor.default\">\n\t\t\t\t<div class=\"elementor-widget-container\">\n\t\t\t\t\t\t\t\t\t<ul><li>La date, l\u2019heure et le lieu de l'AGA sont publi\u00e9s un ou deux mois avant la date de l'\u00e9v\u00e9nement.<\/li><li>\u00a0Consultez notre blog ou suivez-nous sur Instagram ou sur Facebook pour rester \u00e0 l'\u00e9coute et \u00eatre inform\u00e9 de la date de la prochaine AGA.<\/li><li>Les documents de l'AGA et toute information suppl\u00e9mentaire (par exemple, le lien de la r\u00e9union, dans le cas o\u00f9 l'\u00e9v\u00e9nement se d\u00e9roule virtuellement) seront publi\u00e9s plus pr\u00e8s de la date de la r\u00e9union.<\/li><\/ul>\t\t\t\t\t\t\t\t<\/div>\n\t\t\t\t<\/div>\n\t\t\t\t<div class=\"elementor-element elementor-element-a0a2d2f elementor-widget elementor-widget-heading\" data-id=\"a0a2d2f\" data-element_type=\"widget\" data-e-type=\"widget\" data-widget_type=\"heading.default\">\n\t\t\t\t<div class=\"elementor-widget-container\">\n\t\t\t\t\t<h3 class=\"elementor-heading-title elementor-size-default\">Vous avez une demande de mesures d'adaptation en mati\u00e8re d'accessibilit\u00e9?<\/h3>\t\t\t\t<\/div>\n\t\t\t\t<\/div>\n\t\t\t\t<div class=\"elementor-element elementor-element-219f139 elementor-widget elementor-widget-text-editor\" data-id=\"219f139\" data-element_type=\"widget\" data-e-type=\"widget\" data-widget_type=\"text-editor.default\">\n\t\t\t\t<div class=\"elementor-widget-container\">\n\t\t\t\t\t\t\t\t\t<p class=\"translation-block\">Des services d\u2019interpr\u00e9tation gestuelle seront fournis. Si vous avez besoin d\u2019autres mesures d'adaptation en mati\u00e8re d'accessibilit\u00e9, veuillez envoyer un courriel \u00e0 <a role=\"link\" href=\"mailto:accessibility@pridewinnipeg.com\" target=\"_self\">accessibility@pridewinnipeg.com<\/a>.<\/p>\t\t\t\t\t\t\t\t<\/div>\n\t\t\t\t<\/div>\n\t\t\t\t<div class=\"elementor-element elementor-element-1c6ebfa elementor-widget elementor-widget-heading\" data-id=\"1c6ebfa\" data-element_type=\"widget\" data-e-type=\"widget\" data-widget_type=\"heading.default\">\n\t\t\t\t<div class=\"elementor-widget-container\">\n\t\t\t\t\t<h3 class=\"elementor-heading-title elementor-size-default\">AGA des ann\u00e9es pr\u00e9c\u00e9dentes<\/h3>\t\t\t\t<\/div>\n\t\t\t\t<\/div>\n\t\t\t\t<div class=\"elementor-element elementor-element-145d97f elementor-widget elementor-widget-text-editor\" data-id=\"145d97f\" data-element_type=\"widget\" data-e-type=\"widget\" data-widget_type=\"text-editor.default\">\n\t\t\t\t<div class=\"elementor-widget-container\">\n\t\t\t\t\t\t\t\t\t<p>Consultez nos assembl\u00e9es g\u00e9n\u00e9rales annuelles pr\u00e9c\u00e9dentes.<\/p><p><a  href=\"https:\/\/pridewinnipeg.com\/wp-content\/uploads\/2025\/03\/2023-AGM-Minutes.docx.pdf\">2023 AGM Minutes<\/a><\/p><p><a  href=\"https:\/\/pridewinnipeg.com\/wp-content\/uploads\/2025\/03\/2023-AGM-Agenda.pdf\">2023 AGM Agenda<\/a><\/p>\t\t\t\t\t\t\t\t<\/div>\n\t\t\t\t<\/div>\n\t\t\t\t\t<\/div>\n\t\t<\/div>\n\t\t\t\t\t<\/div>\n\t\t<\/section>\n\t\t\t\t<section class=\"elementor-section elementor-top-section elementor-element elementor-element-146053a elementor-section-boxed elementor-section-height-default elementor-section-height-default\" data-id=\"146053a\" data-element_type=\"section\" data-e-type=\"section\">\n\t\t\t\t\t\t<div class=\"elementor-container elementor-column-gap-default\">\n\t\t\t\t\t<div class=\"elementor-column elementor-col-100 elementor-top-column elementor-element elementor-element-7c10173\" data-id=\"7c10173\" data-element_type=\"column\" data-e-type=\"column\">\n\t\t\t<div class=\"elementor-widget-wrap elementor-element-populated\">\n\t\t\t\t\t\t<div class=\"elementor-element elementor-element-8ec81bc content-align-cta-default elementor-widget elementor-widget-eael-cta-box\" data-id=\"8ec81bc\" data-element_type=\"widget\" data-e-type=\"widget\" data-widget_type=\"eael-cta-box.default\">\n\t\t\t\t<div class=\"elementor-widget-container\">\n\t\t\t\t\t\t\t<div class=\"eael-call-to-action cta-basic bg-lite cta-preset-1\">\n        <h2 class=\"title eael-cta-heading\">Assurez Votre Adh\u00e9sion<\/h2><p>Participez activement et votez lors de la prochaine AGA.<\/p><a  href=\"https:\/\/pridewinnipeg.com\/f\/?goto=AB8SHFxaHhIeHxwNBg4BBB0dF1RaCgUbXwQSBREGFxsdAxQ\" class=\"cta-button cta-preset-1\">ACHETEZ UNE ADH\u00c9SION \u00c0 l\u2019AGA DE CETTE ANN\u00c9E<\/a>\t<\/div>\n\t\t\t\t\t\t\t\t<\/div>\n\t\t\t\t<\/div>\n\t\t\t\t\t<\/div>\n\t\t<\/div>\n\t\t\t\t\t<\/div>\n\t\t<\/section>\n\t\t\t\t<\/div>","protected":false},"excerpt":{"rendered":"<p>ANNUAL GENERAL MEETING \u2013 Pride Winnipeg hosts the Annual General Meeting (AGM) usually in the month of December. Who can attend? Members of Pride Winnipeg:&hellip;<\/p>","protected":false},"author":1,"featured_media":0,"parent":0,"menu_order":0,"comment_status":"closed","ping_status":"closed","template":"","meta":{"_exactmetrics_skip_tracking":false,"_exactmetrics_sitenote_active":false,"_exactmetrics_sitenote_note":"","_exactmetrics_sitenote_category":0,"footnotes":""},"class_list":["post-1596","page","type-page","status-publish","hentry"],"_links":{"self":[{"href":"https:\/\/pridewinnipeg.com\/f\/wp-json\/wp\/v2\/pages\/1596","targetHints":{"allow":["GET"]}}],"collection":[{"href":"https:\/\/pridewinnipeg.com\/f\/wp-json\/wp\/v2\/pages"}],"about":[{"href":"https:\/\/pridewinnipeg.com\/f\/wp-json\/wp\/v2\/types\/page"}],"author":[{"embeddable":true,"href":"https:\/\/pridewinnipeg.com\/f\/wp-json\/wp\/v2\/users\/1"}],"replies":[{"embeddable":true,"href":"https:\/\/pridewinnipeg.com\/f\/wp-json\/wp\/v2\/comments?post=1596"}],"version-history":[{"count":30,"href":"https:\/\/pridewinnipeg.com\/f\/wp-json\/wp\/v2\/pages\/1596\/revisions"}],"predecessor-version":[{"id":6040,"href":"https:\/\/pridewinnipeg.com\/f\/wp-json\/wp\/v2\/pages\/1596\/revisions\/6040"}],"wp:attachment":[{"href":"https:\/\/pridewinnipeg.com\/f\/wp-json\/wp\/v2\/media?parent=1596"}],"curies":[{"name":"wp","href":"https:\/\/api.w.org\/{rel}","templated":true}]}}