{"id":1595,"date":"2021-05-20T22:43:27","date_gmt":"2021-05-20T22:43:27","guid":{"rendered":"https:\/\/pridewinnipeg.com\/?page_id=1595"},"modified":"2025-04-07T19:19:00","modified_gmt":"2025-04-08T00:19:00","slug":"bylaws-and-policies","status":"publish","type":"page","link":"https:\/\/pridewinnipeg.com\/f\/bylaws-and-policies\/","title":{"rendered":"R\u00e8glements Administratifs et Politiques"},"content":{"rendered":"<div data-elementor-type=\"wp-page\" data-elementor-id=\"1595\" class=\"elementor elementor-1595\" data-elementor-post-type=\"page\">\n\t\t\t\t\t\t<section class=\"elementor-section elementor-top-section elementor-element elementor-element-316fd4a elementor-section-boxed elementor-section-height-default elementor-section-height-default\" data-id=\"316fd4a\" data-element_type=\"section\" data-e-type=\"section\">\n\t\t\t\t\t\t<div class=\"elementor-container elementor-column-gap-default\">\n\t\t\t\t\t<div class=\"elementor-column elementor-col-100 elementor-top-column elementor-element elementor-element-f816a7f\" data-id=\"f816a7f\" data-element_type=\"column\" data-e-type=\"column\">\n\t\t\t<div class=\"elementor-widget-wrap elementor-element-populated\">\n\t\t\t\t\t\t<div class=\"elementor-element elementor-element-d34a783 elementor-hidden-phone elementor-widget elementor-widget-image\" data-id=\"d34a783\" data-element_type=\"widget\" data-e-type=\"widget\" data-widget_type=\"image.default\">\n\t\t\t\t<div class=\"elementor-widget-container\">\n\t\t\t\t\t\t\t\t\t\t\t\t\t\t\t<img fetchpriority=\"high\" decoding=\"async\" width=\"1520\" height=\"440\" src=\"https:\/\/pridewinnipeg.com\/wp-content\/uploads\/2021\/06\/Banner-3-3.png\" class=\"attachment-full size-full wp-image-2043\" alt=\"Two-Spirit person at the Pride Festival. Red gradient and spectrum are applied behind them\" srcset=\"https:\/\/pridewinnipeg.com\/wp-content\/uploads\/2021\/06\/Banner-3-3.png 1520w, https:\/\/pridewinnipeg.com\/wp-content\/uploads\/2021\/06\/Banner-3-3-300x87.png 300w, https:\/\/pridewinnipeg.com\/wp-content\/uploads\/2021\/06\/Banner-3-3-1024x296.png 1024w, https:\/\/pridewinnipeg.com\/wp-content\/uploads\/2021\/06\/Banner-3-3-768x222.png 768w, https:\/\/pridewinnipeg.com\/wp-content\/uploads\/2021\/06\/Banner-3-3-16x5.png 16w\" sizes=\"(max-width: 1520px) 100vw, 1520px\" \/>\t\t\t\t\t\t\t\t\t\t\t\t\t\t\t<\/div>\n\t\t\t\t<\/div>\n\t\t\t\t<div class=\"elementor-element elementor-element-bea8dda elementor-hidden-desktop elementor-hidden-tablet elementor-widget elementor-widget-image\" data-id=\"bea8dda\" data-element_type=\"widget\" data-e-type=\"widget\" data-widget_type=\"image.default\">\n\t\t\t\t<div class=\"elementor-widget-container\">\n\t\t\t\t\t\t\t\t\t\t\t\t\t\t\t<img decoding=\"async\" width=\"1466\" height=\"838\" src=\"https:\/\/pridewinnipeg.com\/wp-content\/uploads\/2021\/07\/Banner-3.2-2.png\" class=\"attachment-full size-full wp-image-3093\" alt=\"\" srcset=\"https:\/\/pridewinnipeg.com\/wp-content\/uploads\/2021\/07\/Banner-3.2-2.png 1466w, https:\/\/pridewinnipeg.com\/wp-content\/uploads\/2021\/07\/Banner-3.2-2-300x171.png 300w, https:\/\/pridewinnipeg.com\/wp-content\/uploads\/2021\/07\/Banner-3.2-2-1024x585.png 1024w, https:\/\/pridewinnipeg.com\/wp-content\/uploads\/2021\/07\/Banner-3.2-2-768x439.png 768w, https:\/\/pridewinnipeg.com\/wp-content\/uploads\/2021\/07\/Banner-3.2-2-16x9.png 16w\" sizes=\"(max-width: 1466px) 100vw, 1466px\" \/>\t\t\t\t\t\t\t\t\t\t\t\t\t\t\t<\/div>\n\t\t\t\t<\/div>\n\t\t\t\t<div class=\"elementor-element elementor-element-2a1f9a5 elementor-widget elementor-widget-heading\" data-id=\"2a1f9a5\" data-element_type=\"widget\" data-e-type=\"widget\" data-widget_type=\"heading.default\">\n\t\t\t\t<div class=\"elementor-widget-container\">\n\t\t\t\t\t<h1 class=\"elementor-heading-title elementor-size-default\">R\u00c8GLEMENTS ADMINISTRATIFS ET POLITIQUES<\/h1>\t\t\t\t<\/div>\n\t\t\t\t<\/div>\n\t\t\t\t<div class=\"elementor-element elementor-element-a0dd2af elementor-widget elementor-widget-heading\" data-id=\"a0dd2af\" data-element_type=\"widget\" data-e-type=\"widget\" data-widget_type=\"heading.default\">\n\t\t\t\t<div class=\"elementor-widget-container\">\n\t\t\t\t\t<h1 class=\"elementor-heading-title elementor-size-default\">\u2013<\/h1>\t\t\t\t<\/div>\n\t\t\t\t<\/div>\n\t\t\t\t<div class=\"elementor-element elementor-element-1e3c994 elementor-widget elementor-widget-text-editor\" data-id=\"1e3c994\" data-element_type=\"widget\" data-e-type=\"widget\" data-widget_type=\"text-editor.default\">\n\t\t\t\t<div class=\"elementor-widget-container\">\n\t\t\t\t\t\t\t\t\t<p>Vous trouverez ci-dessous tous les documents concernant les r\u00e8glements administratifs et les politiques de Fiert\u00e9 Winnipeg que vous pouvez t\u00e9l\u00e9charger (en format .pdf) (en anglais seulement).<\/p>\t\t\t\t\t\t\t\t<\/div>\n\t\t\t\t<\/div>\n\t\t\t\t<div class=\"elementor-element elementor-element-9cb0795 elementor-widget elementor-widget-heading\" data-id=\"9cb0795\" data-element_type=\"widget\" data-e-type=\"widget\" data-widget_type=\"heading.default\">\n\t\t\t\t<div class=\"elementor-widget-container\">\n\t\t\t\t\t<h2 class=\"elementor-heading-title elementor-size-default\">R\u00c8GLEMENTS ADMINISTRATIFS<\/h2>\t\t\t\t<\/div>\n\t\t\t\t<\/div>\n\t\t\t\t<div class=\"elementor-element elementor-element-72b747e elementor-widget elementor-widget-text-editor\" data-id=\"72b747e\" data-element_type=\"widget\" data-e-type=\"widget\" data-widget_type=\"text-editor.default\">\n\t\t\t\t<div class=\"elementor-widget-container\">\n\t\t\t\t\t\t\t\t\t<p><strong><a  href=\"https:\/\/pridewinnipeg.com\/wp-content\/uploads\/2025\/04\/Pride-Winnipeg-Festival-By-Laws-FINAL-2.pdf\">Pride Winnipeg Festival Inc By-Laws<\/a><\/strong><\/p>\t\t\t\t\t\t\t\t<\/div>\n\t\t\t\t<\/div>\n\t\t\t\t<div class=\"elementor-element elementor-element-89c04df elementor-widget-divider--view-line elementor-widget elementor-widget-divider\" data-id=\"89c04df\" data-element_type=\"widget\" data-e-type=\"widget\" data-widget_type=\"divider.default\">\n\t\t\t\t<div class=\"elementor-widget-container\">\n\t\t\t\t\t\t\t<div class=\"elementor-divider\">\n\t\t\t<span class=\"elementor-divider-separator\">\n\t\t\t\t\t\t<\/span>\n\t\t<\/div>\n\t\t\t\t\t\t<\/div>\n\t\t\t\t<\/div>\n\t\t\t\t\t<\/div>\n\t\t<\/div>\n\t\t\t\t\t<\/div>\n\t\t<\/section>\n\t\t\t\t<section class=\"elementor-section elementor-top-section elementor-element elementor-element-ec20cc0 elementor-section-boxed elementor-section-height-default elementor-section-height-default\" data-id=\"ec20cc0\" data-element_type=\"section\" data-e-type=\"section\">\n\t\t\t\t\t\t<div class=\"elementor-container elementor-column-gap-default\">\n\t\t\t\t\t<div class=\"elementor-column elementor-col-100 elementor-top-column elementor-element elementor-element-10ba5b1\" data-id=\"10ba5b1\" data-element_type=\"column\" data-e-type=\"column\">\n\t\t\t<div class=\"elementor-widget-wrap elementor-element-populated\">\n\t\t\t\t\t\t<div class=\"elementor-element elementor-element-dd766c4 elementor-widget elementor-widget-heading\" data-id=\"dd766c4\" data-element_type=\"widget\" data-e-type=\"widget\" data-widget_type=\"heading.default\">\n\t\t\t\t<div class=\"elementor-widget-container\">\n\t\t\t\t\t<h2 class=\"elementor-heading-title elementor-size-default\">POLITIQUES<\/h2>\t\t\t\t<\/div>\n\t\t\t\t<\/div>\n\t\t\t\t<section class=\"elementor-section elementor-inner-section elementor-element elementor-element-5d68252 elementor-section-boxed elementor-section-height-default elementor-section-height-default\" data-id=\"5d68252\" data-element_type=\"section\" data-e-type=\"section\">\n\t\t\t\t\t\t<div class=\"elementor-container elementor-column-gap-default\">\n\t\t\t\t\t<div class=\"elementor-column elementor-col-33 elementor-inner-column elementor-element elementor-element-e813a2d\" data-id=\"e813a2d\" data-element_type=\"column\" data-e-type=\"column\">\n\t\t\t<div class=\"elementor-widget-wrap elementor-element-populated\">\n\t\t\t\t\t\t<div class=\"elementor-element elementor-element-1259c31 elementor-widget elementor-widget-heading\" data-id=\"1259c31\" data-element_type=\"widget\" data-e-type=\"widget\" data-widget_type=\"heading.default\">\n\t\t\t\t<div class=\"elementor-widget-container\">\n\t\t\t\t\t<h3 class=\"elementor-heading-title elementor-size-default\">Pr\u00e9sident<\/h3>\t\t\t\t<\/div>\n\t\t\t\t<\/div>\n\t\t\t\t<div class=\"elementor-element elementor-element-f4eae92 elementor-widget elementor-widget-text-editor\" data-id=\"f4eae92\" data-element_type=\"widget\" data-e-type=\"widget\" data-widget_type=\"text-editor.default\">\n\t\t\t\t<div class=\"elementor-widget-container\">\n\t\t\t\t\t\t\t\t\t<p><a  href=\"https:\/\/pridewinnipeg.com\/wp-content\/uploads\/2019\/12\/Arbitration-and-Appeals.pdf\">Arbitrage et appels (en anglais seulement)<\/a><\/p><p><a  href=\"https:\/\/pridewinnipeg.com\/wp-content\/uploads\/2019\/12\/Consultation-Process-for-Urgent-Matters.pdf\">Processus de consultation pour les questions urgentes (en anglais seulement)<\/a><\/p><p><a  href=\"https:\/\/pridewinnipeg.com\/wp-content\/uploads\/2019\/12\/Delegation-of-Authority.pdf\">D\u00e9l\u00e9gation d\u2019autorit\u00e9 (en anglais seulement)<\/a><\/p><p><a  href=\"https:\/\/pridewinnipeg.com\/wp-content\/uploads\/2019\/12\/Sponsor-Relations.pdf\">Relations avec les commanditaires (en anglais seulement)<\/a><\/p>\t\t\t\t\t\t\t\t<\/div>\n\t\t\t\t<\/div>\n\t\t\t\t\t<\/div>\n\t\t<\/div>\n\t\t\t\t<div class=\"elementor-column elementor-col-33 elementor-inner-column elementor-element elementor-element-9c7642f\" data-id=\"9c7642f\" data-element_type=\"column\" data-e-type=\"column\">\n\t\t\t<div class=\"elementor-widget-wrap elementor-element-populated\">\n\t\t\t\t\t\t<div class=\"elementor-element elementor-element-1396393 elementor-widget elementor-widget-heading\" data-id=\"1396393\" data-element_type=\"widget\" data-e-type=\"widget\" data-widget_type=\"heading.default\">\n\t\t\t\t<div class=\"elementor-widget-container\">\n\t\t\t\t\t<h3 class=\"elementor-heading-title elementor-size-default\">Programmation<\/h3>\t\t\t\t<\/div>\n\t\t\t\t<\/div>\n\t\t\t\t<div class=\"elementor-element elementor-element-7886d1e elementor-widget elementor-widget-text-editor\" data-id=\"7886d1e\" data-element_type=\"widget\" data-e-type=\"widget\" data-widget_type=\"text-editor.default\">\n\t\t\t\t<div class=\"elementor-widget-container\">\n\t\t\t\t\t\t\t\t\t<p><a  href=\"https:\/\/pridewinnipeg.com\/wp-content\/uploads\/2019\/12\/Performance-Contract-Management.pdf\">Gestion des contrats des artistes (en anglais seulement)<\/a><\/p><p><a  href=\"https:\/\/pridewinnipeg.com\/wp-content\/uploads\/2019\/12\/Programming-Participant-Guidelines.pdf\">Comportement des participants (en anglais seulement)<\/a><\/p>\t\t\t\t\t\t\t\t<\/div>\n\t\t\t\t<\/div>\n\t\t\t\t\t<\/div>\n\t\t<\/div>\n\t\t\t\t<div class=\"elementor-column elementor-col-33 elementor-inner-column elementor-element elementor-element-eb933eb\" data-id=\"eb933eb\" data-element_type=\"column\" data-e-type=\"column\">\n\t\t\t<div class=\"elementor-widget-wrap elementor-element-populated\">\n\t\t\t\t\t\t<div class=\"elementor-element elementor-element-53a734e elementor-widget elementor-widget-heading\" data-id=\"53a734e\" data-element_type=\"widget\" data-e-type=\"widget\" data-widget_type=\"heading.default\">\n\t\t\t\t<div class=\"elementor-widget-container\">\n\t\t\t\t\t<h3 class=\"elementor-heading-title elementor-size-default\">Finances<\/h3>\t\t\t\t<\/div>\n\t\t\t\t<\/div>\n\t\t\t\t<div class=\"elementor-element elementor-element-8fa00a6 elementor-widget elementor-widget-text-editor\" data-id=\"8fa00a6\" data-element_type=\"widget\" data-e-type=\"widget\" data-widget_type=\"text-editor.default\">\n\t\t\t\t<div class=\"elementor-widget-container\">\n\t\t\t\t\t\t\t\t\t<p><a  href=\"https:\/\/pridewinnipeg.com\/wp-content\/uploads\/2019\/12\/Sales-Point-Operations.pdf\">Vente au d\u00e9tail (en anglais seulement)<\/a><\/p><p><a  href=\"https:\/\/pridewinnipeg.com\/wp-content\/uploads\/2019\/12\/Finance-Request.pdf\">Demande de financement (en anglais seulement)<\/a><\/p>\t\t\t\t\t\t\t\t<\/div>\n\t\t\t\t<\/div>\n\t\t\t\t\t<\/div>\n\t\t<\/div>\n\t\t\t\t\t<\/div>\n\t\t<\/section>\n\t\t\t\t\t<\/div>\n\t\t<\/div>\n\t\t\t\t\t<\/div>\n\t\t<\/section>\n\t\t\t\t<section class=\"elementor-section elementor-top-section elementor-element elementor-element-b223773 elementor-section-boxed elementor-section-height-default elementor-section-height-default\" data-id=\"b223773\" data-element_type=\"section\" data-e-type=\"section\">\n\t\t\t\t\t\t<div class=\"elementor-container elementor-column-gap-default\">\n\t\t\t\t\t<div class=\"elementor-column elementor-col-100 elementor-top-column elementor-element elementor-element-f6936dc\" data-id=\"f6936dc\" data-element_type=\"column\" data-e-type=\"column\">\n\t\t\t<div class=\"elementor-widget-wrap elementor-element-populated\">\n\t\t\t\t\t\t<section class=\"elementor-section elementor-inner-section elementor-element elementor-element-45d9905 elementor-section-boxed elementor-section-height-default elementor-section-height-default\" data-id=\"45d9905\" data-element_type=\"section\" data-e-type=\"section\">\n\t\t\t\t\t\t<div class=\"elementor-container elementor-column-gap-default\">\n\t\t\t\t\t<div class=\"elementor-column elementor-col-33 elementor-inner-column elementor-element elementor-element-de4ae20\" data-id=\"de4ae20\" data-element_type=\"column\" data-e-type=\"column\">\n\t\t\t<div class=\"elementor-widget-wrap elementor-element-populated\">\n\t\t\t\t\t\t<div class=\"elementor-element elementor-element-b46ade5 elementor-widget elementor-widget-heading\" data-id=\"b46ade5\" data-element_type=\"widget\" data-e-type=\"widget\" data-widget_type=\"heading.default\">\n\t\t\t\t<div class=\"elementor-widget-container\">\n\t\t\t\t\t<h3 class=\"elementor-heading-title elementor-size-default\">Pr\u00e9sident<\/h3>\t\t\t\t<\/div>\n\t\t\t\t<\/div>\n\t\t\t\t<div class=\"elementor-element elementor-element-f6ce3f3 elementor-widget elementor-widget-text-editor\" data-id=\"f6ce3f3\" data-element_type=\"widget\" data-e-type=\"widget\" data-widget_type=\"text-editor.default\">\n\t\t\t\t<div class=\"elementor-widget-container\">\n\t\t\t\t\t\t\t\t\t<p><a  href=\"https:\/\/pridewinnipeg.com\/wp-content\/uploads\/2019\/12\/Recruitment-and-Selection-Policy.pdf\">Politique de recrutement et de s\u00e9lection (en anglais seulement)<\/a><\/p><p><a  href=\"https:\/\/pridewinnipeg.com\/wp-content\/uploads\/2019\/12\/Asset-Management.pdf\">Gestion des actifs (en anglais seulement)<\/a><\/p><p><a  href=\"https:\/\/pridewinnipeg.com\/wp-content\/uploads\/2019\/12\/Contract-Management.pdf\">Gestion des contrats (en anglais seulement)<\/a><\/p><p><a  href=\"https:\/\/pridewinnipeg.com\/wp-content\/uploads\/2019\/12\/Managing-Member-Benefits.pdf\">Gestion des prestations des membres (en anglais seulement)<\/a><\/p><p><a  href=\"https:\/\/pridewinnipeg.com\/wp-content\/uploads\/2019\/12\/Managing-Member-Standards-of-Behaviour.pdf\">Gestion des normes de comportement des membres (en anglais seulement)<\/a><\/p><p><a  href=\"https:\/\/pridewinnipeg.com\/wp-content\/uploads\/2019\/12\/Meeting-Accessibility.pdf\">Accessibilit\u00e9 des r\u00e9unions (en anglais seulement)<\/a><\/p><p><a  href=\"https:\/\/pridewinnipeg.com\/wp-content\/uploads\/2019\/12\/Policy-Framework.pdf\">Cadre strat\u00e9gique (en anglais seulement)<\/a><\/p><p><a  href=\"https:\/\/pridewinnipeg.com\/wp-content\/uploads\/2019\/12\/Procurement-and-Contract-Management.pdf\">Gestion de la passation de contrats (en anglais seulement)<\/a><\/p><p><a  href=\"https:\/\/pridewinnipeg.com\/wp-content\/uploads\/2019\/12\/Progressive-Discipline.pdf\">Mesures de discipline (en anglais seulement)<\/a><\/p>\t\t\t\t\t\t\t\t<\/div>\n\t\t\t\t<\/div>\n\t\t\t\t\t<\/div>\n\t\t<\/div>\n\t\t\t\t<div class=\"elementor-column elementor-col-33 elementor-inner-column elementor-element elementor-element-5ae1923\" data-id=\"5ae1923\" data-element_type=\"column\" data-e-type=\"column\">\n\t\t\t<div class=\"elementor-widget-wrap elementor-element-populated\">\n\t\t\t\t\t\t<div class=\"elementor-element elementor-element-3d742f2 elementor-widget elementor-widget-heading\" data-id=\"3d742f2\" data-element_type=\"widget\" data-e-type=\"widget\" data-widget_type=\"heading.default\">\n\t\t\t\t<div class=\"elementor-widget-container\">\n\t\t\t\t\t<h3 class=\"elementor-heading-title elementor-size-default\">Engagement communautaire<\/h3>\t\t\t\t<\/div>\n\t\t\t\t<\/div>\n\t\t\t\t<div class=\"elementor-element elementor-element-0369f8c elementor-widget elementor-widget-text-editor\" data-id=\"0369f8c\" data-element_type=\"widget\" data-e-type=\"widget\" data-widget_type=\"text-editor.default\">\n\t\t\t\t<div class=\"elementor-widget-container\">\n\t\t\t\t\t\t\t\t\t<p><a  href=\"https:\/\/pridewinnipeg.com\/wp-content\/uploads\/2019\/12\/Community-Event-Advertising.pdf\">Publicit\u00e9 \u2014 \u00e9v\u00e9nements communautaires (en anglais seulement)<\/a><\/p><p><a  href=\"https:\/\/pridewinnipeg.com\/wp-content\/uploads\/2019\/12\/Financial-Hardship-Program.pdf\">Politique du programme de lutte contre les difficult\u00e9s financi\u00e8res (en anglais seulement)<\/a><\/p><p><a  href=\"https:\/\/pridewinnipeg.com\/wp-content\/uploads\/2019\/12\/Pride-Guide-Advertising.pdf\">Publicit\u00e9 \u2014 guide de la Fiert\u00e9 (en anglais seulement)<\/a><\/p><p><a  href=\"https:\/\/pridewinnipeg.com\/wp-content\/uploads\/2019\/12\/Social-Media-Management.pdf\">Gestion des m\u00e9dias sociaux (en anglais seulement)<\/a><\/p>\t\t\t\t\t\t\t\t<\/div>\n\t\t\t\t<\/div>\n\t\t\t\t\t<\/div>\n\t\t<\/div>\n\t\t\t\t<div class=\"elementor-column elementor-col-33 elementor-inner-column elementor-element elementor-element-746e6c9\" data-id=\"746e6c9\" data-element_type=\"column\" data-e-type=\"column\">\n\t\t\t<div class=\"elementor-widget-wrap elementor-element-populated\">\n\t\t\t\t\t\t\t<\/div>\n\t\t<\/div>\n\t\t\t\t\t<\/div>\n\t\t<\/section>\n\t\t\t\t\t<\/div>\n\t\t<\/div>\n\t\t\t\t\t<\/div>\n\t\t<\/section>\n\t\t\t\t<\/div>","protected":false},"excerpt":{"rendered":"<p>BYLAWS AND POLICIES \u2013 Below you\u2019ll find all Pride Winnipeg bylaw and policy documents for download in PDF format. BYLAWS Pride Winnipeg Festival Inc By-Laws&hellip;<\/p>","protected":false},"author":1,"featured_media":0,"parent":0,"menu_order":0,"comment_status":"closed","ping_status":"closed","template":"","meta":{"_exactmetrics_skip_tracking":false,"_exactmetrics_sitenote_active":false,"_exactmetrics_sitenote_note":"","_exactmetrics_sitenote_category":0,"footnotes":""},"class_list":["post-1595","page","type-page","status-publish","hentry"],"_links":{"self":[{"href":"https:\/\/pridewinnipeg.com\/f\/wp-json\/wp\/v2\/pages\/1595","targetHints":{"allow":["GET"]}}],"collection":[{"href":"https:\/\/pridewinnipeg.com\/f\/wp-json\/wp\/v2\/pages"}],"about":[{"href":"https:\/\/pridewinnipeg.com\/f\/wp-json\/wp\/v2\/types\/page"}],"author":[{"embeddable":true,"href":"https:\/\/pridewinnipeg.com\/f\/wp-json\/wp\/v2\/users\/1"}],"replies":[{"embeddable":true,"href":"https:\/\/pridewinnipeg.com\/f\/wp-json\/wp\/v2\/comments?post=1595"}],"version-history":[{"count":43,"href":"https:\/\/pridewinnipeg.com\/f\/wp-json\/wp\/v2\/pages\/1595\/revisions"}],"predecessor-version":[{"id":6048,"href":"https:\/\/pridewinnipeg.com\/f\/wp-json\/wp\/v2\/pages\/1595\/revisions\/6048"}],"wp:attachment":[{"href":"https:\/\/pridewinnipeg.com\/f\/wp-json\/wp\/v2\/media?parent=1595"}],"curies":[{"name":"wp","href":"https:\/\/api.w.org\/{rel}","templated":true}]}}