{"id":1587,"date":"2021-05-20T22:42:02","date_gmt":"2021-05-20T22:42:02","guid":{"rendered":"https:\/\/pridewinnipeg.com\/?page_id=1587"},"modified":"2024-03-18T12:36:18","modified_gmt":"2024-03-18T17:36:18","slug":"health-resources","status":"publish","type":"page","link":"https:\/\/pridewinnipeg.com\/f\/health-resources\/","title":{"rendered":"Ressources en mati\u00e8re de sant\u00e9"},"content":{"rendered":"<div data-elementor-type=\"wp-page\" data-elementor-id=\"1587\" class=\"elementor elementor-1587\" data-elementor-post-type=\"page\">\n\t\t\t\t\t\t<section class=\"elementor-section elementor-top-section elementor-element elementor-element-9814046 elementor-section-boxed elementor-section-height-default elementor-section-height-default\" data-id=\"9814046\" data-element_type=\"section\" data-e-type=\"section\">\n\t\t\t\t\t\t<div class=\"elementor-container elementor-column-gap-default\">\n\t\t\t\t\t<div class=\"elementor-column elementor-col-100 elementor-top-column elementor-element elementor-element-aa982c1\" data-id=\"aa982c1\" data-element_type=\"column\" data-e-type=\"column\">\n\t\t\t<div class=\"elementor-widget-wrap elementor-element-populated\">\n\t\t\t\t\t\t<div class=\"elementor-element elementor-element-ade7213 elementor-hidden-phone elementor-widget elementor-widget-image\" data-id=\"ade7213\" data-element_type=\"widget\" data-e-type=\"widget\" data-widget_type=\"image.default\">\n\t\t\t\t<div class=\"elementor-widget-container\">\n\t\t\t\t\t\t\t\t\t\t\t\t\t\t\t<img fetchpriority=\"high\" decoding=\"async\" width=\"1520\" height=\"440\" src=\"https:\/\/pridewinnipeg.com\/wp-content\/uploads\/2021\/06\/Banner-8-3.png\" class=\"attachment-full size-full wp-image-2055\" alt=\"Person at the Pride Parade. Yellow gradient and spectrum are applied behind them\" srcset=\"https:\/\/pridewinnipeg.com\/wp-content\/uploads\/2021\/06\/Banner-8-3.png 1520w, https:\/\/pridewinnipeg.com\/wp-content\/uploads\/2021\/06\/Banner-8-3-300x87.png 300w, https:\/\/pridewinnipeg.com\/wp-content\/uploads\/2021\/06\/Banner-8-3-1024x296.png 1024w, https:\/\/pridewinnipeg.com\/wp-content\/uploads\/2021\/06\/Banner-8-3-768x222.png 768w, https:\/\/pridewinnipeg.com\/wp-content\/uploads\/2021\/06\/Banner-8-3-16x5.png 16w\" sizes=\"(max-width: 1520px) 100vw, 1520px\" \/>\t\t\t\t\t\t\t\t\t\t\t\t\t\t\t<\/div>\n\t\t\t\t<\/div>\n\t\t\t\t<div class=\"elementor-element elementor-element-2b649f0 elementor-hidden-desktop elementor-hidden-tablet elementor-widget elementor-widget-image\" data-id=\"2b649f0\" data-element_type=\"widget\" data-e-type=\"widget\" data-widget_type=\"image.default\">\n\t\t\t\t<div class=\"elementor-widget-container\">\n\t\t\t\t\t\t\t\t\t\t\t\t\t\t\t<img decoding=\"async\" width=\"1156\" height=\"660\" src=\"https:\/\/pridewinnipeg.com\/wp-content\/uploads\/2021\/07\/Banner-3.6-3.png\" class=\"attachment-full size-full wp-image-3104\" alt=\"\" srcset=\"https:\/\/pridewinnipeg.com\/wp-content\/uploads\/2021\/07\/Banner-3.6-3.png 1156w, https:\/\/pridewinnipeg.com\/wp-content\/uploads\/2021\/07\/Banner-3.6-3-300x171.png 300w, https:\/\/pridewinnipeg.com\/wp-content\/uploads\/2021\/07\/Banner-3.6-3-1024x585.png 1024w, https:\/\/pridewinnipeg.com\/wp-content\/uploads\/2021\/07\/Banner-3.6-3-768x438.png 768w, https:\/\/pridewinnipeg.com\/wp-content\/uploads\/2021\/07\/Banner-3.6-3-16x9.png 16w\" sizes=\"(max-width: 1156px) 100vw, 1156px\" \/>\t\t\t\t\t\t\t\t\t\t\t\t\t\t\t<\/div>\n\t\t\t\t<\/div>\n\t\t\t\t<div class=\"elementor-element elementor-element-7a63a2a elementor-widget elementor-widget-heading\" data-id=\"7a63a2a\" data-element_type=\"widget\" data-e-type=\"widget\" data-widget_type=\"heading.default\">\n\t\t\t\t<div class=\"elementor-widget-container\">\n\t\t\t\t\t<h1 class=\"elementor-heading-title elementor-size-default\">RESSOURCES EN MATI\u00c8RE DE SANT\u00c9<\/h1>\t\t\t\t<\/div>\n\t\t\t\t<\/div>\n\t\t\t\t<div class=\"elementor-element elementor-element-d0a6a6f elementor-widget elementor-widget-heading\" data-id=\"d0a6a6f\" data-element_type=\"widget\" data-e-type=\"widget\" data-widget_type=\"heading.default\">\n\t\t\t\t<div class=\"elementor-widget-container\">\n\t\t\t\t\t<h1 class=\"elementor-heading-title elementor-size-default\">\u2013<\/h1>\t\t\t\t<\/div>\n\t\t\t\t<\/div>\n\t\t\t\t<div class=\"elementor-element elementor-element-f8e0b23 elementor-widget elementor-widget-text-editor\" data-id=\"f8e0b23\" data-element_type=\"widget\" data-e-type=\"widget\" data-widget_type=\"text-editor.default\">\n\t\t\t\t<div class=\"elementor-widget-container\">\n\t\t\t\t\t\t\t\t\t<p>There are several organizations in Manitoba that are ready to support the 2SLGBTQ+ community in many ways.<\/p>\t\t\t\t\t\t\t\t<\/div>\n\t\t\t\t<\/div>\n\t\t\t\t\t<\/div>\n\t\t<\/div>\n\t\t\t\t\t<\/div>\n\t\t<\/section>\n\t\t\t\t<section class=\"elementor-section elementor-top-section elementor-element elementor-element-c929105 elementor-section-boxed elementor-section-height-default elementor-section-height-default\" data-id=\"c929105\" data-element_type=\"section\" data-e-type=\"section\">\n\t\t\t\t\t\t<div class=\"elementor-container elementor-column-gap-default\">\n\t\t\t\t\t<div class=\"elementor-column elementor-col-100 elementor-top-column elementor-element elementor-element-a8799ef\" data-id=\"a8799ef\" data-element_type=\"column\" data-e-type=\"column\">\n\t\t\t<div class=\"elementor-widget-wrap elementor-element-populated\">\n\t\t\t\t\t\t<div class=\"elementor-element elementor-element-e55bc14 elementor-widget elementor-widget-toggle\" data-id=\"e55bc14\" data-element_type=\"widget\" data-e-type=\"widget\" data-widget_type=\"toggle.default\">\n\t\t\t\t<div class=\"elementor-widget-container\">\n\t\t\t\t\t\t\t<div class=\"elementor-toggle\">\n\t\t\t\t\t\t\t<div class=\"elementor-toggle-item\">\n\t\t\t\t\t<div id=\"elementor-tab-title-2401\" class=\"elementor-tab-title\" data-tab=\"1\" role=\"button\" aria-controls=\"elementor-tab-content-2401\" aria-expanded=\"false\">\n\t\t\t\t\t\t\t\t\t\t\t\t<span class=\"elementor-toggle-icon elementor-toggle-icon-left\" aria-hidden=\"true\">\n\t\t\t\t\t\t\t\t\t\t\t\t\t\t\t<span class=\"elementor-toggle-icon-closed\"><i class=\"fas fa-caret-right\"><\/i><\/span>\n\t\t\t\t\t\t\t\t<span class=\"elementor-toggle-icon-opened\"><i class=\"elementor-toggle-icon-opened fas fa-caret-up\"><\/i><\/span>\n\t\t\t\t\t\t\t\t\t\t\t\t\t<\/span>\n\t\t\t\t\t\t\t\t\t\t\t\t<a class=\"elementor-toggle-title\" tabindex=\"0\">Klinic Crisis Support<\/a>\n\t\t\t\t\t<\/div>\n\n\t\t\t\t\t<div id=\"elementor-tab-content-2401\" class=\"elementor-tab-content elementor-clearfix\" data-tab=\"1\" role=\"region\" aria-labelledby=\"elementor-tab-title-2401\">Le programme d\u2019intervention de Klinic Crisis exploite une vari\u00e9t\u00e9 de services t\u00e9l\u00e9phoniques d\u2019\u00e9coute et de services de soutien en ligne, lesquels offrent des conseils gratuits et confidentiels, un soutien et un service d\u2019aiguillage pour les personnes qui sont suicidaires, qui vivent une d\u00e9tresse ou qui ont des difficult\u00e9s \u00e0 r\u00e9gler leurs probl\u00e8mes.\n\n<a class=\"button\"  href=\"https:\/\/pridewinnipeg.com\/f\/?goto=AB8SHFxaHgkAHxYBEkkCCFoOExwXGwMFGRpaGwYTFQcHHg\">VISITEZ LE SITE WEB<\/a><\/div>\n\t\t\t\t<\/div>\n\t\t\t\t\t\t\t<div class=\"elementor-toggle-item\">\n\t\t\t\t\t<div id=\"elementor-tab-title-2402\" class=\"elementor-tab-title\" data-tab=\"2\" role=\"button\" aria-controls=\"elementor-tab-content-2402\" aria-expanded=\"false\">\n\t\t\t\t\t\t\t\t\t\t\t\t<span class=\"elementor-toggle-icon elementor-toggle-icon-left\" aria-hidden=\"true\">\n\t\t\t\t\t\t\t\t\t\t\t\t\t\t\t<span class=\"elementor-toggle-icon-closed\"><i class=\"fas fa-caret-right\"><\/i><\/span>\n\t\t\t\t\t\t\t\t<span class=\"elementor-toggle-icon-opened\"><i class=\"elementor-toggle-icon-opened fas fa-caret-up\"><\/i><\/span>\n\t\t\t\t\t\t\t\t\t\t\t\t\t<\/span>\n\t\t\t\t\t\t\t\t\t\t\t\t<a class=\"elementor-toggle-title\" tabindex=\"0\">Clinique Gender Dysphoria Assessment and Action for Youth (GDAAY) (en anglais seulement)<\/a>\n\t\t\t\t\t<\/div>\n\n\t\t\t\t\t<div id=\"elementor-tab-content-2402\" class=\"elementor-tab-content elementor-clearfix\" data-tab=\"2\" role=\"region\" aria-labelledby=\"elementor-tab-title-2402\"><p>La clinique GDAAY accepte les cas des jeunes \u00e2g\u00e9s de 8 ans jusqu\u2019\u00e0 leur 17\u2091 anniversaire.<\/p><p><a class=\"button\"  href=\"tel:12047872490\">CALL: 204-787-2490<\/a><\/p><\/div>\n\t\t\t\t<\/div>\n\t\t\t\t\t\t\t<div class=\"elementor-toggle-item\">\n\t\t\t\t\t<div id=\"elementor-tab-title-2403\" class=\"elementor-tab-title\" data-tab=\"3\" role=\"button\" aria-controls=\"elementor-tab-content-2403\" aria-expanded=\"false\">\n\t\t\t\t\t\t\t\t\t\t\t\t<span class=\"elementor-toggle-icon elementor-toggle-icon-left\" aria-hidden=\"true\">\n\t\t\t\t\t\t\t\t\t\t\t\t\t\t\t<span class=\"elementor-toggle-icon-closed\"><i class=\"fas fa-caret-right\"><\/i><\/span>\n\t\t\t\t\t\t\t\t<span class=\"elementor-toggle-icon-opened\"><i class=\"elementor-toggle-icon-opened fas fa-caret-up\"><\/i><\/span>\n\t\t\t\t\t\t\t\t\t\t\t\t\t<\/span>\n\t\t\t\t\t\t\t\t\t\t\t\t<a class=\"elementor-toggle-title\" tabindex=\"0\">Centre de sant\u00e9 communautaire Nine Circles -<\/a>\n\t\t\t\t\t<\/div>\n\n\t\t\t\t\t<div id=\"elementor-tab-content-2403\" class=\"elementor-tab-content elementor-clearfix\" data-tab=\"3\" role=\"region\" aria-labelledby=\"elementor-tab-title-2403\"><p>Gr\u00e2ce \u00e0 son expertise en mati\u00e8re de soins et de traitement du VIH, de l'h\u00e9patite C et d'autres infections transmises sexuellement, Nine Circles offre des services complets de soins primaires, de soutien social, d'\u00e9ducation et de pr\u00e9vention, ce qui permet de cr\u00e9er des communaut\u00e9s plus saines au Manitoba.<\/p><p><a class=\"button\"  href=\"https:\/\/pridewinnipeg.com\/f\/?goto=AB8SHBVPHk0CHxYNEg4dCRgIAR0XCEU\">VISITEZ LE SITE WEB<\/a><\/p><\/div>\n\t\t\t\t<\/div>\n\t\t\t\t\t\t\t<div class=\"elementor-toggle-item\">\n\t\t\t\t\t<div id=\"elementor-tab-title-2404\" class=\"elementor-tab-title\" data-tab=\"4\" role=\"button\" aria-controls=\"elementor-tab-content-2404\" aria-expanded=\"false\">\n\t\t\t\t\t\t\t\t\t\t\t\t<span class=\"elementor-toggle-icon elementor-toggle-icon-left\" aria-hidden=\"true\">\n\t\t\t\t\t\t\t\t\t\t\t\t\t\t\t<span class=\"elementor-toggle-icon-closed\"><i class=\"fas fa-caret-right\"><\/i><\/span>\n\t\t\t\t\t\t\t\t<span class=\"elementor-toggle-icon-opened\"><i class=\"elementor-toggle-icon-opened fas fa-caret-up\"><\/i><\/span>\n\t\t\t\t\t\t\t\t\t\t\t\t\t<\/span>\n\t\t\t\t\t\t\t\t\t\t\t\t<a class=\"elementor-toggle-title\" tabindex=\"0\">Le programme de sant\u00e9 Our Own Health Care<\/a>\n\t\t\t\t\t<\/div>\n\n\t\t\t\t\t<div id=\"elementor-tab-content-2404\" class=\"elementor-tab-content elementor-clearfix\" data-tab=\"4\" role=\"region\" aria-labelledby=\"elementor-tab-title-2404\"><p>Le programme de sant\u00e9 Our Own Health Care est une clinique de sant\u00e9 situ\u00e9e \u00e0 Winnipeg qui se sp\u00e9cialise dans les soins de sant\u00e9 destin\u00e9s aux hommes homosexuels, bisexuels et autres hommes qui ont des relations sexuelles avec des hommes. Il est \u00e9galement fier d'offrir des services en m\u00e9decine familiale.<\/p><p><a class=\"button\"  href=\"https:\/\/pridewinnipeg.com\/f\/?goto=AB8SHFxaHhUbAVYHBBUAHRoFF1IYHQJYEwhY\">VISITEZ LE SITE WEB<\/a><\/p><\/div>\n\t\t\t\t<\/div>\n\t\t\t\t\t\t\t<div class=\"elementor-toggle-item\">\n\t\t\t\t\t<div id=\"elementor-tab-title-2405\" class=\"elementor-tab-title\" data-tab=\"5\" role=\"button\" aria-controls=\"elementor-tab-content-2405\" aria-expanded=\"false\">\n\t\t\t\t\t\t\t\t\t\t\t\t<span class=\"elementor-toggle-icon elementor-toggle-icon-left\" aria-hidden=\"true\">\n\t\t\t\t\t\t\t\t\t\t\t\t\t\t\t<span class=\"elementor-toggle-icon-closed\"><i class=\"fas fa-caret-right\"><\/i><\/span>\n\t\t\t\t\t\t\t\t<span class=\"elementor-toggle-icon-opened\"><i class=\"elementor-toggle-icon-opened fas fa-caret-up\"><\/i><\/span>\n\t\t\t\t\t\t\t\t\t\t\t\t\t<\/span>\n\t\t\t\t\t\t\t\t\t\t\t\t<a class=\"elementor-toggle-title\" tabindex=\"0\">Clinique Trans Health Klinic<\/a>\n\t\t\t\t\t<\/div>\n\n\t\t\t\t\t<div id=\"elementor-tab-content-2405\" class=\"elementor-tab-content elementor-clearfix\" data-tab=\"5\" role=\"region\" aria-labelledby=\"elementor-tab-title-2405\"><p>La clinique Trans Health Klinic fournit des soins de sant\u00e9 sp\u00e9cialis\u00e9s aux personnes transgenres et de diverses identit\u00e9s de genre qui vivent au Manitoba et qui sont \u00e2g\u00e9es de 18 ans et plus.<\/p><p><a class=\"button\"  href=\"https:\/\/pridewinnipeg.com\/f\/?goto=AB8SHFxaHgkAHxYBEkkCCFoOExwcDAsaBAFaCxIRAEcGGgESHwYUDB8KC0kYFwhFUA4KCl9FFVcKGwIfGgsGREUDAw0KAVlPBxoRBhgEQA\">VISITEZ LE SITE WEB<\/a><\/p><\/div>\n\t\t\t\t<\/div>\n\t\t\t\t\t\t\t<div class=\"elementor-toggle-item\">\n\t\t\t\t\t<div id=\"elementor-tab-title-2406\" class=\"elementor-tab-title\" data-tab=\"6\" role=\"button\" aria-controls=\"elementor-tab-content-2406\" aria-expanded=\"false\">\n\t\t\t\t\t\t\t\t\t\t\t\t<span class=\"elementor-toggle-icon elementor-toggle-icon-left\" aria-hidden=\"true\">\n\t\t\t\t\t\t\t\t\t\t\t\t\t\t\t<span class=\"elementor-toggle-icon-closed\"><i class=\"fas fa-caret-right\"><\/i><\/span>\n\t\t\t\t\t\t\t\t<span class=\"elementor-toggle-icon-opened\"><i class=\"elementor-toggle-icon-opened fas fa-caret-up\"><\/i><\/span>\n\t\t\t\t\t\t\t\t\t\t\t\t\t<\/span>\n\t\t\t\t\t\t\t\t\t\t\t\t<a class=\"elementor-toggle-title\" tabindex=\"0\">Ressources en Toxicomanie<\/a>\n\t\t\t\t\t<\/div>\n\n\t\t\t\t\t<div id=\"elementor-tab-content-2406\" class=\"elementor-tab-content elementor-clearfix\" data-tab=\"6\" role=\"region\" aria-labelledby=\"elementor-tab-title-2406\"><p>Drug Rehab Services (DRS), un service de d\u00e9sintoxication, est une ressource gratuite qui vise \u00e0 traiter les d\u00e9pendances aux drogues et \u00e0 l\u2019alcool au Canada. La r\u00e9cente pand\u00e9mie a exerc\u00e9 un stress suppl\u00e9mentaire sur notre pays, en particulier sur les personnes victimes de la crise des opio\u00efdes. DRS offre ses services en vue d\u2019aider la communaut\u00e9 diversifi\u00e9e sur le plan du genre, de la sexualit\u00e9 et des relations.<\/p><p><a class=\"button\"  href=\"https:\/\/pridewinnipeg.com\/f\/?goto=AB8SHBVPHk0bAQ9GFRUaDQYIGlIWRwkXXx4eBh0KFQ0SRAwFGws\">VISITEZ LE SITE WEB<\/a><\/p><\/div>\n\t\t\t\t<\/div>\n\t\t\t\t\t\t\t\t<\/div>\n\t\t\t\t\t\t<\/div>\n\t\t\t\t<\/div>\n\t\t\t\t<div class=\"elementor-element elementor-element-80813a4 elementor-widget elementor-widget-text-editor\" data-id=\"80813a4\" data-element_type=\"widget\" data-e-type=\"widget\" data-widget_type=\"text-editor.default\">\n\t\t\t\t<div class=\"elementor-widget-container\">\n\t\t\t\t\t\t\t\t\t<p>Divulgation : Fiert\u00e9 Winnipeg n\u2019assume aucune responsabilit\u00e9 concernant le contenu de ces sites Web externes.<\/p><p>Si vous souhaitez faire ajouter votre organisme \u00e0 la pr\u00e9sente liste, veuillez envoyer un courriel \u00e0 <a  href=\"mailto:marketing@pridewinnipeg.com\">marketing@pridewinnipeg.com<\/a>.<\/p>\t\t\t\t\t\t\t\t<\/div>\n\t\t\t\t<\/div>\n\t\t\t\t\t<\/div>\n\t\t<\/div>\n\t\t\t\t\t<\/div>\n\t\t<\/section>\n\t\t\t\t<section class=\"elementor-section elementor-top-section elementor-element elementor-element-f0c9a17 elementor-section-boxed elementor-section-height-default elementor-section-height-default\" data-id=\"f0c9a17\" data-element_type=\"section\" data-e-type=\"section\">\n\t\t\t\t\t\t<div class=\"elementor-container elementor-column-gap-default\">\n\t\t\t\t\t<div class=\"elementor-column elementor-col-100 elementor-top-column elementor-element elementor-element-7662660\" data-id=\"7662660\" data-element_type=\"column\" data-e-type=\"column\">\n\t\t\t<div class=\"elementor-widget-wrap elementor-element-populated\">\n\t\t\t\t\t\t<div class=\"elementor-element elementor-element-96e8142 content-align-cta-default elementor-widget elementor-widget-eael-cta-box\" data-id=\"96e8142\" data-element_type=\"widget\" data-e-type=\"widget\" data-widget_type=\"eael-cta-box.default\">\n\t\t\t\t<div class=\"elementor-widget-container\">\n\t\t\t\t\t\t\t<div class=\"eael-call-to-action cta-basic bg-lite cta-preset-1\">\n        <h2 class=\"title eael-cta-heading\">Autres ressources<\/h2><p>Explorez une gamme de ressources li\u00e9es \u00e0 la communaut\u00e9.<\/p><a  href=\"https:\/\/pridewinnipeg.com\/f\/?goto=AB8SHFxaHhIeHxwNBg4BBB0dF1RaCgUbXwoYBR4WCwEBE0kDExQXEBcMChc\" class=\"cta-button cta-preset-1\">POUR EN SAVOIR PLUS<\/a>\t<\/div>\n\t\t\t\t\t\t\t\t<\/div>\n\t\t\t\t<\/div>\n\t\t\t\t\t<\/div>\n\t\t<\/div>\n\t\t\t\t\t<\/div>\n\t\t<\/section>\n\t\t\t\t<\/div>","protected":false},"excerpt":{"rendered":"<p>HEALTH RESOURCES \u2013 There are several organizations in Manitoba that are ready to support the 2SLGBTQ+ community in many ways. Klinic Crisis Support The Klinic&hellip;<\/p>","protected":false},"author":1,"featured_media":0,"parent":0,"menu_order":0,"comment_status":"closed","ping_status":"closed","template":"","meta":{"_exactmetrics_skip_tracking":false,"_exactmetrics_sitenote_active":false,"_exactmetrics_sitenote_note":"","_exactmetrics_sitenote_category":0,"footnotes":""},"class_list":["post-1587","page","type-page","status-publish","hentry"],"_links":{"self":[{"href":"https:\/\/pridewinnipeg.com\/f\/wp-json\/wp\/v2\/pages\/1587","targetHints":{"allow":["GET"]}}],"collection":[{"href":"https:\/\/pridewinnipeg.com\/f\/wp-json\/wp\/v2\/pages"}],"about":[{"href":"https:\/\/pridewinnipeg.com\/f\/wp-json\/wp\/v2\/types\/page"}],"author":[{"embeddable":true,"href":"https:\/\/pridewinnipeg.com\/f\/wp-json\/wp\/v2\/users\/1"}],"replies":[{"embeddable":true,"href":"https:\/\/pridewinnipeg.com\/f\/wp-json\/wp\/v2\/comments?post=1587"}],"version-history":[{"count":40,"href":"https:\/\/pridewinnipeg.com\/f\/wp-json\/wp\/v2\/pages\/1587\/revisions"}],"predecessor-version":[{"id":5244,"href":"https:\/\/pridewinnipeg.com\/f\/wp-json\/wp\/v2\/pages\/1587\/revisions\/5244"}],"wp:attachment":[{"href":"https:\/\/pridewinnipeg.com\/f\/wp-json\/wp\/v2\/media?parent=1587"}],"curies":[{"name":"wp","href":"https:\/\/api.w.org\/{rel}","templated":true}]}}