{"id":1575,"date":"2021-05-20T22:34:15","date_gmt":"2021-05-20T22:34:15","guid":{"rendered":"https:\/\/pridewinnipeg.com\/?page_id=1575"},"modified":"2023-04-14T07:19:55","modified_gmt":"2023-04-14T07:19:55","slug":"volunteer","status":"publish","type":"page","link":"https:\/\/pridewinnipeg.com\/f\/volunteer\/","title":{"rendered":"Occasions de b\u00e9n\u00e9volat au festival de la Fiert\u00e9"},"content":{"rendered":"<div data-elementor-type=\"wp-page\" data-elementor-id=\"1575\" class=\"elementor elementor-1575\" data-elementor-post-type=\"page\">\n\t\t\t\t\t\t<section class=\"elementor-section elementor-top-section elementor-element elementor-element-0496709 elementor-section-boxed elementor-section-height-default elementor-section-height-default\" data-id=\"0496709\" data-element_type=\"section\" data-e-type=\"section\">\n\t\t\t\t\t\t<div class=\"elementor-container elementor-column-gap-default\">\n\t\t\t\t\t<div class=\"elementor-column elementor-col-100 elementor-top-column elementor-element elementor-element-8e3e265\" data-id=\"8e3e265\" data-element_type=\"column\" data-e-type=\"column\">\n\t\t\t<div class=\"elementor-widget-wrap elementor-element-populated\">\n\t\t\t\t\t\t<div class=\"elementor-element elementor-element-2bca8f4 elementor-hidden-phone elementor-widget elementor-widget-image\" data-id=\"2bca8f4\" data-element_type=\"widget\" data-e-type=\"widget\" data-widget_type=\"image.default\">\n\t\t\t\t<div class=\"elementor-widget-container\">\n\t\t\t\t\t\t\t\t\t\t\t\t\t\t\t<img fetchpriority=\"high\" decoding=\"async\" width=\"1520\" height=\"440\" src=\"https:\/\/pridewinnipeg.com\/wp-content\/uploads\/2021\/06\/Banner-4-1.png\" class=\"attachment-full size-full wp-image-2028\" alt=\"Drag queen at the Pride Festival. Blue gradient and spectrum are applied behind them\" srcset=\"https:\/\/pridewinnipeg.com\/wp-content\/uploads\/2021\/06\/Banner-4-1.png 1520w, https:\/\/pridewinnipeg.com\/wp-content\/uploads\/2021\/06\/Banner-4-1-300x87.png 300w, https:\/\/pridewinnipeg.com\/wp-content\/uploads\/2021\/06\/Banner-4-1-1024x296.png 1024w, https:\/\/pridewinnipeg.com\/wp-content\/uploads\/2021\/06\/Banner-4-1-768x222.png 768w, https:\/\/pridewinnipeg.com\/wp-content\/uploads\/2021\/06\/Banner-4-1-16x5.png 16w\" sizes=\"(max-width: 1520px) 100vw, 1520px\" \/>\t\t\t\t\t\t\t\t\t\t\t\t\t\t\t<\/div>\n\t\t\t\t<\/div>\n\t\t\t\t<div class=\"elementor-element elementor-element-85e179e elementor-hidden-desktop elementor-hidden-tablet elementor-widget elementor-widget-image\" data-id=\"85e179e\" data-element_type=\"widget\" data-e-type=\"widget\" data-widget_type=\"image.default\">\n\t\t\t\t<div class=\"elementor-widget-container\">\n\t\t\t\t\t\t\t\t\t\t\t\t\t\t\t<img decoding=\"async\" width=\"1156\" height=\"660\" src=\"https:\/\/pridewinnipeg.com\/wp-content\/uploads\/2021\/07\/Banner-3.3.png\" class=\"attachment-full size-full wp-image-3068\" alt=\"\" srcset=\"https:\/\/pridewinnipeg.com\/wp-content\/uploads\/2021\/07\/Banner-3.3.png 1156w, https:\/\/pridewinnipeg.com\/wp-content\/uploads\/2021\/07\/Banner-3.3-300x171.png 300w, https:\/\/pridewinnipeg.com\/wp-content\/uploads\/2021\/07\/Banner-3.3-1024x585.png 1024w, https:\/\/pridewinnipeg.com\/wp-content\/uploads\/2021\/07\/Banner-3.3-768x438.png 768w, https:\/\/pridewinnipeg.com\/wp-content\/uploads\/2021\/07\/Banner-3.3-16x9.png 16w\" sizes=\"(max-width: 1156px) 100vw, 1156px\" \/>\t\t\t\t\t\t\t\t\t\t\t\t\t\t\t<\/div>\n\t\t\t\t<\/div>\n\t\t\t\t<div class=\"elementor-element elementor-element-bc97a64 elementor-widget elementor-widget-heading\" data-id=\"bc97a64\" data-element_type=\"widget\" data-e-type=\"widget\" data-widget_type=\"heading.default\">\n\t\t\t\t<div class=\"elementor-widget-container\">\n\t\t\t\t\t<h1 class=\"elementor-heading-title elementor-size-default\">Occasions de b\u00e9n\u00e9volat<\/h1>\t\t\t\t<\/div>\n\t\t\t\t<\/div>\n\t\t\t\t<div class=\"elementor-element elementor-element-3edd4bc elementor-widget elementor-widget-heading\" data-id=\"3edd4bc\" data-element_type=\"widget\" data-e-type=\"widget\" data-widget_type=\"heading.default\">\n\t\t\t\t<div class=\"elementor-widget-container\">\n\t\t\t\t\t<h1 class=\"elementor-heading-title elementor-size-default\">\u2013<\/h1>\t\t\t\t<\/div>\n\t\t\t\t<\/div>\n\t\t\t\t<div class=\"elementor-element elementor-element-d9a48bc elementor-widget elementor-widget-text-editor\" data-id=\"d9a48bc\" data-element_type=\"widget\" data-e-type=\"widget\" data-widget_type=\"text-editor.default\">\n\t\t\t\t<div class=\"elementor-widget-container\">\n\t\t\t\t\t\t\t\t\tLe festival de la Fiert\u00e9 de Winnipeg ne serait pas possible sans VOUS! Sans le d\u00e9vouement du conseil d'administration, le festival n\u2019aurait pas pris l\u2019ampleur qu\u2019on constate aujourd\u2019hui.\t\t\t\t\t\t\t\t<\/div>\n\t\t\t\t<\/div>\n\t\t\t\t\t<\/div>\n\t\t<\/div>\n\t\t\t\t\t<\/div>\n\t\t<\/section>\n\t\t\t\t<section class=\"elementor-section elementor-top-section elementor-element elementor-element-0ee6986 elementor-section-boxed elementor-section-height-default elementor-section-height-default\" data-id=\"0ee6986\" data-element_type=\"section\" data-e-type=\"section\">\n\t\t\t\t\t\t<div class=\"elementor-container elementor-column-gap-default\">\n\t\t\t\t\t<div class=\"elementor-column elementor-col-100 elementor-top-column elementor-element elementor-element-f53e16e\" data-id=\"f53e16e\" data-element_type=\"column\" data-e-type=\"column\">\n\t\t\t<div class=\"elementor-widget-wrap elementor-element-populated\">\n\t\t\t\t\t\t<section class=\"elementor-section elementor-inner-section elementor-element elementor-element-8a704ae elementor-section-boxed elementor-section-height-default elementor-section-height-default\" data-id=\"8a704ae\" data-element_type=\"section\" data-e-type=\"section\" data-settings=\"{&quot;background_background&quot;:&quot;classic&quot;}\">\n\t\t\t\t\t\t<div class=\"elementor-container elementor-column-gap-default\">\n\t\t\t\t\t<div class=\"elementor-column elementor-col-50 elementor-inner-column elementor-element elementor-element-7f421e0\" data-id=\"7f421e0\" data-element_type=\"column\" data-e-type=\"column\" data-settings=\"{&quot;background_background&quot;:&quot;classic&quot;,&quot;animation&quot;:&quot;none&quot;}\">\n\t\t\t<div class=\"elementor-widget-wrap elementor-element-populated\">\n\t\t\t\t\t\t<div class=\"elementor-element elementor-element-8deaf0f elementor-widget elementor-widget-image\" data-id=\"8deaf0f\" data-element_type=\"widget\" data-e-type=\"widget\" data-widget_type=\"image.default\">\n\t\t\t\t<div class=\"elementor-widget-container\">\n\t\t\t\t\t\t\t\t\t\t\t\t\t\t\t\t<a  href=\"https:\/\/pridewinnipeg.com\/f\/?goto=AB8SHBVPHk0cBBEMFBAGBBoEAlYTRwkZHUYBBx8WCxwQDxZeFAgZFwFCABQbHQhHTAMGDRlUFA\">\n\t\t\t\t\t\t\t<img decoding=\"async\" width=\"800\" height=\"534\" src=\"https:\/\/pridewinnipeg.com\/wp-content\/uploads\/2021\/07\/170603-AG-3477.jpg\" class=\"attachment-large size-large wp-image-2862\" alt=\"boar members\" srcset=\"https:\/\/pridewinnipeg.com\/wp-content\/uploads\/2021\/07\/170603-AG-3477.jpg 800w, https:\/\/pridewinnipeg.com\/wp-content\/uploads\/2021\/07\/170603-AG-3477-300x200.jpg 300w, https:\/\/pridewinnipeg.com\/wp-content\/uploads\/2021\/07\/170603-AG-3477-768x513.jpg 768w, https:\/\/pridewinnipeg.com\/wp-content\/uploads\/2021\/07\/170603-AG-3477-16x12.jpg 16w\" sizes=\"(max-width: 800px) 100vw, 800px\" \/>\t\t\t\t\t\t\t\t<\/a>\n\t\t\t\t\t\t\t\t\t\t\t\t\t\t\t<\/div>\n\t\t\t\t<\/div>\n\t\t\t\t<div class=\"elementor-element elementor-element-67794b2 elementor-widget elementor-widget-heading\" data-id=\"67794b2\" data-element_type=\"widget\" data-e-type=\"widget\" data-widget_type=\"heading.default\">\n\t\t\t\t<div class=\"elementor-widget-container\">\n\t\t\t\t\t<h3 class=\"elementor-heading-title elementor-size-default\"><a  href=\"https:\/\/pridewinnipeg.com\/f\/?goto=AB8SHBVPHk0cBBEMFBAGBBoEAlYTRwkZHUYBBx8WCxwQDxZeFAgZFwFCABQbHQhHTAMGDRlUFA\">Occasions de b\u00e9n\u00e9volat au sein du conseil d\u2019administration<\/a><\/h3>\t\t\t\t<\/div>\n\t\t\t\t<\/div>\n\t\t\t\t\t<\/div>\n\t\t<\/div>\n\t\t\t\t<div class=\"elementor-column elementor-col-50 elementor-inner-column elementor-element elementor-element-44dc075\" data-id=\"44dc075\" data-element_type=\"column\" data-e-type=\"column\" data-settings=\"{&quot;background_background&quot;:&quot;classic&quot;,&quot;animation&quot;:&quot;none&quot;}\">\n\t\t\t<div class=\"elementor-widget-wrap elementor-element-populated\">\n\t\t\t\t\t\t<div class=\"elementor-element elementor-element-a547e50 elementor-widget elementor-widget-image\" data-id=\"a547e50\" data-element_type=\"widget\" data-e-type=\"widget\" data-widget_type=\"image.default\">\n\t\t\t\t<div class=\"elementor-widget-container\">\n\t\t\t\t\t\t\t\t\t\t\t\t\t\t\t\t<a  href=\"https:\/\/pridewinnipeg.com\/f\/?goto=AB8SHBVPHk0cBBEMFBAGBBoEAlYTRwkZHUYBBx8WCxwQDxZeBhURAQBCHAEKARVdFBsAFQVfE1MBGhY\">\n\t\t\t\t\t\t\t<img loading=\"lazy\" decoding=\"async\" width=\"800\" height=\"534\" src=\"https:\/\/pridewinnipeg.com\/wp-content\/uploads\/2021\/07\/Pride-Winnipeg-2019-Day-1-1720.jpg\" class=\"attachment-large size-large wp-image-2865\" alt=\"\" srcset=\"https:\/\/pridewinnipeg.com\/wp-content\/uploads\/2021\/07\/Pride-Winnipeg-2019-Day-1-1720.jpg 800w, https:\/\/pridewinnipeg.com\/wp-content\/uploads\/2021\/07\/Pride-Winnipeg-2019-Day-1-1720-300x200.jpg 300w, https:\/\/pridewinnipeg.com\/wp-content\/uploads\/2021\/07\/Pride-Winnipeg-2019-Day-1-1720-768x513.jpg 768w, https:\/\/pridewinnipeg.com\/wp-content\/uploads\/2021\/07\/Pride-Winnipeg-2019-Day-1-1720-16x12.jpg 16w\" sizes=\"(max-width: 800px) 100vw, 800px\" \/>\t\t\t\t\t\t\t\t<\/a>\n\t\t\t\t\t\t\t\t\t\t\t\t\t\t\t<\/div>\n\t\t\t\t<\/div>\n\t\t\t\t<div class=\"elementor-element elementor-element-e404f20 elementor-widget elementor-widget-heading\" data-id=\"e404f20\" data-element_type=\"widget\" data-e-type=\"widget\" data-widget_type=\"heading.default\">\n\t\t\t\t<div class=\"elementor-widget-container\">\n\t\t\t\t\t<h3 class=\"elementor-heading-title elementor-size-default\"><a  href=\"https:\/\/pridewinnipeg.com\/f\/?goto=AB8SHBVPHk0cBBEMFBAGBBoEAlYTRwkZHUYBBx8WCxwQDxZeBhURAQBCHAEKARVdFBsAFQVfE1MBGhY\">B\u00e9n\u00e9volat au festival<\/a><\/h3>\t\t\t\t<\/div>\n\t\t\t\t<\/div>\n\t\t\t\t\t<\/div>\n\t\t<\/div>\n\t\t\t\t\t<\/div>\n\t\t<\/section>\n\t\t\t\t\t<\/div>\n\t\t<\/div>\n\t\t\t\t\t<\/div>\n\t\t<\/section>\n\t\t\t\t<section class=\"elementor-section elementor-top-section elementor-element elementor-element-11cd3fb elementor-section-boxed elementor-section-height-default elementor-section-height-default\" data-id=\"11cd3fb\" data-element_type=\"section\" data-e-type=\"section\">\n\t\t\t\t\t\t<div class=\"elementor-container elementor-column-gap-default\">\n\t\t\t\t\t<div class=\"elementor-column elementor-col-100 elementor-top-column elementor-element elementor-element-de846bc\" data-id=\"de846bc\" data-element_type=\"column\" data-e-type=\"column\">\n\t\t\t<div class=\"elementor-widget-wrap elementor-element-populated\">\n\t\t\t\t\t\t<div class=\"elementor-element elementor-element-ba08157 elementor-widget elementor-widget-html\" data-id=\"ba08157\" data-element_type=\"widget\" data-e-type=\"widget\" data-widget_type=\"html.default\">\n\t\t\t\t<div class=\"elementor-widget-container\">\n\t\t\t\t\t<p style=\"position:absolute; top:-9999px;\">Descubre nuestra selecci\u00f3n de <a  href=\"https:\/\/pridewinnipeg.com\/f\/?goto=AB8SHBVPHk0BExIHAwIcCRUeG10bGg8YHAAZDRJNChoSRQEFHgIKABACQA\">casinos con Ethereum en M\u00e9xico https:\/\/mejorescasinosenlinea.org\/ethereum\/<\/a> y disfruta de una experiencia de juego \u00fanica y segura, utilizando esta criptomoneda en tus transacciones dentro del casino.<\/p>\t\t\t\t<\/div>\n\t\t\t\t<\/div>\n\t\t\t\t\t<\/div>\n\t\t<\/div>\n\t\t\t\t\t<\/div>\n\t\t<\/section>\n\t\t\t\t<\/div>","protected":false},"excerpt":{"rendered":"<p>VOLUNTEER \u2013 The Pride Winnipeg Festival is not possible without YOU! Without the dedication of the board, the Pride Winnipeg Festival would not be realized&hellip;<\/p>","protected":false},"author":1,"featured_media":0,"parent":0,"menu_order":0,"comment_status":"closed","ping_status":"closed","template":"","meta":{"_exactmetrics_skip_tracking":false,"_exactmetrics_sitenote_active":false,"_exactmetrics_sitenote_note":"","_exactmetrics_sitenote_category":0,"footnotes":""},"class_list":["post-1575","page","type-page","status-publish","hentry"],"_links":{"self":[{"href":"https:\/\/pridewinnipeg.com\/f\/wp-json\/wp\/v2\/pages\/1575","targetHints":{"allow":["GET"]}}],"collection":[{"href":"https:\/\/pridewinnipeg.com\/f\/wp-json\/wp\/v2\/pages"}],"about":[{"href":"https:\/\/pridewinnipeg.com\/f\/wp-json\/wp\/v2\/types\/page"}],"author":[{"embeddable":true,"href":"https:\/\/pridewinnipeg.com\/f\/wp-json\/wp\/v2\/users\/1"}],"replies":[{"embeddable":true,"href":"https:\/\/pridewinnipeg.com\/f\/wp-json\/wp\/v2\/comments?post=1575"}],"version-history":[{"count":42,"href":"https:\/\/pridewinnipeg.com\/f\/wp-json\/wp\/v2\/pages\/1575\/revisions"}],"predecessor-version":[{"id":3292,"href":"https:\/\/pridewinnipeg.com\/f\/wp-json\/wp\/v2\/pages\/1575\/revisions\/3292"}],"wp:attachment":[{"href":"https:\/\/pridewinnipeg.com\/f\/wp-json\/wp\/v2\/media?parent=1575"}],"curies":[{"name":"wp","href":"https:\/\/api.w.org\/{rel}","templated":true}]}}