{"id":1552,"date":"2021-05-19T02:51:16","date_gmt":"2021-05-19T02:51:16","guid":{"rendered":"https:\/\/pridewinnipeg.com\/?page_id=1552"},"modified":"2024-03-18T12:35:02","modified_gmt":"2024-03-18T17:35:02","slug":"get-involved","status":"publish","type":"page","link":"https:\/\/pridewinnipeg.com\/f\/get-involved\/","title":{"rendered":"Get Involved"},"content":{"rendered":"<div data-elementor-type=\"wp-page\" data-elementor-id=\"1552\" class=\"elementor elementor-1552\" data-elementor-post-type=\"page\">\n\t\t\t\t\t\t<section class=\"elementor-section elementor-top-section elementor-element elementor-element-2d9b578 elementor-section-boxed elementor-section-height-default elementor-section-height-default\" data-id=\"2d9b578\" data-element_type=\"section\" data-e-type=\"section\">\n\t\t\t\t\t\t<div class=\"elementor-container elementor-column-gap-default\">\n\t\t\t\t\t<div class=\"elementor-column elementor-col-100 elementor-top-column elementor-element elementor-element-c996e57\" data-id=\"c996e57\" data-element_type=\"column\" data-e-type=\"column\">\n\t\t\t<div class=\"elementor-widget-wrap elementor-element-populated\">\n\t\t\t\t\t\t<div class=\"elementor-element elementor-element-b81dc8c elementor-hidden-phone elementor-widget elementor-widget-image\" data-id=\"b81dc8c\" data-element_type=\"widget\" data-e-type=\"widget\" data-widget_type=\"image.default\">\n\t\t\t\t<div class=\"elementor-widget-container\">\n\t\t\t\t\t\t\t\t\t\t\t\t\t\t\t<img fetchpriority=\"high\" decoding=\"async\" width=\"1520\" height=\"440\" src=\"https:\/\/pridewinnipeg.com\/wp-content\/uploads\/2021\/06\/Banner-7-e1626644916246.png\" class=\"attachment-full size-full wp-image-2031\" alt=\"Person at the Pride Festival. Blue gradient and spectrum are applied behind them\" srcset=\"https:\/\/pridewinnipeg.com\/wp-content\/uploads\/2021\/06\/Banner-7-e1626644916246.png 1520w, https:\/\/pridewinnipeg.com\/wp-content\/uploads\/2021\/06\/Banner-7-e1626644916246-300x87.png 300w, https:\/\/pridewinnipeg.com\/wp-content\/uploads\/2021\/06\/Banner-7-e1626644916246-1024x296.png 1024w, https:\/\/pridewinnipeg.com\/wp-content\/uploads\/2021\/06\/Banner-7-e1626644916246-768x222.png 768w, https:\/\/pridewinnipeg.com\/wp-content\/uploads\/2021\/06\/Banner-7-e1626644916246-16x5.png 16w\" sizes=\"(max-width: 1520px) 100vw, 1520px\" \/>\t\t\t\t\t\t\t\t\t\t\t\t\t\t\t<\/div>\n\t\t\t\t<\/div>\n\t\t\t\t<div class=\"elementor-element elementor-element-103cd46 elementor-hidden-desktop elementor-hidden-tablet elementor-widget elementor-widget-image\" data-id=\"103cd46\" data-element_type=\"widget\" data-e-type=\"widget\" data-widget_type=\"image.default\">\n\t\t\t\t<div class=\"elementor-widget-container\">\n\t\t\t\t\t\t\t\t\t\t\t\t\t\t\t<img decoding=\"async\" width=\"1482\" height=\"847\" src=\"https:\/\/pridewinnipeg.com\/wp-content\/uploads\/2021\/07\/Banner-3.7.png\" class=\"attachment-full size-full wp-image-3090\" alt=\"\" srcset=\"https:\/\/pridewinnipeg.com\/wp-content\/uploads\/2021\/07\/Banner-3.7.png 1482w, https:\/\/pridewinnipeg.com\/wp-content\/uploads\/2021\/07\/Banner-3.7-300x171.png 300w, https:\/\/pridewinnipeg.com\/wp-content\/uploads\/2021\/07\/Banner-3.7-1024x585.png 1024w, https:\/\/pridewinnipeg.com\/wp-content\/uploads\/2021\/07\/Banner-3.7-768x439.png 768w, https:\/\/pridewinnipeg.com\/wp-content\/uploads\/2021\/07\/Banner-3.7-16x9.png 16w\" sizes=\"(max-width: 1482px) 100vw, 1482px\" \/>\t\t\t\t\t\t\t\t\t\t\t\t\t\t\t<\/div>\n\t\t\t\t<\/div>\n\t\t\t\t<div class=\"elementor-element elementor-element-62a45f3 elementor-widget elementor-widget-heading\" data-id=\"62a45f3\" data-element_type=\"widget\" data-e-type=\"widget\" data-widget_type=\"heading.default\">\n\t\t\t\t<div class=\"elementor-widget-container\">\n\t\t\t\t\t<h1 class=\"elementor-heading-title elementor-size-default\">PARTICIPER<\/h1>\t\t\t\t<\/div>\n\t\t\t\t<\/div>\n\t\t\t\t<div class=\"elementor-element elementor-element-5f2e469 elementor-widget elementor-widget-heading\" data-id=\"5f2e469\" data-element_type=\"widget\" data-e-type=\"widget\" data-widget_type=\"heading.default\">\n\t\t\t\t<div class=\"elementor-widget-container\">\n\t\t\t\t\t<h1 class=\"elementor-heading-title elementor-size-default\">\u2013<\/h1>\t\t\t\t<\/div>\n\t\t\t\t<\/div>\n\t\t\t\t<div class=\"elementor-element elementor-element-7efef43 elementor-widget elementor-widget-text-editor\" data-id=\"7efef43\" data-element_type=\"widget\" data-e-type=\"widget\" data-widget_type=\"text-editor.default\">\n\t\t\t\t<div class=\"elementor-widget-container\">\n\t\t\t\t\t\t\t\t\t<p>Pride Winnipeg is a volunteer-run organization &#8211; and we count on our community and our allies to make the Pride Festival, as well as our year-round operation, happen.<\/p>\t\t\t\t\t\t\t\t<\/div>\n\t\t\t\t<\/div>\n\t\t\t\t\t<\/div>\n\t\t<\/div>\n\t\t\t\t\t<\/div>\n\t\t<\/section>\n\t\t\t\t<section class=\"elementor-section elementor-top-section elementor-element elementor-element-d98a099 elementor-section-boxed elementor-section-height-default elementor-section-height-default\" data-id=\"d98a099\" data-element_type=\"section\" data-e-type=\"section\">\n\t\t\t\t\t\t<div class=\"elementor-container elementor-column-gap-default\">\n\t\t\t\t\t<div class=\"elementor-column elementor-col-100 elementor-top-column elementor-element elementor-element-f762cb6\" data-id=\"f762cb6\" data-element_type=\"column\" data-e-type=\"column\">\n\t\t\t<div class=\"elementor-widget-wrap elementor-element-populated\">\n\t\t\t\t\t\t<section class=\"elementor-section elementor-inner-section elementor-element elementor-element-b034bb3 elementor-section-boxed elementor-section-height-default elementor-section-height-default\" data-id=\"b034bb3\" data-element_type=\"section\" data-e-type=\"section\" data-settings=\"{&quot;background_background&quot;:&quot;classic&quot;}\">\n\t\t\t\t\t\t<div class=\"elementor-container elementor-column-gap-default\">\n\t\t\t\t\t<div class=\"elementor-column elementor-col-33 elementor-inner-column elementor-element elementor-element-891ea19\" data-id=\"891ea19\" data-element_type=\"column\" data-e-type=\"column\" data-settings=\"{&quot;background_background&quot;:&quot;classic&quot;,&quot;animation&quot;:&quot;none&quot;}\">\n\t\t\t<div class=\"elementor-widget-wrap elementor-element-populated\">\n\t\t\t\t\t\t<div class=\"elementor-element elementor-element-6caf142 elementor-widget elementor-widget-image\" data-id=\"6caf142\" data-element_type=\"widget\" data-e-type=\"widget\" data-widget_type=\"image.default\">\n\t\t\t\t<div class=\"elementor-widget-container\">\n\t\t\t\t\t\t\t\t\t\t\t\t\t\t\t\t<a  href=\"https:\/\/pridewinnipeg.com\/f\/?goto=AB8SHFxaHhIeHxwNBg4BBB0dF1RaCgUbXx8YBAYNEQ0QGA\">\n\t\t\t\t\t\t\t<img decoding=\"async\" width=\"800\" height=\"534\" src=\"https:\/\/pridewinnipeg.com\/wp-content\/uploads\/2021\/07\/DSCN2662.jpeg\" class=\"attachment-large size-large wp-image-2852\" alt=\"volunteers in the pride tent\" srcset=\"https:\/\/pridewinnipeg.com\/wp-content\/uploads\/2021\/07\/DSCN2662.jpeg 800w, https:\/\/pridewinnipeg.com\/wp-content\/uploads\/2021\/07\/DSCN2662-300x200.jpeg 300w, https:\/\/pridewinnipeg.com\/wp-content\/uploads\/2021\/07\/DSCN2662-768x513.jpeg 768w, https:\/\/pridewinnipeg.com\/wp-content\/uploads\/2021\/07\/DSCN2662-16x12.jpeg 16w\" sizes=\"(max-width: 800px) 100vw, 800px\" \/>\t\t\t\t\t\t\t\t<\/a>\n\t\t\t\t\t\t\t\t\t\t\t\t\t\t\t<\/div>\n\t\t\t\t<\/div>\n\t\t\t\t<div class=\"elementor-element elementor-element-130be4b elementor-widget elementor-widget-heading\" data-id=\"130be4b\" data-element_type=\"widget\" data-e-type=\"widget\" data-widget_type=\"heading.default\">\n\t\t\t\t<div class=\"elementor-widget-container\">\n\t\t\t\t\t<h3 class=\"elementor-heading-title elementor-size-default\"><a  href=\"https:\/\/pridewinnipeg.com\/f\/?goto=AB8SHFxaHhIeHxwNBg4BBB0dF1RaCgUbXx8YBAYNEQ0QGA\">Occasions de b\u00e9n\u00e9volat au festival de la Fiert\u00e9<\/a><\/h3>\t\t\t\t<\/div>\n\t\t\t\t<\/div>\n\t\t\t\t\t<\/div>\n\t\t<\/div>\n\t\t\t\t<div class=\"elementor-column elementor-col-33 elementor-inner-column elementor-element elementor-element-4fcaf1f\" data-id=\"4fcaf1f\" data-element_type=\"column\" data-e-type=\"column\" data-settings=\"{&quot;background_background&quot;:&quot;classic&quot;,&quot;animation&quot;:&quot;none&quot;}\">\n\t\t\t<div class=\"elementor-widget-wrap elementor-element-populated\">\n\t\t\t\t\t\t<div class=\"elementor-element elementor-element-9c72ecc elementor-widget elementor-widget-image\" data-id=\"9c72ecc\" data-element_type=\"widget\" data-e-type=\"widget\" data-widget_type=\"image.default\">\n\t\t\t\t<div class=\"elementor-widget-container\">\n\t\t\t\t\t\t\t\t\t\t\t\t\t\t\t\t<a  href=\"https:\/\/pridewinnipeg.com\/f\/?goto=AB8SHFxaHhIeHxwNBg4BBB0dF1RaCgUbXwQSBREGFxsdAxQ\">\n\t\t\t\t\t\t\t<img loading=\"lazy\" decoding=\"async\" width=\"800\" height=\"534\" src=\"https:\/\/pridewinnipeg.com\/wp-content\/uploads\/2021\/07\/Pride-Winnipeg-2019-Day-2-21401-e1626499078293.jpg\" class=\"attachment-large size-large wp-image-2857\" alt=\"giant pride flag being hold during pride parade\" srcset=\"https:\/\/pridewinnipeg.com\/wp-content\/uploads\/2021\/07\/Pride-Winnipeg-2019-Day-2-21401-e1626499078293.jpg 800w, https:\/\/pridewinnipeg.com\/wp-content\/uploads\/2021\/07\/Pride-Winnipeg-2019-Day-2-21401-e1626499078293-300x200.jpg 300w, https:\/\/pridewinnipeg.com\/wp-content\/uploads\/2021\/07\/Pride-Winnipeg-2019-Day-2-21401-e1626499078293-768x513.jpg 768w, https:\/\/pridewinnipeg.com\/wp-content\/uploads\/2021\/07\/Pride-Winnipeg-2019-Day-2-21401-e1626499078293-16x12.jpg 16w\" sizes=\"(max-width: 800px) 100vw, 800px\" \/>\t\t\t\t\t\t\t\t<\/a>\n\t\t\t\t\t\t\t\t\t\t\t\t\t\t\t<\/div>\n\t\t\t\t<\/div>\n\t\t\t\t<div class=\"elementor-element elementor-element-5278830 elementor-widget elementor-widget-heading\" data-id=\"5278830\" data-element_type=\"widget\" data-e-type=\"widget\" data-widget_type=\"heading.default\">\n\t\t\t\t<div class=\"elementor-widget-container\">\n\t\t\t\t\t<h3 class=\"elementor-heading-title elementor-size-default\"><a  href=\"https:\/\/pridewinnipeg.com\/f\/?goto=AB8SHFxaHhIeHxwNBg4BBB0dF1RaCgUbXwQSBREGFxsdAxQ\">Devenir un membre<\/a><\/h3>\t\t\t\t<\/div>\n\t\t\t\t<\/div>\n\t\t\t\t\t<\/div>\n\t\t<\/div>\n\t\t\t\t<div class=\"elementor-column elementor-col-33 elementor-inner-column elementor-element elementor-element-36f1bfa\" data-id=\"36f1bfa\" data-element_type=\"column\" data-e-type=\"column\" data-settings=\"{&quot;background_background&quot;:&quot;classic&quot;,&quot;animation&quot;:&quot;none&quot;}\">\n\t\t\t<div class=\"elementor-widget-wrap elementor-element-populated\">\n\t\t\t\t\t\t<div class=\"elementor-element elementor-element-b1ca4fa elementor-widget elementor-widget-image\" data-id=\"b1ca4fa\" data-element_type=\"widget\" data-e-type=\"widget\" data-widget_type=\"image.default\">\n\t\t\t\t<div class=\"elementor-widget-container\">\n\t\t\t\t\t\t\t\t\t\t\t\t\t\t\t\t<a  href=\"https:\/\/pridewinnipeg.com\/f\/?goto=AB8SHFxaHhIeHxwNBg4BBB0dF1RaCgUbXwgHGB8KBgkBAwsfBUoeChdCHxYCFh8eSggOCh9f\">\n\t\t\t\t\t\t\t<img decoding=\"async\" src=\"https:\/\/pridewinnipeg.com\/wp-content\/uploads\/2021\/06\/Pride-Winnipeg-2019-Day-2-2813.jpg\" title=\"\" alt=\"\" loading=\"lazy\" \/>\t\t\t\t\t\t\t\t<\/a>\n\t\t\t\t\t\t\t\t\t\t\t\t\t\t\t<\/div>\n\t\t\t\t<\/div>\n\t\t\t\t<div class=\"elementor-element elementor-element-619854b elementor-widget elementor-widget-heading\" data-id=\"619854b\" data-element_type=\"widget\" data-e-type=\"widget\" data-widget_type=\"heading.default\">\n\t\t\t\t<div class=\"elementor-widget-container\">\n\t\t\t\t\t<h3 class=\"elementor-heading-title elementor-size-default\"><a  href=\"https:\/\/pridewinnipeg.com\/f\/?goto=AB8SHFxaHhIeHxwNBg4BBB0dF1RaCgUbXwgHGB8KBgkBAwsfBUoeChdCHxYCFh8eSggOCh9f\">Demandes de participation \u00e0 la semaine de la Fiert\u00e9<\/a><\/h3>\t\t\t\t<\/div>\n\t\t\t\t<\/div>\n\t\t\t\t\t<\/div>\n\t\t<\/div>\n\t\t\t\t\t<\/div>\n\t\t<\/section>\n\t\t\t\t<section class=\"elementor-section elementor-inner-section elementor-element elementor-element-f83b26f elementor-section-boxed elementor-section-height-default elementor-section-height-default\" data-id=\"f83b26f\" data-element_type=\"section\" data-e-type=\"section\" data-settings=\"{&quot;background_background&quot;:&quot;classic&quot;}\">\n\t\t\t\t\t\t<div class=\"elementor-container elementor-column-gap-default\">\n\t\t\t\t\t<div class=\"elementor-column elementor-col-33 elementor-inner-column elementor-element elementor-element-c67393b\" data-id=\"c67393b\" data-element_type=\"column\" data-e-type=\"column\" data-settings=\"{&quot;background_background&quot;:&quot;classic&quot;,&quot;animation&quot;:&quot;none&quot;}\">\n\t\t\t<div class=\"elementor-widget-wrap elementor-element-populated\">\n\t\t\t\t\t\t<div class=\"elementor-element elementor-element-821b057 elementor-widget elementor-widget-image\" data-id=\"821b057\" data-element_type=\"widget\" data-e-type=\"widget\" data-widget_type=\"image.default\">\n\t\t\t\t<div class=\"elementor-widget-container\">\n\t\t\t\t\t\t\t\t\t\t\t\t\t\t\t\t<a  href=\"https:\/\/pridewinnipeg.com\/f\/?goto=AB8SHFxaHhIeHxwNBg4BBB0dF1RaCgUbXwgHGB8KBgkBAwsfBUoeChdCCREFFhNdXg\">\n\t\t\t\t\t\t\t<img loading=\"lazy\" decoding=\"async\" width=\"800\" height=\"533\" src=\"https:\/\/pridewinnipeg.com\/wp-content\/uploads\/2021\/07\/PrideParade06-02-2019-40-of-72.jpg\" class=\"attachment-large size-large wp-image-2856\" alt=\"people holding pride letter signage\" srcset=\"https:\/\/pridewinnipeg.com\/wp-content\/uploads\/2021\/07\/PrideParade06-02-2019-40-of-72.jpg 800w, https:\/\/pridewinnipeg.com\/wp-content\/uploads\/2021\/07\/PrideParade06-02-2019-40-of-72-300x200.jpg 300w, https:\/\/pridewinnipeg.com\/wp-content\/uploads\/2021\/07\/PrideParade06-02-2019-40-of-72-768x512.jpg 768w, https:\/\/pridewinnipeg.com\/wp-content\/uploads\/2021\/07\/PrideParade06-02-2019-40-of-72-16x12.jpg 16w\" sizes=\"(max-width: 800px) 100vw, 800px\" \/>\t\t\t\t\t\t\t\t<\/a>\n\t\t\t\t\t\t\t\t\t\t\t\t\t\t\t<\/div>\n\t\t\t\t<\/div>\n\t\t\t\t<div class=\"elementor-element elementor-element-ccde6f1 elementor-widget elementor-widget-heading\" data-id=\"ccde6f1\" data-element_type=\"widget\" data-e-type=\"widget\" data-widget_type=\"heading.default\">\n\t\t\t\t<div class=\"elementor-widget-container\">\n\t\t\t\t\t<h3 class=\"elementor-heading-title elementor-size-default\"><a  href=\"https:\/\/pridewinnipeg.com\/f\/?goto=AB8SHFxaHhIeHxwNBg4BBB0dF1RaCgUbXwgHGB8KBgkBAwsfBUoeChdCCREFFhNdXg\">Demandes de financement<\/a><\/h3>\t\t\t\t<\/div>\n\t\t\t\t<\/div>\n\t\t\t\t\t<\/div>\n\t\t<\/div>\n\t\t\t\t<div class=\"elementor-column elementor-col-33 elementor-inner-column elementor-element elementor-element-5e403a2\" data-id=\"5e403a2\" data-element_type=\"column\" data-e-type=\"column\" data-settings=\"{&quot;background_background&quot;:&quot;classic&quot;,&quot;animation&quot;:&quot;none&quot;}\">\n\t\t\t<div class=\"elementor-widget-wrap elementor-element-populated\">\n\t\t\t\t\t\t<div class=\"elementor-element elementor-element-70e9adc elementor-widget elementor-widget-image\" data-id=\"70e9adc\" data-element_type=\"widget\" data-e-type=\"widget\" data-widget_type=\"image.default\">\n\t\t\t\t<div class=\"elementor-widget-container\">\n\t\t\t\t\t\t\t\t\t\t\t\t\t\t\t\t<a  href=\"https:\/\/pridewinnipeg.com\/f\/?goto=AB8SHFxaHhIeHxwNBg4BBB0dF1RaCgUbXxoHBx0QChoGAg0BWw4WAwo\">\n\t\t\t\t\t\t\t<img loading=\"lazy\" decoding=\"async\" width=\"800\" height=\"534\" src=\"https:\/\/pridewinnipeg.com\/wp-content\/uploads\/2021\/07\/170603-AG-3292.jpg\" class=\"attachment-large size-large wp-image-2855\" alt=\"sponsor tent\" srcset=\"https:\/\/pridewinnipeg.com\/wp-content\/uploads\/2021\/07\/170603-AG-3292.jpg 800w, https:\/\/pridewinnipeg.com\/wp-content\/uploads\/2021\/07\/170603-AG-3292-300x200.jpg 300w, https:\/\/pridewinnipeg.com\/wp-content\/uploads\/2021\/07\/170603-AG-3292-768x513.jpg 768w, https:\/\/pridewinnipeg.com\/wp-content\/uploads\/2021\/07\/170603-AG-3292-16x12.jpg 16w\" sizes=\"(max-width: 800px) 100vw, 800px\" \/>\t\t\t\t\t\t\t\t<\/a>\n\t\t\t\t\t\t\t\t\t\t\t\t\t\t\t<\/div>\n\t\t\t\t<\/div>\n\t\t\t\t<div class=\"elementor-element elementor-element-5d3d18e elementor-widget elementor-widget-heading\" data-id=\"5d3d18e\" data-element_type=\"widget\" data-e-type=\"widget\" data-widget_type=\"heading.default\">\n\t\t\t\t<div class=\"elementor-widget-container\">\n\t\t\t\t\t<h3 class=\"elementor-heading-title elementor-size-default\"><a  href=\"https:\/\/pridewinnipeg.com\/f\/?goto=AB8SHFxaHhIeHxwNBg4BBB0dF1RaCgUbXxoHBx0QChoGAg0BWw4WAwo\">Commandite<\/a><\/h3>\t\t\t\t<\/div>\n\t\t\t\t<\/div>\n\t\t\t\t\t<\/div>\n\t\t<\/div>\n\t\t\t\t<div class=\"elementor-column elementor-col-33 elementor-inner-column elementor-element elementor-element-64c55e9\" data-id=\"64c55e9\" data-element_type=\"column\" data-e-type=\"column\" data-settings=\"{&quot;background_background&quot;:&quot;classic&quot;,&quot;animation&quot;:&quot;none&quot;}\">\n\t\t\t<div class=\"elementor-widget-wrap elementor-element-populated\">\n\t\t\t\t\t\t<div class=\"elementor-element elementor-element-196d704 elementor-widget elementor-widget-image\" data-id=\"196d704\" data-element_type=\"widget\" data-e-type=\"widget\" data-widget_type=\"image.default\">\n\t\t\t\t<div class=\"elementor-widget-container\">\n\t\t\t\t\t\t\t\t\t\t\t\t\t\t\t\t<a  href=\"https:\/\/pridewinnipeg.com\/f\/?goto=AB8SHFxaHhIeHxwNBg4BBB0dF1RaCgUbXwgTHhYREQEGAwoW\">\n\t\t\t\t\t\t\t<img loading=\"lazy\" decoding=\"async\" width=\"800\" height=\"534\" src=\"https:\/\/pridewinnipeg.com\/wp-content\/uploads\/2021\/07\/PrideParade06-02-2019-15-of-72.jpg\" class=\"attachment-large size-large wp-image-2854\" alt=\"person parading in pride costume holding an umbrella\" srcset=\"https:\/\/pridewinnipeg.com\/wp-content\/uploads\/2021\/07\/PrideParade06-02-2019-15-of-72.jpg 800w, https:\/\/pridewinnipeg.com\/wp-content\/uploads\/2021\/07\/PrideParade06-02-2019-15-of-72-300x200.jpg 300w, https:\/\/pridewinnipeg.com\/wp-content\/uploads\/2021\/07\/PrideParade06-02-2019-15-of-72-768x513.jpg 768w, https:\/\/pridewinnipeg.com\/wp-content\/uploads\/2021\/07\/PrideParade06-02-2019-15-of-72-16x12.jpg 16w\" sizes=\"(max-width: 800px) 100vw, 800px\" \/>\t\t\t\t\t\t\t\t<\/a>\n\t\t\t\t\t\t\t\t\t\t\t\t\t\t\t<\/div>\n\t\t\t\t<\/div>\n\t\t\t\t<div class=\"elementor-element elementor-element-9caa69c elementor-widget elementor-widget-heading\" data-id=\"9caa69c\" data-element_type=\"widget\" data-e-type=\"widget\" data-widget_type=\"heading.default\">\n\t\t\t\t<div class=\"elementor-widget-container\">\n\t\t\t\t\t<h3 class=\"elementor-heading-title elementor-size-default\"><a  href=\"https:\/\/pridewinnipeg.com\/f\/?goto=AB8SHFxaHhIeHxwNBg4BBB0dF1RaCgUbXwgTHhYREQEGAwoW\">Publicit\u00e9<\/a><\/h3>\t\t\t\t<\/div>\n\t\t\t\t<\/div>\n\t\t\t\t\t<\/div>\n\t\t<\/div>\n\t\t\t\t\t<\/div>\n\t\t<\/section>\n\t\t\t\t\t<\/div>\n\t\t<\/div>\n\t\t\t\t\t<\/div>\n\t\t<\/section>\n\t\t\t\t<\/div>","protected":false},"excerpt":{"rendered":"<p>GET INVOLVED \u2013 Pride Winnipeg is a volunteer-run organization &#8211; and we count on our community and our allies to make the Pride Festival, as&hellip;<\/p>","protected":false},"author":1,"featured_media":0,"parent":0,"menu_order":0,"comment_status":"closed","ping_status":"closed","template":"","meta":{"_exactmetrics_skip_tracking":false,"_exactmetrics_sitenote_active":false,"_exactmetrics_sitenote_note":"","_exactmetrics_sitenote_category":0,"footnotes":""},"class_list":["post-1552","page","type-page","status-publish","hentry"],"_links":{"self":[{"href":"https:\/\/pridewinnipeg.com\/f\/wp-json\/wp\/v2\/pages\/1552","targetHints":{"allow":["GET"]}}],"collection":[{"href":"https:\/\/pridewinnipeg.com\/f\/wp-json\/wp\/v2\/pages"}],"about":[{"href":"https:\/\/pridewinnipeg.com\/f\/wp-json\/wp\/v2\/types\/page"}],"author":[{"embeddable":true,"href":"https:\/\/pridewinnipeg.com\/f\/wp-json\/wp\/v2\/users\/1"}],"replies":[{"embeddable":true,"href":"https:\/\/pridewinnipeg.com\/f\/wp-json\/wp\/v2\/comments?post=1552"}],"version-history":[{"count":49,"href":"https:\/\/pridewinnipeg.com\/f\/wp-json\/wp\/v2\/pages\/1552\/revisions"}],"predecessor-version":[{"id":5241,"href":"https:\/\/pridewinnipeg.com\/f\/wp-json\/wp\/v2\/pages\/1552\/revisions\/5241"}],"wp:attachment":[{"href":"https:\/\/pridewinnipeg.com\/f\/wp-json\/wp\/v2\/media?parent=1552"}],"curies":[{"name":"wp","href":"https:\/\/api.w.org\/{rel}","templated":true}]}}